{"id":31186,"date":"2025-11-08T23:53:48","date_gmt":"2025-11-08T22:53:48","guid":{"rendered":"https:\/\/eterle.cz\/eshop\/produkt\/stojaci-lampa-s-ovesy\/"},"modified":"2025-12-05T22:33:04","modified_gmt":"2025-12-05T21:33:04","slug":"stojaci-lampa-s-ovesy","status":"publish","type":"product","link":"https:\/\/eterle.cz\/eshop\/produkt\/stojaci-lampa-s-ovesy\/","title":{"rendered":"Stojac\u00ed lampa s ov\u011bsy"},"content":{"rendered":"<p>Lehkost, lesk a jemn\u00e1 nostalgie 70. let min. stolet\u00ed. Stojac\u00ed lampa s kovovou konstrukc\u00ed v kr\u00e9mov\u00e9m laku a v\u00e1lcov\u00fdm st\u00ednidlem, kter\u00e9 tvo\u0159\u00ed st\u0159\u00eddaj\u00edc\u00ed se akryl\u00e1tov\u00e9 p\u00e1sky a z\u00e1v\u011bsn\u00e9 krystaly na mosazn\u00e9m r\u00e1mu. Sv\u011btlo se mezi nimi l\u00e1me a rozptyluje do prostoru s hrou drobn\u00fdch odlesk\u016f \u2013 p\u016fsob\u00ed t\u00e9m\u011b\u0159 filmov\u011b.<\/p>\n<p>Stav: m\u00edsty od\u0159en\u00fd lak na z\u00e1kladn\u011b, el. p\u016fvodn\u00ed a funk\u010dn\u00ed<br \/>\nRozm\u011br<br \/>\nV\u00fd\u0161ka: 128 cm<br \/>\nPr\u016fm\u011br: 35 cm<br \/>\nV\u00e1ha: 8,1 kg<\/p>\n<p>&nbsp;<\/p>\n","protected":false},"excerpt":{"rendered":"<p>Lehkost, lesk a jemn\u00e1 nostalgie 70. let min. stolet\u00ed. Stojac\u00ed lampa s kovovou konstrukc\u00ed v kr\u00e9mov\u00e9m laku a v\u00e1lcov\u00fdm st\u00ednidlem,<\/p>\n","protected":false},"featured_media":31188,"template":"","meta":[],"product_brand":[],"product_cat":[79,142],"product_tag":[],"class_list":{"0":"post-31186","1":"product","2":"type-product","3":"status-publish","4":"has-post-thumbnail","6":"product_cat-svetla","7":"product_cat-stojaci-lampy","8":"product_shipping_class-nadrozmerne","10":"first","11":"instock","12":"purchasable","13":"product-type-simple"},"_links":{"self":[{"href":"https:\/\/eterle.cz\/eshop\/wp-json\/wp\/v2\/product\/31186","targetHints":{"allow":["GET"]}}],"collection":[{"href":"https:\/\/eterle.cz\/eshop\/wp-json\/wp\/v2\/product"}],"about":[{"href":"https:\/\/eterle.cz\/eshop\/wp-json\/wp\/v2\/types\/product"}],"version-history":[{"count":1,"href":"https:\/\/eterle.cz\/eshop\/wp-json\/wp\/v2\/product\/31186\/revisions"}],"predecessor-version":[{"id":31187,"href":"https:\/\/eterle.cz\/eshop\/wp-json\/wp\/v2\/product\/31186\/revisions\/31187"}],"wp:featuredmedia":[{"embeddable":true,"href":"https:\/\/eterle.cz\/eshop\/wp-json\/wp\/v2\/media\/31188"}],"wp:attachment":[{"href":"https:\/\/eterle.cz\/eshop\/wp-json\/wp\/v2\/media?parent=31186"}],"wp:term":[{"taxonomy":"product_brand","embeddable":true,"href":"https:\/\/eterle.cz\/eshop\/wp-json\/wp\/v2\/product_brand?post=31186"},{"taxonomy":"product_cat","embeddable":true,"href":"https:\/\/eterle.cz\/eshop\/wp-json\/wp\/v2\/product_cat?post=31186"},{"taxonomy":"product_tag","embeddable":true,"href":"https:\/\/eterle.cz\/eshop\/wp-json\/wp\/v2\/product_tag?post=31186"}],"curies":[{"name":"wp","href":"https:\/\/api.w.org\/{rel}","templated":true}]}}