{"id":31197,"date":"2025-11-08T23:53:55","date_gmt":"2025-11-08T22:53:55","guid":{"rendered":"https:\/\/eterle.cz\/eshop\/produkt\/velky-lustr-3\/"},"modified":"2025-11-20T08:50:41","modified_gmt":"2025-11-20T07:50:41","slug":"velky-lustr-3","status":"publish","type":"product","link":"https:\/\/eterle.cz\/eshop\/produkt\/velky-lustr-3\/","title":{"rendered":"Velk\u00fd lustr"},"content":{"rendered":"<p>Velkorys\u00fd tvar a m\u011bkk\u00e9 sv\u011btlo. Z\u00e1v\u011bsn\u00e9 sv\u00edtidlo z foukan\u00e9ho op\u00e1lov\u00e9ho skla zaujme svou jednoduchost\u00ed a \u010distou lini\u00ed. Zav\u011b\u0161en\u00e9 na dlouh\u00e9 kovov\u00e9 ty\u010di p\u016fsob\u00ed jako elegantn\u00ed solit\u00e9r, kter\u00fd nech\u00e1v\u00e1 vyniknout samotn\u00e9 sv\u011btlo \u2013 rozpt\u00fdlen\u00e9, klidn\u00e9 a rovnom\u011brn\u00e9.<\/p>\n<p>Minimalistick\u00e1 forma s jemn\u011b organick\u00fdm obrysem p\u0159ipom\u00edn\u00e1 sv\u00edtidla \u010desk\u00e9ho pov\u00e1le\u010dn\u00e9ho designu 60.\u201370. let. Nad\u010dasov\u00fd kus, kter\u00fd p\u016fsob\u00ed p\u0159irozen\u011b jak v historick\u00e9m interi\u00e9ru, tak v modern\u00edm prostoru.<\/p>\n<p>Stav: velmi dobry, el. p\u016fvodn\u00ed, funk\u010dn\u00ed<br \/>\nRozm\u011br<br \/>\nV\u00fd\u0161ka: 104 cm<br \/>\nV\u00fd\u0161ka ty\u010de: 70 cm<br \/>\nPr\u016fm\u011br st\u00ednidla: 40 cm<br \/>\nVaha: 3,8 kg<\/p>\n<p>&nbsp;<\/p>\n","protected":false},"excerpt":{"rendered":"<p>Velkorys\u00fd tvar a m\u011bkk\u00e9 sv\u011btlo. Z\u00e1v\u011bsn\u00e9 sv\u00edtidlo z foukan\u00e9ho op\u00e1lov\u00e9ho skla zaujme svou jednoduchost\u00ed a \u010distou lini\u00ed. Zav\u011b\u0161en\u00e9 na dlouh\u00e9<\/p>\n","protected":false},"featured_media":31199,"template":"","meta":[],"product_brand":[],"product_cat":[91],"product_tag":[],"class_list":{"0":"post-31197","1":"product","2":"type-product","3":"status-publish","4":"has-post-thumbnail","6":"product_cat-prodane","7":"product_shipping_class-nadrozmerne","9":"first","10":"outofstock","11":"purchasable","12":"product-type-simple"},"_links":{"self":[{"href":"https:\/\/eterle.cz\/eshop\/wp-json\/wp\/v2\/product\/31197","targetHints":{"allow":["GET"]}}],"collection":[{"href":"https:\/\/eterle.cz\/eshop\/wp-json\/wp\/v2\/product"}],"about":[{"href":"https:\/\/eterle.cz\/eshop\/wp-json\/wp\/v2\/types\/product"}],"version-history":[{"count":3,"href":"https:\/\/eterle.cz\/eshop\/wp-json\/wp\/v2\/product\/31197\/revisions"}],"predecessor-version":[{"id":31668,"href":"https:\/\/eterle.cz\/eshop\/wp-json\/wp\/v2\/product\/31197\/revisions\/31668"}],"wp:featuredmedia":[{"embeddable":true,"href":"https:\/\/eterle.cz\/eshop\/wp-json\/wp\/v2\/media\/31199"}],"wp:attachment":[{"href":"https:\/\/eterle.cz\/eshop\/wp-json\/wp\/v2\/media?parent=31197"}],"wp:term":[{"taxonomy":"product_brand","embeddable":true,"href":"https:\/\/eterle.cz\/eshop\/wp-json\/wp\/v2\/product_brand?post=31197"},{"taxonomy":"product_cat","embeddable":true,"href":"https:\/\/eterle.cz\/eshop\/wp-json\/wp\/v2\/product_cat?post=31197"},{"taxonomy":"product_tag","embeddable":true,"href":"https:\/\/eterle.cz\/eshop\/wp-json\/wp\/v2\/product_tag?post=31197"}],"curies":[{"name":"wp","href":"https:\/\/api.w.org\/{rel}","templated":true}]}}