{"id":31205,"date":"2025-11-08T23:54:01","date_gmt":"2025-11-08T22:54:01","guid":{"rendered":"https:\/\/eterle.cz\/eshop\/produkt\/skleneny-lustr-4\/"},"modified":"2026-02-01T00:20:59","modified_gmt":"2026-01-31T23:20:59","slug":"skleneny-lustr-4","status":"publish","type":"product","link":"https:\/\/eterle.cz\/eshop\/produkt\/skleneny-lustr-4\/","title":{"rendered":"Sklen\u011bn\u00fd lustr"},"content":{"rendered":"<p>Z\u00e1\u0159iv\u00fd akcent sedmdes\u00e1t\u00fdch let. Konstrukce z kovu a \u010dir\u00e9ho skla tvo\u0159\u00ed geometrickou kompozici slo\u017eenou z drobn\u00fdch reli\u00e9fn\u00edch \u010dtverc\u016f, kter\u00e9 sv\u011btlo l\u00e1maj\u00ed do des\u00edtek odlesk\u016f. V\u00fdsledkem je efekt jisk\u0159iv\u00e9ho krystalu, kter\u00fd prom\u011b\u0148uje i oby\u010dejn\u00fd prostor v elegantn\u00ed sc\u00e9nu.<\/p>\n<p>Tento typ sv\u00edtidel se objevoval v modern\u00edch interi\u00e9rech 70. let po cel\u00e9 Evrop\u011b \u2013 spojen\u00ed pr\u016fmyslov\u00e9 estetiky a dekorativn\u00edho lesku p\u016fsob\u00ed dodnes sv\u011b\u017ee a s v\u00fdrazn\u00fdm retro kouzlem.<\/p>\n<p>Stav: el. p\u016fvodn\u00ed, funk\u010dn\u00ed<br \/>\nRozm\u011br<br \/>\nV\u00fd\u0161ka: 139 cm<br \/>\nPr\u016fm\u011br: 43 cm<br \/>\nV\u00e1ha: 9 kg<br \/>\nD\u00e9lka kabelu: 95 cm<\/p>\n<p>&nbsp;<\/p>\n","protected":false},"excerpt":{"rendered":"<p>Z\u00e1\u0159iv\u00fd akcent sedmdes\u00e1t\u00fdch let. Konstrukce z kovu a \u010dir\u00e9ho skla tvo\u0159\u00ed geometrickou kompozici slo\u017eenou z drobn\u00fdch reli\u00e9fn\u00edch \u010dtverc\u016f, kter\u00e9 sv\u011btlo<\/p>\n","protected":false},"featured_media":31207,"template":"","meta":[],"product_brand":[],"product_cat":[91],"product_tag":[],"class_list":{"0":"post-31205","1":"product","2":"type-product","3":"status-publish","4":"has-post-thumbnail","6":"product_cat-prodane","7":"product_shipping_class-nadrozmerne","9":"first","10":"outofstock","11":"purchasable","12":"product-type-simple"},"_links":{"self":[{"href":"https:\/\/eterle.cz\/eshop\/wp-json\/wp\/v2\/product\/31205","targetHints":{"allow":["GET"]}}],"collection":[{"href":"https:\/\/eterle.cz\/eshop\/wp-json\/wp\/v2\/product"}],"about":[{"href":"https:\/\/eterle.cz\/eshop\/wp-json\/wp\/v2\/types\/product"}],"version-history":[{"count":1,"href":"https:\/\/eterle.cz\/eshop\/wp-json\/wp\/v2\/product\/31205\/revisions"}],"predecessor-version":[{"id":31206,"href":"https:\/\/eterle.cz\/eshop\/wp-json\/wp\/v2\/product\/31205\/revisions\/31206"}],"wp:featuredmedia":[{"embeddable":true,"href":"https:\/\/eterle.cz\/eshop\/wp-json\/wp\/v2\/media\/31207"}],"wp:attachment":[{"href":"https:\/\/eterle.cz\/eshop\/wp-json\/wp\/v2\/media?parent=31205"}],"wp:term":[{"taxonomy":"product_brand","embeddable":true,"href":"https:\/\/eterle.cz\/eshop\/wp-json\/wp\/v2\/product_brand?post=31205"},{"taxonomy":"product_cat","embeddable":true,"href":"https:\/\/eterle.cz\/eshop\/wp-json\/wp\/v2\/product_cat?post=31205"},{"taxonomy":"product_tag","embeddable":true,"href":"https:\/\/eterle.cz\/eshop\/wp-json\/wp\/v2\/product_tag?post=31205"}],"curies":[{"name":"wp","href":"https:\/\/api.w.org\/{rel}","templated":true}]}}