{"id":31215,"date":"2025-11-08T23:54:07","date_gmt":"2025-11-08T22:54:07","guid":{"rendered":"https:\/\/eterle.cz\/eshop\/produkt\/lustr-ufo-napako-3\/"},"modified":"2025-12-10T19:47:15","modified_gmt":"2025-12-10T18:47:15","slug":"lustr-ufo-napako-3","status":"publish","type":"product","link":"https:\/\/eterle.cz\/eshop\/produkt\/lustr-ufo-napako-3\/","title":{"rendered":"Lustr Ufo \/ Napako"},"content":{"rendered":"<p>Ikonick\u00fd lustr &#8222;ufo&#8220; od v\u00fdrobce Napako poch\u00e1z\u00ed z obdob\u00ed funkcionalismu, 30. l\u00e9ta minul\u00e9ho stolet\u00ed. Byl zhotoven dle n\u00e1vrhu Josefa H\u016frky, kter\u00fd navrhl za svou kari\u00e9ru n\u011bkolik ikonick\u00fdch sv\u00edtidel.<\/p>\n<p>Stav: velmi dobr\u00fd, el. nov\u00e1<br \/>\nLustr Ufo<br \/>\nRozm\u011br<br \/>\nV\u00fd\u0161ka: 45 cm<br \/>\nPr\u016fm\u011br: 53 cm<br \/>\nV\u00fd\u0161ka ty\u010de: 33 cm<br \/>\nV\u00e1ha: 3kg<\/p>\n<p>&nbsp;<\/p>\n","protected":false},"excerpt":{"rendered":"<p>Ikonick\u00fd lustr &#8222;ufo&#8220; od v\u00fdrobce Napako poch\u00e1z\u00ed z obdob\u00ed funkcionalismu, 30. l\u00e9ta minul\u00e9ho stolet\u00ed. Byl zhotoven dle n\u00e1vrhu Josefa H\u016frky,<\/p>\n","protected":false},"featured_media":31217,"template":"","meta":[],"product_brand":[],"product_cat":[91],"product_tag":[],"class_list":{"0":"post-31215","1":"product","2":"type-product","3":"status-publish","4":"has-post-thumbnail","6":"product_cat-prodane","7":"product_shipping_class-nadrozmerne","9":"first","10":"outofstock","11":"purchasable","12":"product-type-simple"},"_links":{"self":[{"href":"https:\/\/eterle.cz\/eshop\/wp-json\/wp\/v2\/product\/31215","targetHints":{"allow":["GET"]}}],"collection":[{"href":"https:\/\/eterle.cz\/eshop\/wp-json\/wp\/v2\/product"}],"about":[{"href":"https:\/\/eterle.cz\/eshop\/wp-json\/wp\/v2\/types\/product"}],"version-history":[{"count":1,"href":"https:\/\/eterle.cz\/eshop\/wp-json\/wp\/v2\/product\/31215\/revisions"}],"predecessor-version":[{"id":31216,"href":"https:\/\/eterle.cz\/eshop\/wp-json\/wp\/v2\/product\/31215\/revisions\/31216"}],"wp:featuredmedia":[{"embeddable":true,"href":"https:\/\/eterle.cz\/eshop\/wp-json\/wp\/v2\/media\/31217"}],"wp:attachment":[{"href":"https:\/\/eterle.cz\/eshop\/wp-json\/wp\/v2\/media?parent=31215"}],"wp:term":[{"taxonomy":"product_brand","embeddable":true,"href":"https:\/\/eterle.cz\/eshop\/wp-json\/wp\/v2\/product_brand?post=31215"},{"taxonomy":"product_cat","embeddable":true,"href":"https:\/\/eterle.cz\/eshop\/wp-json\/wp\/v2\/product_cat?post=31215"},{"taxonomy":"product_tag","embeddable":true,"href":"https:\/\/eterle.cz\/eshop\/wp-json\/wp\/v2\/product_tag?post=31215"}],"curies":[{"name":"wp","href":"https:\/\/api.w.org\/{rel}","templated":true}]}}