{"id":31225,"date":"2025-11-08T23:54:14","date_gmt":"2025-11-08T22:54:14","guid":{"rendered":"https:\/\/eterle.cz\/eshop\/produkt\/lustr-15\/"},"modified":"2025-12-05T22:33:04","modified_gmt":"2025-12-05T21:33:04","slug":"lustr-15","status":"publish","type":"product","link":"https:\/\/eterle.cz\/eshop\/produkt\/lustr-15\/","title":{"rendered":"Lustr"},"content":{"rendered":"<p>Trojramenn\u00e9 subtiln\u00ed sv\u00edtidlo s kovovou konstrukc\u00ed a v\u00e1lcov\u00fdmi st\u00ednidly z lisovan\u00e9ho skla. Jeho strukturovan\u00fd povrch rozptyluje sv\u011btlo do jemn\u00e9ho t\u0159pytu, zat\u00edmco kovov\u00e9 prvky s lesklou povrchovou \u00fapravou dod\u00e1vaj\u00ed cel\u00e9 kompozici lehkost a p\u0159esnost.<\/p>\n<p>Stav: el. p\u016fvodn\u00ed, dobr\u00fd stav<br \/>\nRozm\u011br<br \/>\nV\u00fd\u0161ka: 58 cm<br \/>\nV\u00fd\u0161ka ty\u010de: 40 cm<br \/>\nPr\u016fm\u011br: 50<br \/>\nV\u00e1ha: 3,6 kg<\/p>\n<p>&nbsp;<\/p>\n","protected":false},"excerpt":{"rendered":"<p>Trojramenn\u00e9 subtiln\u00ed sv\u00edtidlo s kovovou konstrukc\u00ed a v\u00e1lcov\u00fdmi st\u00ednidly z lisovan\u00e9ho skla. Jeho strukturovan\u00fd povrch rozptyluje sv\u011btlo do jemn\u00e9ho t\u0159pytu,<\/p>\n","protected":false},"featured_media":31227,"template":"","meta":[],"product_brand":[],"product_cat":[79,140],"product_tag":[],"class_list":{"0":"post-31225","1":"product","2":"type-product","3":"status-publish","4":"has-post-thumbnail","6":"product_cat-svetla","7":"product_cat-lustry","8":"product_shipping_class-nadrozmerne","10":"first","11":"instock","12":"purchasable","13":"product-type-simple"},"_links":{"self":[{"href":"https:\/\/eterle.cz\/eshop\/wp-json\/wp\/v2\/product\/31225","targetHints":{"allow":["GET"]}}],"collection":[{"href":"https:\/\/eterle.cz\/eshop\/wp-json\/wp\/v2\/product"}],"about":[{"href":"https:\/\/eterle.cz\/eshop\/wp-json\/wp\/v2\/types\/product"}],"version-history":[{"count":1,"href":"https:\/\/eterle.cz\/eshop\/wp-json\/wp\/v2\/product\/31225\/revisions"}],"predecessor-version":[{"id":31226,"href":"https:\/\/eterle.cz\/eshop\/wp-json\/wp\/v2\/product\/31225\/revisions\/31226"}],"wp:featuredmedia":[{"embeddable":true,"href":"https:\/\/eterle.cz\/eshop\/wp-json\/wp\/v2\/media\/31227"}],"wp:attachment":[{"href":"https:\/\/eterle.cz\/eshop\/wp-json\/wp\/v2\/media?parent=31225"}],"wp:term":[{"taxonomy":"product_brand","embeddable":true,"href":"https:\/\/eterle.cz\/eshop\/wp-json\/wp\/v2\/product_brand?post=31225"},{"taxonomy":"product_cat","embeddable":true,"href":"https:\/\/eterle.cz\/eshop\/wp-json\/wp\/v2\/product_cat?post=31225"},{"taxonomy":"product_tag","embeddable":true,"href":"https:\/\/eterle.cz\/eshop\/wp-json\/wp\/v2\/product_tag?post=31225"}],"curies":[{"name":"wp","href":"https:\/\/api.w.org\/{rel}","templated":true}]}}