{"id":31235,"date":"2025-11-08T23:54:20","date_gmt":"2025-11-08T22:54:20","guid":{"rendered":"https:\/\/eterle.cz\/eshop\/produkt\/detsky-lustr-3\/"},"modified":"2026-04-21T13:00:14","modified_gmt":"2026-04-21T11:00:14","slug":"detsky-lustr-3","status":"publish","type":"product","link":"https:\/\/eterle.cz\/eshop\/produkt\/detsky-lustr-3\/","title":{"rendered":"D\u011btsk\u00fd lustr"},"content":{"rendered":"<p>Retro lustr do d\u011btsk\u00e9ho pokoj\u00ed\u010dku pro hol\u010di\u010dku nebo chlape\u010dka. Radost ud\u011bl\u00e1 jist\u011b ka\u017ed\u00e9mu d\u00edt\u011bti do sedmi let.<\/p>\n<p>Stav: el. p\u016fvodn\u00ed, funk\u010dn\u00ed<br \/>\nRozm\u011br<br \/>\nV\u00fd\u0161ka: 75 cm<br \/>\nV\u00fd\u0161ka ty\u010de: 45 cm<br \/>\nPr\u016fm\u011br st\u00ednidla: 26 cm<br \/>\nV\u00e1ha: 1,8 kg<\/p>\n<p>&nbsp;<\/p>\n","protected":false},"excerpt":{"rendered":"<p>Retro lustr do d\u011btsk\u00e9ho pokoj\u00ed\u010dku pro hol\u010di\u010dku nebo chlape\u010dka. Radost ud\u011bl\u00e1 jist\u011b ka\u017ed\u00e9mu d\u00edt\u011bti do sedmi let. Stav: el. p\u016fvodn\u00ed,<\/p>\n","protected":false},"featured_media":31237,"template":"","meta":[],"product_brand":[],"product_cat":[79,140],"product_tag":[],"class_list":{"0":"post-31235","1":"product","2":"type-product","3":"status-publish","4":"has-post-thumbnail","6":"product_cat-svetla","7":"product_cat-lustry","8":"product_shipping_class-nadrozmerne","10":"first","11":"instock","12":"purchasable","13":"product-type-simple"},"_links":{"self":[{"href":"https:\/\/eterle.cz\/eshop\/wp-json\/wp\/v2\/product\/31235","targetHints":{"allow":["GET"]}}],"collection":[{"href":"https:\/\/eterle.cz\/eshop\/wp-json\/wp\/v2\/product"}],"about":[{"href":"https:\/\/eterle.cz\/eshop\/wp-json\/wp\/v2\/types\/product"}],"version-history":[{"count":2,"href":"https:\/\/eterle.cz\/eshop\/wp-json\/wp\/v2\/product\/31235\/revisions"}],"predecessor-version":[{"id":36998,"href":"https:\/\/eterle.cz\/eshop\/wp-json\/wp\/v2\/product\/31235\/revisions\/36998"}],"wp:featuredmedia":[{"embeddable":true,"href":"https:\/\/eterle.cz\/eshop\/wp-json\/wp\/v2\/media\/31237"}],"wp:attachment":[{"href":"https:\/\/eterle.cz\/eshop\/wp-json\/wp\/v2\/media?parent=31235"}],"wp:term":[{"taxonomy":"product_brand","embeddable":true,"href":"https:\/\/eterle.cz\/eshop\/wp-json\/wp\/v2\/product_brand?post=31235"},{"taxonomy":"product_cat","embeddable":true,"href":"https:\/\/eterle.cz\/eshop\/wp-json\/wp\/v2\/product_cat?post=31235"},{"taxonomy":"product_tag","embeddable":true,"href":"https:\/\/eterle.cz\/eshop\/wp-json\/wp\/v2\/product_tag?post=31235"}],"curies":[{"name":"wp","href":"https:\/\/api.w.org\/{rel}","templated":true}]}}