{"id":31243,"date":"2025-11-08T23:54:26","date_gmt":"2025-11-08T22:54:26","guid":{"rendered":"https:\/\/eterle.cz\/eshop\/produkt\/maly-opalovy-lustr\/"},"modified":"2025-12-05T22:33:04","modified_gmt":"2025-12-05T21:33:04","slug":"maly-opalovy-lustr","status":"publish","type":"product","link":"https:\/\/eterle.cz\/eshop\/produkt\/maly-opalovy-lustr\/","title":{"rendered":"Mal\u00fd op\u00e1lov\u00fd lustr"},"content":{"rendered":"<p>Kompaktn\u00ed sv\u00edtidlo s kovov\u00fdm l\u00edmcem a st\u00ednidlem z op\u00e1lov\u00e9ho skla. Jemn\u00e1 perforace v horn\u00ed \u010d\u00e1sti propou\u0161t\u00ed sv\u011btlo v drobn\u00fdch bodech a dod\u00e1v\u00e1 lamp\u011b decentn\u00ed dekorativnost. Ide\u00e1ln\u00ed jako samostatn\u00e9 sv\u011btlo i v sestav\u011b nad j\u00eddeln\u00edm stolem.<\/p>\n<p>Stav: el. nov\u00e1, na doln\u00edm lemu drobn\u00e9 o\u0165uky viz foto<br \/>\nRozm\u011br<br \/>\nV\u00fd\u0161ka: 56 cm<br \/>\nV\u00fd\u0161ka ty\u010de: 22 cm<br \/>\nPr\u016fm\u011br st\u00ednidla: 15 cm<br \/>\nV\u00fd\u0161ka st\u00ednidla: 17 cm<br \/>\nV\u00e1ha: 0,6 kg<\/p>\n<p>&nbsp;<\/p>\n","protected":false},"excerpt":{"rendered":"<p>Kompaktn\u00ed sv\u00edtidlo s kovov\u00fdm l\u00edmcem a st\u00ednidlem z op\u00e1lov\u00e9ho skla. Jemn\u00e1 perforace v horn\u00ed \u010d\u00e1sti propou\u0161t\u00ed sv\u011btlo v drobn\u00fdch bodech<\/p>\n","protected":false},"featured_media":31245,"template":"","meta":[],"product_brand":[],"product_cat":[79,140],"product_tag":[],"class_list":{"0":"post-31243","1":"product","2":"type-product","3":"status-publish","4":"has-post-thumbnail","6":"product_cat-svetla","7":"product_cat-lustry","8":"product_shipping_class-nadrozmerne","10":"first","11":"instock","12":"purchasable","13":"product-type-simple"},"_links":{"self":[{"href":"https:\/\/eterle.cz\/eshop\/wp-json\/wp\/v2\/product\/31243","targetHints":{"allow":["GET"]}}],"collection":[{"href":"https:\/\/eterle.cz\/eshop\/wp-json\/wp\/v2\/product"}],"about":[{"href":"https:\/\/eterle.cz\/eshop\/wp-json\/wp\/v2\/types\/product"}],"version-history":[{"count":1,"href":"https:\/\/eterle.cz\/eshop\/wp-json\/wp\/v2\/product\/31243\/revisions"}],"predecessor-version":[{"id":31244,"href":"https:\/\/eterle.cz\/eshop\/wp-json\/wp\/v2\/product\/31243\/revisions\/31244"}],"wp:featuredmedia":[{"embeddable":true,"href":"https:\/\/eterle.cz\/eshop\/wp-json\/wp\/v2\/media\/31245"}],"wp:attachment":[{"href":"https:\/\/eterle.cz\/eshop\/wp-json\/wp\/v2\/media?parent=31243"}],"wp:term":[{"taxonomy":"product_brand","embeddable":true,"href":"https:\/\/eterle.cz\/eshop\/wp-json\/wp\/v2\/product_brand?post=31243"},{"taxonomy":"product_cat","embeddable":true,"href":"https:\/\/eterle.cz\/eshop\/wp-json\/wp\/v2\/product_cat?post=31243"},{"taxonomy":"product_tag","embeddable":true,"href":"https:\/\/eterle.cz\/eshop\/wp-json\/wp\/v2\/product_tag?post=31243"}],"curies":[{"name":"wp","href":"https:\/\/api.w.org\/{rel}","templated":true}]}}