{"id":31254,"date":"2025-11-08T23:54:33","date_gmt":"2025-11-08T22:54:33","guid":{"rendered":"https:\/\/eterle.cz\/eshop\/produkt\/lustr-16\/"},"modified":"2025-12-05T22:33:04","modified_gmt":"2025-12-05T21:33:04","slug":"lustr-16","status":"publish","type":"product","link":"https:\/\/eterle.cz\/eshop\/produkt\/lustr-16\/","title":{"rendered":"Lustr"},"content":{"rendered":"<p>Jemn\u011b prohnut\u00e1 ramena z chromovan\u00e9ho kovu d\u00e1vaj\u00ed lustru lehkost a plynul\u00fd pohyb. Nesou dvojici v\u00e1lcov\u00fdch st\u00ednidel z matn\u00e9ho skla a strukturovan\u00e9ho skla tvo\u0159\u00edc\u00ed geometrick\u00fdm dekorem, kter\u00fd se v rozsv\u00edcen\u00e9m sv\u011btle decentn\u011b leskne.<\/p>\n<p>Stav: el. p\u016fvodn\u00ed, funk\u010dn\u00ed<br \/>\nRozm\u011br<br \/>\nV\u00fd\u0161ka: 70 cm<br \/>\nV\u00fd\u0161ka ty\u010de: 57 cm<br \/>\nV\u00fd\u0161ka st\u00ednidla: 15 cm<br \/>\nPr\u016fm\u011br st\u00ednidla: 14 cm<br \/>\n\u0160\u00ed\u0159ka: 50 cm<br \/>\nV\u00e1ha: 1,8 kg<\/p>\n<p>&nbsp;<\/p>\n","protected":false},"excerpt":{"rendered":"<p>Jemn\u011b prohnut\u00e1 ramena z chromovan\u00e9ho kovu d\u00e1vaj\u00ed lustru lehkost a plynul\u00fd pohyb. Nesou dvojici v\u00e1lcov\u00fdch st\u00ednidel z matn\u00e9ho skla a<\/p>\n","protected":false},"featured_media":31256,"template":"","meta":[],"product_brand":[],"product_cat":[79,140],"product_tag":[],"class_list":{"0":"post-31254","1":"product","2":"type-product","3":"status-publish","4":"has-post-thumbnail","6":"product_cat-svetla","7":"product_cat-lustry","8":"product_shipping_class-nadrozmerne","10":"first","11":"instock","12":"purchasable","13":"product-type-simple"},"_links":{"self":[{"href":"https:\/\/eterle.cz\/eshop\/wp-json\/wp\/v2\/product\/31254","targetHints":{"allow":["GET"]}}],"collection":[{"href":"https:\/\/eterle.cz\/eshop\/wp-json\/wp\/v2\/product"}],"about":[{"href":"https:\/\/eterle.cz\/eshop\/wp-json\/wp\/v2\/types\/product"}],"version-history":[{"count":1,"href":"https:\/\/eterle.cz\/eshop\/wp-json\/wp\/v2\/product\/31254\/revisions"}],"predecessor-version":[{"id":31255,"href":"https:\/\/eterle.cz\/eshop\/wp-json\/wp\/v2\/product\/31254\/revisions\/31255"}],"wp:featuredmedia":[{"embeddable":true,"href":"https:\/\/eterle.cz\/eshop\/wp-json\/wp\/v2\/media\/31256"}],"wp:attachment":[{"href":"https:\/\/eterle.cz\/eshop\/wp-json\/wp\/v2\/media?parent=31254"}],"wp:term":[{"taxonomy":"product_brand","embeddable":true,"href":"https:\/\/eterle.cz\/eshop\/wp-json\/wp\/v2\/product_brand?post=31254"},{"taxonomy":"product_cat","embeddable":true,"href":"https:\/\/eterle.cz\/eshop\/wp-json\/wp\/v2\/product_cat?post=31254"},{"taxonomy":"product_tag","embeddable":true,"href":"https:\/\/eterle.cz\/eshop\/wp-json\/wp\/v2\/product_tag?post=31254"}],"curies":[{"name":"wp","href":"https:\/\/api.w.org\/{rel}","templated":true}]}}