{"id":31263,"date":"2025-11-08T23:54:39","date_gmt":"2025-11-08T22:54:39","guid":{"rendered":"https:\/\/eterle.cz\/eshop\/produkt\/lustr-art-deco-5\/"},"modified":"2025-12-05T22:33:04","modified_gmt":"2025-12-05T21:33:04","slug":"lustr-art-deco-5","status":"publish","type":"product","link":"https:\/\/eterle.cz\/eshop\/produkt\/lustr-art-deco-5\/","title":{"rendered":"Lustr Art deco"},"content":{"rendered":"<p>Toto sv\u00edtidlo kr\u00e1sn\u011b zapad\u00e1 do estetiky art deco a ran\u00e9ho funkcionalismu. Typick\u00e9 jsou pro n\u011bj \u010dist\u00e9 linie a kombinace matn\u00e9ho a \u010dir\u00e9ho skla, dopln\u011bn\u00e1 o jemn\u00fd geometrick\u00fd dekor a decentn\u00ed \u010derven\u00fd lem, kter\u00fd cel\u00fd tvar elegantn\u011b uzav\u00edr\u00e1. D\u0159ev\u011bn\u00e9 a mosazn\u00e9 detaily dod\u00e1vaj\u00ed lamp\u011b tepl\u00fd, \u0159emesln\u00fd charakter a p\u016fvab ru\u010dn\u00ed pr\u00e1ce.<\/p>\n<p>P\u016fsob\u00ed klidn\u011b, kultivovan\u011b a p\u0159itom m\u00e1 v sob\u011b noblesu meziv\u00e1le\u010dn\u00e9 doby \u2013 obdob\u00ed, kdy se sv\u011btlo st\u00e1valo nejen funk\u010dn\u00edm prvkem, ale i symbolem stylu a harmonie.<\/p>\n<p>Stav: el. nov\u00e1, kovov\u00fd kryt patina<br \/>\nRozm\u011br<br \/>\nV\u00fd\u0161ka: 36 cm<br \/>\nPr\u016fm\u011br: 30 cm<br \/>\nV\u00e1ha: 1,8 kg<\/p>\n<p>&nbsp;<\/p>\n","protected":false},"excerpt":{"rendered":"<p>Toto sv\u00edtidlo kr\u00e1sn\u011b zapad\u00e1 do estetiky art deco a ran\u00e9ho funkcionalismu. Typick\u00e9 jsou pro n\u011bj \u010dist\u00e9 linie a kombinace matn\u00e9ho<\/p>\n","protected":false},"featured_media":31265,"template":"","meta":[],"product_brand":[],"product_cat":[79,140],"product_tag":[],"class_list":{"0":"post-31263","1":"product","2":"type-product","3":"status-publish","4":"has-post-thumbnail","6":"product_cat-svetla","7":"product_cat-lustry","8":"product_shipping_class-nadrozmerne","10":"first","11":"instock","12":"purchasable","13":"product-type-simple"},"_links":{"self":[{"href":"https:\/\/eterle.cz\/eshop\/wp-json\/wp\/v2\/product\/31263","targetHints":{"allow":["GET"]}}],"collection":[{"href":"https:\/\/eterle.cz\/eshop\/wp-json\/wp\/v2\/product"}],"about":[{"href":"https:\/\/eterle.cz\/eshop\/wp-json\/wp\/v2\/types\/product"}],"version-history":[{"count":1,"href":"https:\/\/eterle.cz\/eshop\/wp-json\/wp\/v2\/product\/31263\/revisions"}],"predecessor-version":[{"id":31264,"href":"https:\/\/eterle.cz\/eshop\/wp-json\/wp\/v2\/product\/31263\/revisions\/31264"}],"wp:featuredmedia":[{"embeddable":true,"href":"https:\/\/eterle.cz\/eshop\/wp-json\/wp\/v2\/media\/31265"}],"wp:attachment":[{"href":"https:\/\/eterle.cz\/eshop\/wp-json\/wp\/v2\/media?parent=31263"}],"wp:term":[{"taxonomy":"product_brand","embeddable":true,"href":"https:\/\/eterle.cz\/eshop\/wp-json\/wp\/v2\/product_brand?post=31263"},{"taxonomy":"product_cat","embeddable":true,"href":"https:\/\/eterle.cz\/eshop\/wp-json\/wp\/v2\/product_cat?post=31263"},{"taxonomy":"product_tag","embeddable":true,"href":"https:\/\/eterle.cz\/eshop\/wp-json\/wp\/v2\/product_tag?post=31263"}],"curies":[{"name":"wp","href":"https:\/\/api.w.org\/{rel}","templated":true}]}}