{"id":31271,"date":"2025-11-08T23:54:44","date_gmt":"2025-11-08T22:54:44","guid":{"rendered":"https:\/\/eterle.cz\/eshop\/produkt\/lustr-10-ramenny\/"},"modified":"2025-12-05T22:33:04","modified_gmt":"2025-12-05T21:33:04","slug":"lustr-10-ramenny","status":"publish","type":"product","link":"https:\/\/eterle.cz\/eshop\/produkt\/lustr-10-ramenny\/","title":{"rendered":"Lustr 10 ramenn\u00fd"},"content":{"rendered":"<p>Tento lustr p\u016fsob\u00ed jako elegantn\u00ed kv\u011bt rozvinut\u00fd do prostoru. Kovov\u00e1 konstrukce s deseti rameny nese sklen\u011bn\u00e1 st\u00ednidla ve tvaru kaly, jejich\u017e jemn\u011b zak\u0159iven\u00e9 linie se potk\u00e1vaj\u00ed v leskl\u00e9m chromu uprost\u0159ed. V rozsv\u00edcen\u00e9m stavu vytv\u00e1\u0159\u00ed sv\u011btlo m\u011bkkou z\u00e1\u0159i a odlesky, kter\u00e9 se odr\u00e1\u017eej\u00ed v kovu i skle, a d\u00e1vaj\u00ed sv\u00edtidlu \u017eiv\u00fd, t\u00e9m\u011b\u0159 organick\u00fd charakter.<\/p>\n<p>Stav: el. p\u016fvodn\u00ed, funk\u010dn\u00ed<br \/>\nRozm\u011br<br \/>\nV\u00fd\u0161ka: 55 cm<br \/>\nV\u00fd\u0161ka ty\u010de: 39 cm<br \/>\nPr\u016fm\u011br: 80 cm<br \/>\nV\u00e1ha: 4,2 kg<\/p>\n<p>&nbsp;<\/p>\n","protected":false},"excerpt":{"rendered":"<p>Tento lustr p\u016fsob\u00ed jako elegantn\u00ed kv\u011bt rozvinut\u00fd do prostoru. Kovov\u00e1 konstrukce s deseti rameny nese sklen\u011bn\u00e1 st\u00ednidla ve tvaru kaly,<\/p>\n","protected":false},"featured_media":31273,"template":"","meta":[],"product_brand":[],"product_cat":[79,140],"product_tag":[],"class_list":{"0":"post-31271","1":"product","2":"type-product","3":"status-publish","4":"has-post-thumbnail","6":"product_cat-svetla","7":"product_cat-lustry","8":"product_shipping_class-nadrozmerne","10":"first","11":"instock","12":"purchasable","13":"product-type-simple"},"_links":{"self":[{"href":"https:\/\/eterle.cz\/eshop\/wp-json\/wp\/v2\/product\/31271","targetHints":{"allow":["GET"]}}],"collection":[{"href":"https:\/\/eterle.cz\/eshop\/wp-json\/wp\/v2\/product"}],"about":[{"href":"https:\/\/eterle.cz\/eshop\/wp-json\/wp\/v2\/types\/product"}],"version-history":[{"count":1,"href":"https:\/\/eterle.cz\/eshop\/wp-json\/wp\/v2\/product\/31271\/revisions"}],"predecessor-version":[{"id":31272,"href":"https:\/\/eterle.cz\/eshop\/wp-json\/wp\/v2\/product\/31271\/revisions\/31272"}],"wp:featuredmedia":[{"embeddable":true,"href":"https:\/\/eterle.cz\/eshop\/wp-json\/wp\/v2\/media\/31273"}],"wp:attachment":[{"href":"https:\/\/eterle.cz\/eshop\/wp-json\/wp\/v2\/media?parent=31271"}],"wp:term":[{"taxonomy":"product_brand","embeddable":true,"href":"https:\/\/eterle.cz\/eshop\/wp-json\/wp\/v2\/product_brand?post=31271"},{"taxonomy":"product_cat","embeddable":true,"href":"https:\/\/eterle.cz\/eshop\/wp-json\/wp\/v2\/product_cat?post=31271"},{"taxonomy":"product_tag","embeddable":true,"href":"https:\/\/eterle.cz\/eshop\/wp-json\/wp\/v2\/product_tag?post=31271"}],"curies":[{"name":"wp","href":"https:\/\/api.w.org\/{rel}","templated":true}]}}