{"id":31288,"date":"2025-11-08T23:54:55","date_gmt":"2025-11-08T22:54:55","guid":{"rendered":"https:\/\/eterle.cz\/eshop\/produkt\/lustr-plasticky\/"},"modified":"2025-12-05T22:33:03","modified_gmt":"2025-12-05T21:33:03","slug":"lustr-plasticky","status":"publish","type":"product","link":"https:\/\/eterle.cz\/eshop\/produkt\/lustr-plasticky\/","title":{"rendered":"Lustr plastick\u00fd"},"content":{"rendered":"<p>Lustr, kter\u00fd zaujme symetrickou siluetou a plastick\u00fdm povrchem, kter\u00fd sv\u011btlo rozptyluje do m\u011bkk\u00e9ho, rovnom\u011brn\u00e9ho svitu. St\u00ednidlo z op\u00e1lov\u00e9ho skla s jemn\u00fdm reli\u00e9fem v podob\u011b pravideln\u00e9 m\u0159\u00ed\u017eky vytv\u00e1\u0159\u00ed dojem struktury, ale z\u016fst\u00e1v\u00e1 vizu\u00e1ln\u011b klidn\u00e9 a vyv\u00e1\u017een\u00e9.<\/p>\n<p>Stav: el. nov\u00e1<br \/>\nRozm\u011br<br \/>\nV\u00fd\u0161ka: 90 cm<br \/>\nV\u00fd\u0161ka ty\u010de: 55 cm<br \/>\nPr\u016fm\u011br st\u00ednidla: 40 cm<br \/>\nV\u00e1ha: 3 kg<\/p>\n<p>&nbsp;<\/p>\n","protected":false},"excerpt":{"rendered":"<p>Lustr, kter\u00fd zaujme symetrickou siluetou a plastick\u00fdm povrchem, kter\u00fd sv\u011btlo rozptyluje do m\u011bkk\u00e9ho, rovnom\u011brn\u00e9ho svitu. St\u00ednidlo z op\u00e1lov\u00e9ho skla s<\/p>\n","protected":false},"featured_media":31290,"template":"","meta":[],"product_brand":[],"product_cat":[79,140],"product_tag":[],"class_list":{"0":"post-31288","1":"product","2":"type-product","3":"status-publish","4":"has-post-thumbnail","6":"product_cat-svetla","7":"product_cat-lustry","8":"product_shipping_class-nadrozmerne","10":"first","11":"instock","12":"purchasable","13":"product-type-simple"},"_links":{"self":[{"href":"https:\/\/eterle.cz\/eshop\/wp-json\/wp\/v2\/product\/31288","targetHints":{"allow":["GET"]}}],"collection":[{"href":"https:\/\/eterle.cz\/eshop\/wp-json\/wp\/v2\/product"}],"about":[{"href":"https:\/\/eterle.cz\/eshop\/wp-json\/wp\/v2\/types\/product"}],"version-history":[{"count":1,"href":"https:\/\/eterle.cz\/eshop\/wp-json\/wp\/v2\/product\/31288\/revisions"}],"predecessor-version":[{"id":31289,"href":"https:\/\/eterle.cz\/eshop\/wp-json\/wp\/v2\/product\/31288\/revisions\/31289"}],"wp:featuredmedia":[{"embeddable":true,"href":"https:\/\/eterle.cz\/eshop\/wp-json\/wp\/v2\/media\/31290"}],"wp:attachment":[{"href":"https:\/\/eterle.cz\/eshop\/wp-json\/wp\/v2\/media?parent=31288"}],"wp:term":[{"taxonomy":"product_brand","embeddable":true,"href":"https:\/\/eterle.cz\/eshop\/wp-json\/wp\/v2\/product_brand?post=31288"},{"taxonomy":"product_cat","embeddable":true,"href":"https:\/\/eterle.cz\/eshop\/wp-json\/wp\/v2\/product_cat?post=31288"},{"taxonomy":"product_tag","embeddable":true,"href":"https:\/\/eterle.cz\/eshop\/wp-json\/wp\/v2\/product_tag?post=31288"}],"curies":[{"name":"wp","href":"https:\/\/api.w.org\/{rel}","templated":true}]}}