{"id":31297,"date":"2025-11-08T23:55:00","date_gmt":"2025-11-08T22:55:00","guid":{"rendered":"https:\/\/eterle.cz\/eshop\/produkt\/lustr-plechovy-zluty\/"},"modified":"2025-12-05T22:33:03","modified_gmt":"2025-12-05T21:33:03","slug":"lustr-plechovy-zluty","status":"publish","type":"product","link":"https:\/\/eterle.cz\/eshop\/produkt\/lustr-plechovy-zluty\/","title":{"rendered":"Lustr plechov\u00fd \u017elut\u00fd"},"content":{"rendered":"<p>Lustr, kter\u00fd zaujme v\u00fdraznou barvou i sv\u00fdm ladn\u00fdm tvarem. Horn\u00ed kovov\u00e1  \u010d\u00e1st z kovu, v tepl\u00e9m ho\u0159\u010dicov\u00e9m odst\u00ednu, tvo\u0159\u00ed m\u011blk\u00fd disk, kter\u00fd p\u016fsob\u00ed, jako by se vzn\u00e1\u0161el v prostoru. Spodn\u00ed \u010d\u00e1st z matn\u00e9ho skla s ryt\u00fdmi kruhov\u00fdmi liniemi rozptyluje sv\u011btlo do jemn\u00fdch soust\u0159edn\u00fdch prstenc\u016f. Sv\u011btlo nese estetiku 60.\u201370. let minul\u00e9ho stolet\u00ed, kdy se do interi\u00e9r\u016f dost\u00e1valy syt\u00e9 barvy, tvarov\u00e1 \u010distota a decentn\u00ed hra sv\u011btla.<\/p>\n<p>Stav: el. p\u016fvodn\u00ed, funk\u010dn\u00ed<br \/>\nRozm\u011br<br \/>\nV\u00fd\u0161ka: 60 cm<br \/>\nV\u00fd\u0161ka ty\u010de: 35 cm<br \/>\nPr\u016fm\u011br st\u00ednidla: 44 cm<br \/>\nV\u00e1ha: 2,6 kg<\/p>\n<p>&nbsp;<\/p>\n","protected":false},"excerpt":{"rendered":"<p>Lustr, kter\u00fd zaujme v\u00fdraznou barvou i sv\u00fdm ladn\u00fdm tvarem. Horn\u00ed kovov\u00e1 \u010d\u00e1st z kovu, v tepl\u00e9m ho\u0159\u010dicov\u00e9m odst\u00ednu, tvo\u0159\u00ed m\u011blk\u00fd<\/p>\n","protected":false},"featured_media":31299,"template":"","meta":[],"product_brand":[],"product_cat":[79,140],"product_tag":[],"class_list":{"0":"post-31297","1":"product","2":"type-product","3":"status-publish","4":"has-post-thumbnail","6":"product_cat-svetla","7":"product_cat-lustry","8":"product_shipping_class-nadrozmerne","10":"first","11":"instock","12":"purchasable","13":"product-type-simple"},"_links":{"self":[{"href":"https:\/\/eterle.cz\/eshop\/wp-json\/wp\/v2\/product\/31297","targetHints":{"allow":["GET"]}}],"collection":[{"href":"https:\/\/eterle.cz\/eshop\/wp-json\/wp\/v2\/product"}],"about":[{"href":"https:\/\/eterle.cz\/eshop\/wp-json\/wp\/v2\/types\/product"}],"version-history":[{"count":1,"href":"https:\/\/eterle.cz\/eshop\/wp-json\/wp\/v2\/product\/31297\/revisions"}],"predecessor-version":[{"id":31298,"href":"https:\/\/eterle.cz\/eshop\/wp-json\/wp\/v2\/product\/31297\/revisions\/31298"}],"wp:featuredmedia":[{"embeddable":true,"href":"https:\/\/eterle.cz\/eshop\/wp-json\/wp\/v2\/media\/31299"}],"wp:attachment":[{"href":"https:\/\/eterle.cz\/eshop\/wp-json\/wp\/v2\/media?parent=31297"}],"wp:term":[{"taxonomy":"product_brand","embeddable":true,"href":"https:\/\/eterle.cz\/eshop\/wp-json\/wp\/v2\/product_brand?post=31297"},{"taxonomy":"product_cat","embeddable":true,"href":"https:\/\/eterle.cz\/eshop\/wp-json\/wp\/v2\/product_cat?post=31297"},{"taxonomy":"product_tag","embeddable":true,"href":"https:\/\/eterle.cz\/eshop\/wp-json\/wp\/v2\/product_tag?post=31297"}],"curies":[{"name":"wp","href":"https:\/\/api.w.org\/{rel}","templated":true}]}}