{"id":31306,"date":"2025-11-08T23:55:06","date_gmt":"2025-11-08T22:55:06","guid":{"rendered":"https:\/\/eterle.cz\/eshop\/produkt\/lustr-ufo-ludib-bratislava\/"},"modified":"2026-01-20T21:23:32","modified_gmt":"2026-01-20T20:23:32","slug":"lustr-ufo-ludib-bratislava","status":"publish","type":"product","link":"https:\/\/eterle.cz\/eshop\/produkt\/lustr-ufo-ludib-bratislava\/","title":{"rendered":"Lustr &#8222;ufo&#8220; \/ \u013dudib Bratislava"},"content":{"rendered":"<p>Sv\u00edtidlo z produkce \u013dudib Bratislava nese charakteristick\u00fd rukopis 50. a 60. let minul\u00e9ho stolet\u00ed \u2013 kombinaci kovu, mosazi a skla, kter\u00e1 spojuje technickou p\u0159esnost s jemnou eleganc\u00ed. Tvar \u0161irok\u00e9ho disku s perforovan\u00fdmi p\u00e1sy odkazuje na estetiku vesm\u00edrn\u00e9ho v\u011bku i tehdej\u0161\u00ed v\u00edru v modern\u00ed design.<\/p>\n<p>Po rozsv\u00edcen\u00ed se sv\u011btlo rozptyluje skrze drobn\u00e9 otvory i matn\u00e9 sklo a vytv\u00e1\u0159\u00ed m\u011bkk\u00fd, z\u00e1rove\u0148 \u017eiv\u00fd efekt. Sv\u00edtidlo \u201eUfo\u201c p\u0159edstavuje kr\u00e1sn\u00fd p\u0159\u00edklad ran\u00e9ho pov\u00e1le\u010dn\u00e9ho modernismu \u2013 pevn\u00e9, promy\u0161len\u00e9 a s nezam\u011bniteln\u00fdm charakterem doby, kdy i ka\u017edodenn\u00ed p\u0159edm\u011bty m\u011bly odvahu b\u00fdt futuristick\u00e9.<\/p>\n<p>Stav: el. nov\u00e1<br \/>\nTna\u010dka: \u013dudib Bratislava<br \/>\nRozm\u011br<br \/>\nV\u00fd\u0161ka: 40 cm<br \/>\nV\u00fd\u0161ka ty\u010de: 17 cm<br \/>\nPr\u016fm\u011br st\u00ednidla: 50 cm<br \/>\nV\u00e1ha: 2,9 kg<\/p>\n<p>&nbsp;<\/p>\n","protected":false},"excerpt":{"rendered":"<p>Sv\u00edtidlo z produkce \u013dudib Bratislava nese charakteristick\u00fd rukopis 50. a 60. let minul\u00e9ho stolet\u00ed \u2013 kombinaci kovu, mosazi a skla,<\/p>\n","protected":false},"featured_media":31308,"template":"","meta":[],"product_brand":[],"product_cat":[91],"product_tag":[],"class_list":{"0":"post-31306","1":"product","2":"type-product","3":"status-publish","4":"has-post-thumbnail","6":"product_cat-prodane","7":"product_shipping_class-nadrozmerne","9":"first","10":"outofstock","11":"purchasable","12":"product-type-simple"},"_links":{"self":[{"href":"https:\/\/eterle.cz\/eshop\/wp-json\/wp\/v2\/product\/31306","targetHints":{"allow":["GET"]}}],"collection":[{"href":"https:\/\/eterle.cz\/eshop\/wp-json\/wp\/v2\/product"}],"about":[{"href":"https:\/\/eterle.cz\/eshop\/wp-json\/wp\/v2\/types\/product"}],"version-history":[{"count":1,"href":"https:\/\/eterle.cz\/eshop\/wp-json\/wp\/v2\/product\/31306\/revisions"}],"predecessor-version":[{"id":31307,"href":"https:\/\/eterle.cz\/eshop\/wp-json\/wp\/v2\/product\/31306\/revisions\/31307"}],"wp:featuredmedia":[{"embeddable":true,"href":"https:\/\/eterle.cz\/eshop\/wp-json\/wp\/v2\/media\/31308"}],"wp:attachment":[{"href":"https:\/\/eterle.cz\/eshop\/wp-json\/wp\/v2\/media?parent=31306"}],"wp:term":[{"taxonomy":"product_brand","embeddable":true,"href":"https:\/\/eterle.cz\/eshop\/wp-json\/wp\/v2\/product_brand?post=31306"},{"taxonomy":"product_cat","embeddable":true,"href":"https:\/\/eterle.cz\/eshop\/wp-json\/wp\/v2\/product_cat?post=31306"},{"taxonomy":"product_tag","embeddable":true,"href":"https:\/\/eterle.cz\/eshop\/wp-json\/wp\/v2\/product_tag?post=31306"}],"curies":[{"name":"wp","href":"https:\/\/api.w.org\/{rel}","templated":true}]}}