{"id":31324,"date":"2025-11-08T23:55:20","date_gmt":"2025-11-08T22:55:20","guid":{"rendered":"https:\/\/eterle.cz\/eshop\/produkt\/cerna-sklenena-koule\/"},"modified":"2025-12-06T13:18:09","modified_gmt":"2025-12-06T12:18:09","slug":"cerna-sklenena-koule","status":"publish","type":"product","link":"https:\/\/eterle.cz\/eshop\/produkt\/cerna-sklenena-koule\/","title":{"rendered":"\u010cern\u00e1 sklen\u011bn\u00e1 koule"},"content":{"rendered":"<p>Z\u00e1v\u011bsn\u00e9 sv\u00edtidlo s kou\u0159ov\u011b zbarven\u00fdm sklen\u011bn\u00fdm st\u00ednidlem ve tvaru koule je kr\u00e1snou uk\u00e1zkou minimalistick\u00e9ho designu. Kombinuje jemnou geometrii s tepl\u00fdm leskem mosazi a efektn\u00edm, ru\u010dn\u011b foukan\u00fdm sklem, kter\u00e9 p\u0159i rozsv\u00edcen\u00ed odhaluje drobn\u00e9 bublinky.<\/p>\n<p>Stav: el. nov\u00e1<br \/>\nRozm\u011br<br \/>\nV\u00fd\u0161ka: 91 cm<br \/>\nV\u00fd\u0161ka ty\u010de: 60 cm<br \/>\nPr\u016fm\u011br: 29 cm<br \/>\nV\u00e1ha: 2,2 kg<\/p>\n<p>&nbsp;<\/p>\n","protected":false},"excerpt":{"rendered":"<p>Z\u00e1v\u011bsn\u00e9 sv\u00edtidlo s kou\u0159ov\u011b zbarven\u00fdm sklen\u011bn\u00fdm st\u00ednidlem ve tvaru koule je kr\u00e1snou uk\u00e1zkou minimalistick\u00e9ho designu. Kombinuje jemnou geometrii s tepl\u00fdm<\/p>\n","protected":false},"featured_media":31427,"template":"","meta":[],"product_brand":[],"product_cat":[79,140],"product_tag":[],"class_list":{"0":"post-31324","1":"product","2":"type-product","3":"status-publish","4":"has-post-thumbnail","6":"product_cat-svetla","7":"product_cat-lustry","8":"product_shipping_class-nadrozmerne","10":"first","11":"instock","12":"purchasable","13":"product-type-simple"},"_links":{"self":[{"href":"https:\/\/eterle.cz\/eshop\/wp-json\/wp\/v2\/product\/31324","targetHints":{"allow":["GET"]}}],"collection":[{"href":"https:\/\/eterle.cz\/eshop\/wp-json\/wp\/v2\/product"}],"about":[{"href":"https:\/\/eterle.cz\/eshop\/wp-json\/wp\/v2\/types\/product"}],"version-history":[{"count":1,"href":"https:\/\/eterle.cz\/eshop\/wp-json\/wp\/v2\/product\/31324\/revisions"}],"predecessor-version":[{"id":31325,"href":"https:\/\/eterle.cz\/eshop\/wp-json\/wp\/v2\/product\/31324\/revisions\/31325"}],"wp:featuredmedia":[{"embeddable":true,"href":"https:\/\/eterle.cz\/eshop\/wp-json\/wp\/v2\/media\/31427"}],"wp:attachment":[{"href":"https:\/\/eterle.cz\/eshop\/wp-json\/wp\/v2\/media?parent=31324"}],"wp:term":[{"taxonomy":"product_brand","embeddable":true,"href":"https:\/\/eterle.cz\/eshop\/wp-json\/wp\/v2\/product_brand?post=31324"},{"taxonomy":"product_cat","embeddable":true,"href":"https:\/\/eterle.cz\/eshop\/wp-json\/wp\/v2\/product_cat?post=31324"},{"taxonomy":"product_tag","embeddable":true,"href":"https:\/\/eterle.cz\/eshop\/wp-json\/wp\/v2\/product_tag?post=31324"}],"curies":[{"name":"wp","href":"https:\/\/api.w.org\/{rel}","templated":true}]}}