{"id":31333,"date":"2025-11-08T23:55:26","date_gmt":"2025-11-08T22:55:26","guid":{"rendered":"https:\/\/eterle.cz\/eshop\/produkt\/lustr-ruzova-koule\/"},"modified":"2026-03-17T22:28:12","modified_gmt":"2026-03-17T21:28:12","slug":"lustr-ruzova-koule","status":"publish","type":"product","link":"https:\/\/eterle.cz\/eshop\/produkt\/lustr-ruzova-koule\/","title":{"rendered":"Lustr r\u016f\u017eov\u00e1 koule"},"content":{"rendered":"<p>Lustr s kulovit\u00fdm st\u00ednidlem z hutn\u00edho skla zaujme svou neobvyklou barvou \u2013 jemn\u011b r\u016f\u017eov\u00fd t\u00f3n s ml\u00e9\u010dn\u00fdm podkresem p\u016fsob\u00ed jako cukrov\u00e1 vata. Povrch skla nese charakteristickou strukturu vzniklou ru\u010dn\u00edm fouk\u00e1n\u00edm \u2013 drobn\u00e9 nepravidelnosti, kter\u00e9 mu dod\u00e1vaj\u00ed hloubku i autentick\u00fd, t\u00e9m\u011b\u0159 \u017eiv\u00fd v\u00fdraz. Kovov\u00e9 detaily v niklovan\u00e9m odst\u00ednu dopl\u0148uj\u00ed sklen\u011bnou kouli o decentn\u00ed kontrast. Ru\u010dn\u011b foukan\u00e9 sklo s jemnou vnit\u0159n\u00ed strukturou vytv\u00e1\u0159\u00ed p\u0159i rozsv\u00edcen\u00ed tepl\u00e9, m\u011bkk\u00e9 sv\u011btlo, kter\u00e9 prostor zalije klidnou, t\u00e9m\u011b\u0159 snovou atmosf\u00e9rou.<\/p>\n<p>Stav: el. nov\u00e1, vrchn\u00ed kryt trochu &#8222;obouchan\u00fd&#8220;<br \/>\nRozm\u011br<br \/>\nV\u00fd\u0161ka: 66 cm<br \/>\nV\u00fd\u0161ka ty\u010de: 38 cm<br \/>\nPr\u016fm\u011br: 27 cm<br \/>\nV\u00e1ha: 2,1 kg<\/p>\n<p>&nbsp;<\/p>\n","protected":false},"excerpt":{"rendered":"<p>Lustr s kulovit\u00fdm st\u00ednidlem z hutn\u00edho skla zaujme svou neobvyklou barvou \u2013 jemn\u011b r\u016f\u017eov\u00fd t\u00f3n s ml\u00e9\u010dn\u00fdm podkresem p\u016fsob\u00ed jako<\/p>\n","protected":false},"featured_media":31335,"template":"","meta":[],"product_brand":[],"product_cat":[91],"product_tag":[],"class_list":{"0":"post-31333","1":"product","2":"type-product","3":"status-publish","4":"has-post-thumbnail","6":"product_cat-prodane","7":"product_shipping_class-nadrozmerne","9":"first","10":"outofstock","11":"purchasable","12":"product-type-simple"},"_links":{"self":[{"href":"https:\/\/eterle.cz\/eshop\/wp-json\/wp\/v2\/product\/31333","targetHints":{"allow":["GET"]}}],"collection":[{"href":"https:\/\/eterle.cz\/eshop\/wp-json\/wp\/v2\/product"}],"about":[{"href":"https:\/\/eterle.cz\/eshop\/wp-json\/wp\/v2\/types\/product"}],"version-history":[{"count":1,"href":"https:\/\/eterle.cz\/eshop\/wp-json\/wp\/v2\/product\/31333\/revisions"}],"predecessor-version":[{"id":31334,"href":"https:\/\/eterle.cz\/eshop\/wp-json\/wp\/v2\/product\/31333\/revisions\/31334"}],"wp:featuredmedia":[{"embeddable":true,"href":"https:\/\/eterle.cz\/eshop\/wp-json\/wp\/v2\/media\/31335"}],"wp:attachment":[{"href":"https:\/\/eterle.cz\/eshop\/wp-json\/wp\/v2\/media?parent=31333"}],"wp:term":[{"taxonomy":"product_brand","embeddable":true,"href":"https:\/\/eterle.cz\/eshop\/wp-json\/wp\/v2\/product_brand?post=31333"},{"taxonomy":"product_cat","embeddable":true,"href":"https:\/\/eterle.cz\/eshop\/wp-json\/wp\/v2\/product_cat?post=31333"},{"taxonomy":"product_tag","embeddable":true,"href":"https:\/\/eterle.cz\/eshop\/wp-json\/wp\/v2\/product_tag?post=31333"}],"curies":[{"name":"wp","href":"https:\/\/api.w.org\/{rel}","templated":true}]}}