{"id":31342,"date":"2025-11-08T23:55:32","date_gmt":"2025-11-08T22:55:32","guid":{"rendered":"https:\/\/eterle.cz\/eshop\/produkt\/lustr-mala-koule\/"},"modified":"2025-12-05T22:33:03","modified_gmt":"2025-12-05T21:33:03","slug":"lustr-mala-koule","status":"publish","type":"product","link":"https:\/\/eterle.cz\/eshop\/produkt\/lustr-mala-koule\/","title":{"rendered":"Lustr mal\u00e1 koule"},"content":{"rendered":"<p>Lustr z op\u00e1lov\u00e9ho skla, kter\u00fd p\u016fsob\u00ed jako m\u011bs\u00edc v \u00fapl\u0148ku \u2013 klidn\u00fd, z\u00e1\u0159iv\u00fd a dokonale vyv\u00e1\u017een\u00fd. Jeho minimalistick\u00e1 forma a jemn\u011b rozpt\u00fdlen\u00e9 sv\u011btlo vytv\u00e1\u0159ej\u00ed pocit harmonie a ticha, kter\u00fd se nikdy neokouk\u00e1. Kovov\u00e9 detaily v niklovan\u00e9m odst\u00ednu dopl\u0148uj\u00ed \u010distotu tvaru a podtrhuj\u00ed nad\u010dasovou eleganci tohoto designu, kter\u00fd se snadno za\u010dlen\u00ed do jak\u00e9hokoli prostoru, od klasick\u00e9ho po modern\u00ed.<\/p>\n<p>Stav: el. nov\u00e1<br \/>\nRozm\u011br<br \/>\nV\u00fd\u0161ka: 45 cm<br \/>\nV\u00fd\u0161ka ty\u010de: 24 cm<br \/>\nPr\u016fm\u011br: 19 cm<br \/>\nV\u00e1ha: 0,9 kg<\/p>\n<p>&nbsp;<\/p>\n","protected":false},"excerpt":{"rendered":"<p>Lustr z op\u00e1lov\u00e9ho skla, kter\u00fd p\u016fsob\u00ed jako m\u011bs\u00edc v \u00fapl\u0148ku \u2013 klidn\u00fd, z\u00e1\u0159iv\u00fd a dokonale vyv\u00e1\u017een\u00fd. Jeho minimalistick\u00e1 forma a<\/p>\n","protected":false},"featured_media":31344,"template":"","meta":[],"product_brand":[],"product_cat":[79,140],"product_tag":[],"class_list":{"0":"post-31342","1":"product","2":"type-product","3":"status-publish","4":"has-post-thumbnail","6":"product_cat-svetla","7":"product_cat-lustry","8":"product_shipping_class-nadrozmerne","10":"first","11":"instock","12":"purchasable","13":"product-type-simple"},"_links":{"self":[{"href":"https:\/\/eterle.cz\/eshop\/wp-json\/wp\/v2\/product\/31342","targetHints":{"allow":["GET"]}}],"collection":[{"href":"https:\/\/eterle.cz\/eshop\/wp-json\/wp\/v2\/product"}],"about":[{"href":"https:\/\/eterle.cz\/eshop\/wp-json\/wp\/v2\/types\/product"}],"version-history":[{"count":1,"href":"https:\/\/eterle.cz\/eshop\/wp-json\/wp\/v2\/product\/31342\/revisions"}],"predecessor-version":[{"id":31343,"href":"https:\/\/eterle.cz\/eshop\/wp-json\/wp\/v2\/product\/31342\/revisions\/31343"}],"wp:featuredmedia":[{"embeddable":true,"href":"https:\/\/eterle.cz\/eshop\/wp-json\/wp\/v2\/media\/31344"}],"wp:attachment":[{"href":"https:\/\/eterle.cz\/eshop\/wp-json\/wp\/v2\/media?parent=31342"}],"wp:term":[{"taxonomy":"product_brand","embeddable":true,"href":"https:\/\/eterle.cz\/eshop\/wp-json\/wp\/v2\/product_brand?post=31342"},{"taxonomy":"product_cat","embeddable":true,"href":"https:\/\/eterle.cz\/eshop\/wp-json\/wp\/v2\/product_cat?post=31342"},{"taxonomy":"product_tag","embeddable":true,"href":"https:\/\/eterle.cz\/eshop\/wp-json\/wp\/v2\/product_tag?post=31342"}],"curies":[{"name":"wp","href":"https:\/\/api.w.org\/{rel}","templated":true}]}}