{"id":32184,"date":"2025-12-05T22:10:29","date_gmt":"2025-12-05T21:10:29","guid":{"rendered":"https:\/\/eterle.cz\/eshop\/produkt\/taburet-tulipan-halabala\/"},"modified":"2026-04-01T13:50:53","modified_gmt":"2026-04-01T11:50:53","slug":"taburet-tulipan-halabala","status":"publish","type":"product","link":"https:\/\/eterle.cz\/eshop\/produkt\/taburet-tulipan-halabala\/","title":{"rendered":"Taburet tulip\u00e1n \/ Halabala"},"content":{"rendered":"<p>Taburet \u201etulip\u00e1n\u201c od Jind\u0159icha Halabaly \u2013 ikonick\u00fd tvar, kter\u00fd pozn\u00e1te na prvn\u00ed pohled. M\u011bkk\u00e9, svisle \u010dlen\u011bn\u00e9 boky se sb\u00edhaj\u00ed do st\u0159edov\u00e9ho knofl\u00edku a vytv\u00e1\u0159ej\u00ed siluetu p\u0159ipom\u00ednaj\u00edc\u00ed rozev\u00edraj\u00edc\u00ed se kv\u011bt. Je to jeden z Halabalov\u00fdch nejpoeti\u010dt\u011bj\u0161\u00edch n\u00e1vrh\u016f, kter\u00fd i po desetilet\u00edch p\u016fsob\u00ed p\u0159\u00e1telsky a hrav\u011b.<\/p>\n<p>Taburet pro\u0161el kompletn\u00ed renovac\u00ed. Zvolili jsme l\u00e1tku s jemn\u00fdm botanick\u00fdm motivem na vanilkov\u00e9m podkladu, kter\u00e1 podtrhuje n\u011b\u017en\u00fd charakter tvaru a dod\u00e1v\u00e1 mu lehce nostalgick\u00fd, ale st\u00e1le velmi \u010dist\u00fd v\u00fdraz. <\/p>\n<p>&#8222;Tulip\u00e1n&#8220; je nad\u010dasov\u00fd solit\u00e9r \u2013 praktick\u00fd, dekorativn\u00ed a z\u00e1rove\u0148 ikonick\u00fd kus \u010desk\u00e9ho designu, kter\u00fd dok\u00e1\u017ee prostor rozsv\u00edtit jemnost\u00ed i osobitost\u00ed.<\/p>\n<p>Stav: po celkov\u00e9 renovaci<br \/>\nZna\u010dka: Jind\u0159ich Halabala<br \/>\nRozm\u011br<br \/>\nV\u00fd\u0161ka: 42 cm<br \/>\nPr\u016fm\u011br: 40 cm<\/p>\n<p>&nbsp;<\/p>\n","protected":false},"excerpt":{"rendered":"<p>Taburet \u201etulip\u00e1n\u201c od Jind\u0159icha Halabaly \u2013 ikonick\u00fd tvar, kter\u00fd pozn\u00e1te na prvn\u00ed pohled. M\u011bkk\u00e9, svisle \u010dlen\u011bn\u00e9 boky se sb\u00edhaj\u00ed do<\/p>\n","protected":false},"featured_media":32186,"template":"","meta":[],"product_brand":[],"product_cat":[130,122],"product_tag":[],"class_list":{"0":"post-32184","1":"product","2":"type-product","3":"status-publish","4":"has-post-thumbnail","6":"product_cat-nabytek","7":"product_cat-kresla-a-taburety","8":"product_shipping_class-nadrozmerne","10":"first","11":"instock","12":"purchasable","13":"product-type-simple"},"_links":{"self":[{"href":"https:\/\/eterle.cz\/eshop\/wp-json\/wp\/v2\/product\/32184","targetHints":{"allow":["GET"]}}],"collection":[{"href":"https:\/\/eterle.cz\/eshop\/wp-json\/wp\/v2\/product"}],"about":[{"href":"https:\/\/eterle.cz\/eshop\/wp-json\/wp\/v2\/types\/product"}],"version-history":[{"count":1,"href":"https:\/\/eterle.cz\/eshop\/wp-json\/wp\/v2\/product\/32184\/revisions"}],"predecessor-version":[{"id":32185,"href":"https:\/\/eterle.cz\/eshop\/wp-json\/wp\/v2\/product\/32184\/revisions\/32185"}],"wp:featuredmedia":[{"embeddable":true,"href":"https:\/\/eterle.cz\/eshop\/wp-json\/wp\/v2\/media\/32186"}],"wp:attachment":[{"href":"https:\/\/eterle.cz\/eshop\/wp-json\/wp\/v2\/media?parent=32184"}],"wp:term":[{"taxonomy":"product_brand","embeddable":true,"href":"https:\/\/eterle.cz\/eshop\/wp-json\/wp\/v2\/product_brand?post=32184"},{"taxonomy":"product_cat","embeddable":true,"href":"https:\/\/eterle.cz\/eshop\/wp-json\/wp\/v2\/product_cat?post=32184"},{"taxonomy":"product_tag","embeddable":true,"href":"https:\/\/eterle.cz\/eshop\/wp-json\/wp\/v2\/product_tag?post=32184"}],"curies":[{"name":"wp","href":"https:\/\/api.w.org\/{rel}","templated":true}]}}