{"id":32198,"date":"2025-12-05T22:10:57","date_gmt":"2025-12-05T21:10:57","guid":{"rendered":"https:\/\/eterle.cz\/eshop\/produkt\/odkladaci-stolek-2\/"},"modified":"2025-12-15T15:46:07","modified_gmt":"2025-12-15T14:46:07","slug":"odkladaci-stolek-2","status":"publish","type":"product","link":"https:\/\/eterle.cz\/eshop\/produkt\/odkladaci-stolek-2\/","title":{"rendered":"Odkl\u00e1dac\u00ed stolek"},"content":{"rendered":"<p>Mal\u00fd d\u0159ev\u011bn\u00fd stolek s p\u0159\u00edjemn\u011b kompaktn\u00edmi proporcemi a praktickou spodn\u00ed polic\u00ed. Jeho tvar je jednoduch\u00fd, funk\u010dn\u00ed a nad\u010dasov\u00fd. Jemn\u011b tvarovan\u00e9 bo\u010dn\u00ed v\u00fdztuhy dod\u00e1vaj\u00ed konstrukci lehk\u00fd dekorativn\u00ed detail.<\/p>\n<p>Stolek pro\u0161el \u010d\u00e1ste\u010dnou renovac\u00ed d\u0159eva, p\u0159i n\u00ed\u017e vynikla jeho tepl\u00e1 kresba a syt\u00fd o\u0159echov\u00fd t\u00f3n. D\u00edky nov\u00e9 povrchov\u00e9 \u00faprav\u011b p\u016fsob\u00ed \u010dist\u011b, p\u0159esto si zachov\u00e1v\u00e1 charakter a autenticitu star\u0161\u00edho kusu. Spodn\u00ed police p\u0159id\u00e1v\u00e1 m\u00edsto na knihy, dekorace \u010di drobnosti, co\u017e z n\u011bj d\u011bl\u00e1 velmi univerz\u00e1ln\u00ed dopln\u011bk.<\/p>\n<p>Stav: po \u010d\u00e1ste\u010dn\u00e9 renovaci, horn\u00ed deska zbrou\u0161ena a nov\u011b o\u0161et\u0159ena, spodn\u00ed \u010d\u00e1st ponech\u00e1na v p\u016fvodn\u00edm stavu<br \/>\nRozm\u011br<br \/>\nV\u00fd\u0161ka: 55 cm<br \/>\n\u0160\u00ed\u0159ka: 45 cm<br \/>\nHloubka: 45 cm<\/p>\n<p>&nbsp;<\/p>\n","protected":false},"excerpt":{"rendered":"<p>Mal\u00fd d\u0159ev\u011bn\u00fd stolek s p\u0159\u00edjemn\u011b kompaktn\u00edmi proporcemi a praktickou spodn\u00ed polic\u00ed. Jeho tvar je jednoduch\u00fd, funk\u010dn\u00ed a nad\u010dasov\u00fd. Jemn\u011b tvarovan\u00e9<\/p>\n","protected":false},"featured_media":32200,"template":"","meta":[],"product_brand":[],"product_cat":[91],"product_tag":[],"class_list":{"0":"post-32198","1":"product","2":"type-product","3":"status-publish","4":"has-post-thumbnail","6":"product_cat-prodane","7":"product_shipping_class-nadrozmerne","9":"first","10":"outofstock","11":"purchasable","12":"product-type-simple"},"_links":{"self":[{"href":"https:\/\/eterle.cz\/eshop\/wp-json\/wp\/v2\/product\/32198","targetHints":{"allow":["GET"]}}],"collection":[{"href":"https:\/\/eterle.cz\/eshop\/wp-json\/wp\/v2\/product"}],"about":[{"href":"https:\/\/eterle.cz\/eshop\/wp-json\/wp\/v2\/types\/product"}],"version-history":[{"count":1,"href":"https:\/\/eterle.cz\/eshop\/wp-json\/wp\/v2\/product\/32198\/revisions"}],"predecessor-version":[{"id":32199,"href":"https:\/\/eterle.cz\/eshop\/wp-json\/wp\/v2\/product\/32198\/revisions\/32199"}],"wp:featuredmedia":[{"embeddable":true,"href":"https:\/\/eterle.cz\/eshop\/wp-json\/wp\/v2\/media\/32200"}],"wp:attachment":[{"href":"https:\/\/eterle.cz\/eshop\/wp-json\/wp\/v2\/media?parent=32198"}],"wp:term":[{"taxonomy":"product_brand","embeddable":true,"href":"https:\/\/eterle.cz\/eshop\/wp-json\/wp\/v2\/product_brand?post=32198"},{"taxonomy":"product_cat","embeddable":true,"href":"https:\/\/eterle.cz\/eshop\/wp-json\/wp\/v2\/product_cat?post=32198"},{"taxonomy":"product_tag","embeddable":true,"href":"https:\/\/eterle.cz\/eshop\/wp-json\/wp\/v2\/product_tag?post=32198"}],"curies":[{"name":"wp","href":"https:\/\/api.w.org\/{rel}","templated":true}]}}