{"id":32207,"date":"2025-12-05T22:11:15","date_gmt":"2025-12-05T21:11:15","guid":{"rendered":"https:\/\/eterle.cz\/eshop\/produkt\/romanticke-starozitne-kreslo\/"},"modified":"2026-04-01T13:50:53","modified_gmt":"2026-04-01T11:50:53","slug":"romanticke-starozitne-kreslo","status":"publish","type":"product","link":"https:\/\/eterle.cz\/eshop\/produkt\/romanticke-starozitne-kreslo\/","title":{"rendered":"Romantick\u00e9 staro\u017eitn\u00e9 k\u0159eslo"},"content":{"rendered":"<p>K\u0159eslo s lehkou, vzdu\u0161nou konstrukc\u00ed a d\u0159ev\u011bn\u00fdmi ty\u010dkami v boc\u00edch, kter\u00e9 v sob\u011b nese n\u011bco z nostalgie star\u00e9 Anglie \u2013 takov\u00e9 to k\u0159eslo, ve kter\u00e9m si klidn\u011b dovedete p\u0159edstavit odpoledn\u00ed \u010daj o p\u00e1t\u00e9. Tmav\u011b mo\u0159en\u00fd r\u00e1m kr\u00e1sn\u011b kontrastuje s nov\u00fdm \u010daloun\u011bn\u00edm a nech\u00e1v\u00e1 vyniknout m\u011bkce zaoblen\u00fdm lini\u00edm podru\u010dek.<\/p>\n<p>Pro\u0161lo kompletn\u00ed renovac\u00ed. D\u0159ev\u011bn\u00e1 kostra byla citliv\u011b o\u0161et\u0159ena, aby zachovala svou kresbu i pevnost, a nov\u00e9 \u010daloun\u011bn\u00ed s jemn\u00fdm kv\u011btinov\u00fdm motivem dod\u00e1v\u00e1 celku romantick\u00fd, \u00fatuln\u00fd v\u00fdraz. Vzor p\u016fsob\u00ed elegantn\u011b, ani\u017e by byl p\u0159\u00edli\u0161 dekorativn\u00ed \u2013 sp\u00ed\u0161 jako tich\u00e1 p\u0159ipom\u00ednka tradi\u010dn\u00edho dom\u00e1c\u00edho pohodl\u00ed.<\/p>\n<p>V\u00fdsledkem je k\u0159eslo, kter\u00e9 p\u016fsob\u00ed klidn\u011b, v\u0159ele a lehce nostalgicky. Ide\u00e1ln\u00ed solit\u00e9r pro kout, kde chcete m\u00edt chv\u00edli jen pro sebe \u2013 a mo\u017en\u00e1 i ten \u010daj o p\u00e1t\u00e9.<\/p>\n<p>Stav: po celkov\u00e9 renovaci<br \/>\nRozm\u011br<br \/>\nV\u00fd\u0161ka: 78 cm<br \/>\nV\u00fd\u0161ka sed\u00e1ku: 45 cm<br \/>\n\u0160\u00ed\u0159ka: 63 cm<br \/>\nHloubka: 70 cm<br \/>\nHloubka sed\u00e1ku: 52 cm<\/p>\n<p>&nbsp;<\/p>\n","protected":false},"excerpt":{"rendered":"<p>K\u0159eslo s lehkou, vzdu\u0161nou konstrukc\u00ed a d\u0159ev\u011bn\u00fdmi ty\u010dkami v boc\u00edch, kter\u00e9 v sob\u011b nese n\u011bco z nostalgie star\u00e9 Anglie \u2013<\/p>\n","protected":false},"featured_media":32209,"template":"","meta":[],"product_brand":[],"product_cat":[130,122],"product_tag":[],"class_list":{"0":"post-32207","1":"product","2":"type-product","3":"status-publish","4":"has-post-thumbnail","6":"product_cat-nabytek","7":"product_cat-kresla-a-taburety","8":"product_shipping_class-nadrozmerne","10":"first","11":"instock","12":"purchasable","13":"product-type-simple"},"_links":{"self":[{"href":"https:\/\/eterle.cz\/eshop\/wp-json\/wp\/v2\/product\/32207","targetHints":{"allow":["GET"]}}],"collection":[{"href":"https:\/\/eterle.cz\/eshop\/wp-json\/wp\/v2\/product"}],"about":[{"href":"https:\/\/eterle.cz\/eshop\/wp-json\/wp\/v2\/types\/product"}],"version-history":[{"count":1,"href":"https:\/\/eterle.cz\/eshop\/wp-json\/wp\/v2\/product\/32207\/revisions"}],"predecessor-version":[{"id":32208,"href":"https:\/\/eterle.cz\/eshop\/wp-json\/wp\/v2\/product\/32207\/revisions\/32208"}],"wp:featuredmedia":[{"embeddable":true,"href":"https:\/\/eterle.cz\/eshop\/wp-json\/wp\/v2\/media\/32209"}],"wp:attachment":[{"href":"https:\/\/eterle.cz\/eshop\/wp-json\/wp\/v2\/media?parent=32207"}],"wp:term":[{"taxonomy":"product_brand","embeddable":true,"href":"https:\/\/eterle.cz\/eshop\/wp-json\/wp\/v2\/product_brand?post=32207"},{"taxonomy":"product_cat","embeddable":true,"href":"https:\/\/eterle.cz\/eshop\/wp-json\/wp\/v2\/product_cat?post=32207"},{"taxonomy":"product_tag","embeddable":true,"href":"https:\/\/eterle.cz\/eshop\/wp-json\/wp\/v2\/product_tag?post=32207"}],"curies":[{"name":"wp","href":"https:\/\/api.w.org\/{rel}","templated":true}]}}