{"id":32220,"date":"2025-12-05T22:11:46","date_gmt":"2025-12-05T21:11:46","guid":{"rendered":"https:\/\/eterle.cz\/eshop\/produkt\/kreslo-typ-c-halabala-3\/"},"modified":"2026-04-01T13:50:53","modified_gmt":"2026-04-01T11:50:53","slug":"kreslo-typ-c-halabala-3","status":"publish","type":"product","link":"https:\/\/eterle.cz\/eshop\/produkt\/kreslo-typ-c-halabala-3\/","title":{"rendered":"K\u0159eslo typ C \/ Halabala"},"content":{"rendered":"<p>K\u0159eslo navr\u017een\u00e9 Jind\u0159ichem Halabalou, zn\u00e1m\u00e9 jako typ C \u2013 ikonick\u00fd model, kter\u00fd pat\u0159\u00ed k nejv\u00fdrazn\u011bj\u0161\u00edm symbol\u016fm \u010desk\u00e9ho modernistick\u00e9ho n\u00e1bytku. Jeho ladn\u011b oh\u00fdban\u00e9 podru\u010dky vytv\u00e1\u0159ej\u00ed \u0161irok\u00fd oblouk kolem sed\u00e1ku a d\u00e1vaj\u00ed k\u0159eslu nezam\u011bnitelnou siluetu: m\u011bkkou, plynulou a p\u0159itom elegantn\u011b dynamickou.<\/p>\n<p>K\u0159eslo pro\u0161lo kompletn\u00ed renovac\u00ed. D\u0159ev\u011bn\u00e9 \u010d\u00e1sti byly znovu o\u0161et\u0159eny do hlubok\u00e9ho tmav\u00e9ho t\u00f3nu, kter\u00fd kr\u00e1sn\u011b kontrastuje s nov\u00fdm \u010daloun\u011bn\u00edm. Vybran\u00fd l\u00e1tkov\u00fd vzor \u2013 velkorys\u00e9 kv\u011bty v jemn\u00e9m \u0161edob\u00edl\u00e9m proveden\u00ed \u2013 dod\u00e1v\u00e1 modelu C sv\u011b\u017e\u00ed, v\u00fdrazn\u00fd a z\u00e1rove\u0148 harmonick\u00fd charakter. P\u016fsob\u00ed sou\u010dasn\u011b, ale respektuje proporce a styl origin\u00e1lu.<\/p>\n<p>V\u00fdsledkem je ikonick\u00e9 Halabalovo k\u0159eslo v \u010dist\u00e9, pe\u010dliv\u011b obnoven\u00e9 podob\u011b \u2013 pohodln\u00fd a v\u00fdrazn\u00fd solit\u00e9r, kter\u00fd interi\u00e9ru dod\u00e1 noblesu i vizu\u00e1ln\u00ed klid.<\/p>\n<p>Stav: po celkov\u00e9 renovaci<br \/>\nZna\u010dka: Jind\u0159ich Halabala<br \/>\nRozm\u011br<br \/>\nV\u00fd\u0161ka: 81 cm<br \/>\nV\u00fd\u0161ka sed\u00e1ku: 45 cm<br \/>\n\u0160\u00ed\u0159ka: 68 cm<br \/>\nHloubka: 88 cm<br \/>\nHloubka sed\u00e1ku: 54 cm<\/p>\n<p>&nbsp;<\/p>\n","protected":false},"excerpt":{"rendered":"<p>K\u0159eslo navr\u017een\u00e9 Jind\u0159ichem Halabalou, zn\u00e1m\u00e9 jako typ C \u2013 ikonick\u00fd model, kter\u00fd pat\u0159\u00ed k nejv\u00fdrazn\u011bj\u0161\u00edm symbol\u016fm \u010desk\u00e9ho modernistick\u00e9ho n\u00e1bytku. Jeho<\/p>\n","protected":false},"featured_media":32222,"template":"","meta":[],"product_brand":[],"product_cat":[130,122],"product_tag":[],"class_list":{"0":"post-32220","1":"product","2":"type-product","3":"status-publish","4":"has-post-thumbnail","6":"product_cat-nabytek","7":"product_cat-kresla-a-taburety","8":"product_shipping_class-nadrozmerne","10":"first","11":"instock","12":"purchasable","13":"product-type-simple"},"_links":{"self":[{"href":"https:\/\/eterle.cz\/eshop\/wp-json\/wp\/v2\/product\/32220","targetHints":{"allow":["GET"]}}],"collection":[{"href":"https:\/\/eterle.cz\/eshop\/wp-json\/wp\/v2\/product"}],"about":[{"href":"https:\/\/eterle.cz\/eshop\/wp-json\/wp\/v2\/types\/product"}],"version-history":[{"count":1,"href":"https:\/\/eterle.cz\/eshop\/wp-json\/wp\/v2\/product\/32220\/revisions"}],"predecessor-version":[{"id":32221,"href":"https:\/\/eterle.cz\/eshop\/wp-json\/wp\/v2\/product\/32220\/revisions\/32221"}],"wp:featuredmedia":[{"embeddable":true,"href":"https:\/\/eterle.cz\/eshop\/wp-json\/wp\/v2\/media\/32222"}],"wp:attachment":[{"href":"https:\/\/eterle.cz\/eshop\/wp-json\/wp\/v2\/media?parent=32220"}],"wp:term":[{"taxonomy":"product_brand","embeddable":true,"href":"https:\/\/eterle.cz\/eshop\/wp-json\/wp\/v2\/product_brand?post=32220"},{"taxonomy":"product_cat","embeddable":true,"href":"https:\/\/eterle.cz\/eshop\/wp-json\/wp\/v2\/product_cat?post=32220"},{"taxonomy":"product_tag","embeddable":true,"href":"https:\/\/eterle.cz\/eshop\/wp-json\/wp\/v2\/product_tag?post=32220"}],"curies":[{"name":"wp","href":"https:\/\/api.w.org\/{rel}","templated":true}]}}