{"id":32240,"date":"2025-12-05T22:12:31","date_gmt":"2025-12-05T21:12:31","guid":{"rendered":"https:\/\/eterle.cz\/eshop\/produkt\/funkcionalisticke-kreslo-fn24-mucke-melder-2\/"},"modified":"2026-04-01T13:50:53","modified_gmt":"2026-04-01T11:50:53","slug":"funkcionalisticke-kreslo-fn24-mucke-melder-2","status":"publish","type":"product","link":"https:\/\/eterle.cz\/eshop\/produkt\/funkcionalisticke-kreslo-fn24-mucke-melder-2\/","title":{"rendered":"Funkcionalistick\u00e9 k\u0159eslo FN24 \/ M\u00fccke Melder"},"content":{"rendered":"<p>K\u0159eslo, kter\u00e9 se neklan\u00ed m\u00f3d\u011b, ale odkazu. Model FN24, vyr\u00e1b\u011bn\u00fd ve 30. letech firmou M\u00fccke-Melder v \u010ceskoslovensku, vznikl jako voln\u00e1 interpretace funkcionalistick\u00fdch n\u00e1vrh\u016f nizozemsk\u00e9ho design\u00e9ra W.H. Gipsena.<\/p>\n<p>Jeho silueta \u2013 chromovan\u00e1 trubkov\u00e1 konstrukce, pru\u017en\u00e1 a p\u0159itom pevn\u00e1 \u2013 nese znaky Bauhausu, ale s \u010deskoslovenskou razanc\u00ed: \u010daloun\u011bn\u00ed je mohutn\u011bj\u0161\u00ed, proporce uzp\u016fsoben\u00e9 m\u00edstn\u00edmu vkusu a pohodl\u00ed. Podru\u010dky z oh\u00fdban\u00e9ho d\u0159eva vyva\u017euj\u00ed lesk kovu a dod\u00e1vaj\u00ed k\u0159eslu h\u0159ejivost.<\/p>\n<p>Na rozd\u00edl od \u0161t\u00edhlej\u0161\u00edch model\u016f firmy Thonet, kter\u00e1 vyr\u00e1b\u011bla podobn\u00e1 k\u0159esla pod ozna\u010den\u00edm S 411, FN24 nebylo sou\u010d\u00e1st\u00ed licen\u010dn\u00ed v\u00fdroby, ale sp\u00ed\u0161e autonomn\u00ed funkcionalistickou odpov\u011bd\u00ed \u2013 stejn\u011b sebev\u011bdomou, jen jin\u00e9ho rytmu. K\u0159eslo, kter\u00e9 v interi\u00e9ru nep\u016fsob\u00ed jako relikvie, ale jako p\u0159\u00edtomn\u00fd hlas minulosti.<\/p>\n<p>Stav: po celkov\u00e9 renovaci<br \/>\nZna\u010dka: M\u00fccke Melder<br \/>\nRozm\u011br<br \/>\nV\u00fd\u0161ka: 83 cm<br \/>\nV\u00fd\u0161ka sed\u00e1ku: 48 cm<br \/>\n\u0160\u00ed\u0159ka: 58 cm<br \/>\nHloubka: 70 cm<br \/>\nHloubka sed\u00e1ku: 50 cm<\/p>\n<p>&nbsp;<\/p>\n","protected":false},"excerpt":{"rendered":"<p>K\u0159eslo, kter\u00e9 se neklan\u00ed m\u00f3d\u011b, ale odkazu. Model FN24, vyr\u00e1b\u011bn\u00fd ve 30. letech firmou M\u00fccke-Melder v \u010ceskoslovensku, vznikl jako voln\u00e1<\/p>\n","protected":false},"featured_media":32242,"template":"","meta":[],"product_brand":[],"product_cat":[130,122],"product_tag":[],"class_list":{"0":"post-32240","1":"product","2":"type-product","3":"status-publish","4":"has-post-thumbnail","6":"product_cat-nabytek","7":"product_cat-kresla-a-taburety","8":"product_shipping_class-nadrozmerne","10":"first","11":"instock","12":"purchasable","13":"product-type-simple"},"_links":{"self":[{"href":"https:\/\/eterle.cz\/eshop\/wp-json\/wp\/v2\/product\/32240","targetHints":{"allow":["GET"]}}],"collection":[{"href":"https:\/\/eterle.cz\/eshop\/wp-json\/wp\/v2\/product"}],"about":[{"href":"https:\/\/eterle.cz\/eshop\/wp-json\/wp\/v2\/types\/product"}],"version-history":[{"count":1,"href":"https:\/\/eterle.cz\/eshop\/wp-json\/wp\/v2\/product\/32240\/revisions"}],"predecessor-version":[{"id":32241,"href":"https:\/\/eterle.cz\/eshop\/wp-json\/wp\/v2\/product\/32240\/revisions\/32241"}],"wp:featuredmedia":[{"embeddable":true,"href":"https:\/\/eterle.cz\/eshop\/wp-json\/wp\/v2\/media\/32242"}],"wp:attachment":[{"href":"https:\/\/eterle.cz\/eshop\/wp-json\/wp\/v2\/media?parent=32240"}],"wp:term":[{"taxonomy":"product_brand","embeddable":true,"href":"https:\/\/eterle.cz\/eshop\/wp-json\/wp\/v2\/product_brand?post=32240"},{"taxonomy":"product_cat","embeddable":true,"href":"https:\/\/eterle.cz\/eshop\/wp-json\/wp\/v2\/product_cat?post=32240"},{"taxonomy":"product_tag","embeddable":true,"href":"https:\/\/eterle.cz\/eshop\/wp-json\/wp\/v2\/product_tag?post=32240"}],"curies":[{"name":"wp","href":"https:\/\/api.w.org\/{rel}","templated":true}]}}