{"id":32251,"date":"2025-12-05T22:12:55","date_gmt":"2025-12-05T21:12:55","guid":{"rendered":"https:\/\/eterle.cz\/eshop\/produkt\/stolni-lampa-bratri-kristianssonovi\/"},"modified":"2026-04-01T13:50:53","modified_gmt":"2026-04-01T11:50:53","slug":"stolni-lampa-bratri-kristianssonovi","status":"publish","type":"product","link":"https:\/\/eterle.cz\/eshop\/produkt\/stolni-lampa-bratri-kristianssonovi\/","title":{"rendered":"Stoln\u00ed lampa \/ brat\u0159i Kristianssonovi"},"content":{"rendered":"<p>Stoln\u00ed lampa z d\u00edlny bratr\u016f Uno &#038; \u00d6stena Kristianssonov\u00fdch, navr\u017een\u00e1 pro \u0161v\u00e9dskou zna\u010dku Luxus. Pro jejich tvorbu je typick\u00e1 \u010distota tvar\u016f, pr\u00e1ce s op\u00e1lov\u00fdm sklem a d\u016fraz na m\u011bkk\u00e9, p\u0159\u00edjemn\u00e9 sv\u011btlo, kter\u00e9 m\u00e1 v interi\u00e9ru p\u016fsobit sp\u00ed\u0161 jako atmosf\u00e9ra ne\u017e technick\u00fd zdroj.<\/p>\n<p>B\u00edl\u00e9 t\u011blo lampy m\u00e1 elegantn\u00ed, lehce so\u0161nou formu \u2013 roz\u0161i\u0159uje se do jemn\u011b modelovan\u00e9 z\u00e1kladny a nese velk\u00e9 p\u016fvodn\u00ed st\u00ednidlo s v\u00fdrazn\u00fdm retro vzorem v t\u00f3nech \u010derven\u00e9 a oran\u017eov\u00e9. Po rozsv\u00edcen\u00ed se vzor rozpije do tepl\u00fdch odst\u00edn\u016f a lampa p\u016fsob\u00ed t\u00e9m\u011b\u0159 jako mal\u00fd sv\u011bteln\u00fd objekt.<\/p>\n<p>Brat\u0159i Kristianssonov\u00e9 pat\u0159\u00ed k nejv\u00fdrazn\u011bj\u0161\u00edm \u0161v\u00e9dsk\u00fdm design\u00e9r\u016fm 50.\u201370. let. Uno Kristiansson byl zakladatelem firmy Luxus a p\u0159inesl do n\u00ed silnou vizi pr\u00e1ce se sv\u011btlem, zat\u00edmco \u00d6sten Kristiansson navrhoval pro dal\u0161\u00ed velk\u00e9 zna\u010dky jako Karl Andersson &#038; S\u00f6ner nebo V\u00e4rnamo a proslul nad\u010dasov\u00fdm minimalismem. Spole\u010dn\u011b vytvo\u0159ili \u0159adu lamp, kter\u00e9 dnes pat\u0159\u00ed ke sb\u011bratelsky vyhled\u00e1van\u00fdm p\u0159\u00edklad\u016fm skandin\u00e1vsk\u00e9ho modernismu.<\/p>\n<p>V\u00fdsledkem je lampa, kter\u00e1 v interi\u00e9ru p\u016fsob\u00ed klidn\u011b, teple a charismaticky \u2014 p\u0159esn\u011b tak, jak to m\u011bli Kristianssonov\u00e9 ve zvyku.<\/p>\n<p>Stva: velmi dobr\u00fd<br \/>\nZna\u010dka:<br \/>\nRozm\u011br<br \/>\nV\u00fd\u0161ka: 80 cm<br \/>\nDoln\u00ed pr\u016fm\u011br st\u00ednidla: 41 cm<\/p>\n<p>&nbsp;<\/p>\n","protected":false},"excerpt":{"rendered":"<p>Stoln\u00ed lampa z d\u00edlny bratr\u016f Uno &#038; \u00d6stena Kristianssonov\u00fdch, navr\u017een\u00e1 pro \u0161v\u00e9dskou zna\u010dku Luxus. Pro jejich tvorbu je typick\u00e1 \u010distota<\/p>\n","protected":false},"featured_media":32253,"template":"","meta":[],"product_brand":[],"product_cat":[79,142],"product_tag":[],"class_list":{"0":"post-32251","1":"product","2":"type-product","3":"status-publish","4":"has-post-thumbnail","6":"product_cat-svetla","7":"product_cat-stojaci-lampy","8":"product_shipping_class-nadrozmerne","10":"first","11":"instock","12":"purchasable","13":"product-type-simple"},"_links":{"self":[{"href":"https:\/\/eterle.cz\/eshop\/wp-json\/wp\/v2\/product\/32251","targetHints":{"allow":["GET"]}}],"collection":[{"href":"https:\/\/eterle.cz\/eshop\/wp-json\/wp\/v2\/product"}],"about":[{"href":"https:\/\/eterle.cz\/eshop\/wp-json\/wp\/v2\/types\/product"}],"version-history":[{"count":1,"href":"https:\/\/eterle.cz\/eshop\/wp-json\/wp\/v2\/product\/32251\/revisions"}],"predecessor-version":[{"id":32252,"href":"https:\/\/eterle.cz\/eshop\/wp-json\/wp\/v2\/product\/32251\/revisions\/32252"}],"wp:featuredmedia":[{"embeddable":true,"href":"https:\/\/eterle.cz\/eshop\/wp-json\/wp\/v2\/media\/32253"}],"wp:attachment":[{"href":"https:\/\/eterle.cz\/eshop\/wp-json\/wp\/v2\/media?parent=32251"}],"wp:term":[{"taxonomy":"product_brand","embeddable":true,"href":"https:\/\/eterle.cz\/eshop\/wp-json\/wp\/v2\/product_brand?post=32251"},{"taxonomy":"product_cat","embeddable":true,"href":"https:\/\/eterle.cz\/eshop\/wp-json\/wp\/v2\/product_cat?post=32251"},{"taxonomy":"product_tag","embeddable":true,"href":"https:\/\/eterle.cz\/eshop\/wp-json\/wp\/v2\/product_tag?post=32251"}],"curies":[{"name":"wp","href":"https:\/\/api.w.org\/{rel}","templated":true}]}}