{"id":32267,"date":"2025-12-05T22:13:33","date_gmt":"2025-12-05T21:13:33","guid":{"rendered":"https:\/\/eterle.cz\/eshop\/produkt\/sada-6-sklenicek-na-vino\/"},"modified":"2026-04-01T13:50:53","modified_gmt":"2026-04-01T11:50:53","slug":"sada-6-sklenicek-na-vino","status":"publish","type":"product","link":"https:\/\/eterle.cz\/eshop\/produkt\/sada-6-sklenicek-na-vino\/","title":{"rendered":"Sada 6 skleni\u010dek na v\u00edno"},"content":{"rendered":"<p>Sada \u0161esti men\u0161\u00edch sklenic ide\u00e1ln\u00edch na dezertn\u00ed v\u00edno \u010di aperitiv. Sklenice maj\u00ed kr\u00e1sn\u011b tvarovan\u00e9 t\u011blo \u2013 jemn\u011b se rozev\u00edr\u00e1 do \u0161irok\u00e9ho hrdla a je dekorov\u00e1no svisl\u00fdm brou\u0161en\u00fdm vzorem, kter\u00fd vytv\u00e1\u0159\u00ed hru sv\u011btla a dod\u00e1v\u00e1 cel\u00e9 sad\u011b slavnostn\u00ed v\u00fdraz.<\/p>\n<p>No\u017eka je pevn\u00e1, s \u010dist\u00fdm p\u0159echodem do \u0161irok\u00e9 patky zdoben\u00e9 jemn\u00fdm brou\u0161en\u00edm. Sklenice p\u016fsob\u00ed lehce retro, ale z\u00e1rove\u0148 nad\u010dasov\u011b \u2013 p\u0159esn\u011b tak, jak to um\u011bly \u010deskoslovensk\u00e9 skl\u00e1rny ve druh\u00e9 polovin\u011b 20. stolet\u00ed.<\/p>\n<p>Sada je d\u00edky sv\u00e9mu elegantn\u00edmu tvaru i proporc\u00edm je skv\u011bl\u00e1 nejen pro slavnostn\u00ed p\u0159\u00edle\u017eitosti, ale i jako dopln\u011bk dom\u00e1c\u00ed vitr\u00edny.<\/p>\n<p>Stav: velmi dobr\u00fd<br \/>\nRozm\u011br<br \/>\nObjem: 100 ml<br \/>\nV\u00fd\u0161ka: 13,5 cm<\/p>\n<p>&nbsp;<\/p>\n","protected":false},"excerpt":{"rendered":"<p>Sada \u0161esti men\u0161\u00edch sklenic ide\u00e1ln\u00edch na dezertn\u00ed v\u00edno \u010di aperitiv. Sklenice maj\u00ed kr\u00e1sn\u011b tvarovan\u00e9 t\u011blo \u2013 jemn\u011b se rozev\u00edr\u00e1 do<\/p>\n","protected":false},"featured_media":32269,"template":"","meta":[],"product_brand":[],"product_cat":[75,134],"product_tag":[],"class_list":{"0":"post-32267","1":"product","2":"type-product","3":"status-publish","4":"has-post-thumbnail","6":"product_cat-sklo","7":"product_cat-sklenice","9":"first","10":"instock","11":"purchasable","12":"product-type-simple"},"_links":{"self":[{"href":"https:\/\/eterle.cz\/eshop\/wp-json\/wp\/v2\/product\/32267","targetHints":{"allow":["GET"]}}],"collection":[{"href":"https:\/\/eterle.cz\/eshop\/wp-json\/wp\/v2\/product"}],"about":[{"href":"https:\/\/eterle.cz\/eshop\/wp-json\/wp\/v2\/types\/product"}],"version-history":[{"count":1,"href":"https:\/\/eterle.cz\/eshop\/wp-json\/wp\/v2\/product\/32267\/revisions"}],"predecessor-version":[{"id":32268,"href":"https:\/\/eterle.cz\/eshop\/wp-json\/wp\/v2\/product\/32267\/revisions\/32268"}],"wp:featuredmedia":[{"embeddable":true,"href":"https:\/\/eterle.cz\/eshop\/wp-json\/wp\/v2\/media\/32269"}],"wp:attachment":[{"href":"https:\/\/eterle.cz\/eshop\/wp-json\/wp\/v2\/media?parent=32267"}],"wp:term":[{"taxonomy":"product_brand","embeddable":true,"href":"https:\/\/eterle.cz\/eshop\/wp-json\/wp\/v2\/product_brand?post=32267"},{"taxonomy":"product_cat","embeddable":true,"href":"https:\/\/eterle.cz\/eshop\/wp-json\/wp\/v2\/product_cat?post=32267"},{"taxonomy":"product_tag","embeddable":true,"href":"https:\/\/eterle.cz\/eshop\/wp-json\/wp\/v2\/product_tag?post=32267"}],"curies":[{"name":"wp","href":"https:\/\/api.w.org\/{rel}","templated":true}]}}