{"id":32271,"date":"2025-12-05T22:13:40","date_gmt":"2025-12-05T21:13:40","guid":{"rendered":"https:\/\/eterle.cz\/eshop\/produkt\/sada-6-sklenicek-na-vino-rosenthal\/"},"modified":"2026-04-01T13:50:53","modified_gmt":"2026-04-01T11:50:53","slug":"sada-6-sklenicek-na-vino-rosenthal","status":"publish","type":"product","link":"https:\/\/eterle.cz\/eshop\/produkt\/sada-6-sklenicek-na-vino-rosenthal\/","title":{"rendered":"Sada 6 skleni\u010dek na v\u00edno \/ Rosenthal"},"content":{"rendered":"<p>Sada \u0161esti sklenic Rosenthal, elegantn\u00edch ve sv\u00e9 jednoduchosti a typick\u00fdch pro modern\u00ed n\u011bmeck\u00fd design 60.\u201370. let. T\u011blo sklenic je hladk\u00e9, \u010dist\u00e9 a v\u00e1lcovit\u00e9, bez jak\u00e9koli struktury \u010di dekoru \u2013 minimalismus, kter\u00fd nech\u00e1v\u00e1 vyniknout kvalit\u011b skla i proporc\u00edm.<\/p>\n<p>Nejv\u00fdrazn\u011bj\u0161\u00edm prvkem je masivn\u00ed z\u00e1kladna  v kou\u0159ov\u011b nazelenal\u00e9 barv\u011b, kter\u00e1 dod\u00e1v\u00e1 cel\u00e9 sad\u011b osobit\u00fd, lehce grafick\u00fd charakter. Kontrast mezi subtiln\u00edm sklem a v\u00fdraznou podstavou je p\u0159esn\u011b to, co Rosenthal v t\u00e9to \u00e9\u0159e mistrn\u011b ovl\u00e1dal: jednoduchost pov\u00fd\u0161en\u00e1 dob\u0159e promy\u0161len\u00fdm detailem.<\/p>\n<p>Sklenice jsou univerz\u00e1ln\u011b pou\u017eiteln\u00e9 \u2013 na vodu, koktejly i v\u00edno \u2013 a sv\u00fdm \u010dist\u00fdm designem kr\u00e1sn\u011b zapadnou jak do modern\u00edho interi\u00e9ru, tak do vintage sestavy.<\/p>\n<p>Stav: velmi dobr\u00fd<br \/>\nZna\u010dka: Rosenthal<br \/>\nRozm\u011br<br \/>\nObjem: 260 ml<br \/>\nV\u00fd\u0161ka: 16 cm<\/p>\n<p>&nbsp;<\/p>\n","protected":false},"excerpt":{"rendered":"<p>Sada \u0161esti sklenic Rosenthal, elegantn\u00edch ve sv\u00e9 jednoduchosti a typick\u00fdch pro modern\u00ed n\u011bmeck\u00fd design 60.\u201370. let. T\u011blo sklenic je hladk\u00e9,<\/p>\n","protected":false},"featured_media":32273,"template":"","meta":[],"product_brand":[],"product_cat":[75,134],"product_tag":[],"class_list":{"0":"post-32271","1":"product","2":"type-product","3":"status-publish","4":"has-post-thumbnail","6":"product_cat-sklo","7":"product_cat-sklenice","9":"first","10":"instock","11":"purchasable","12":"product-type-simple"},"_links":{"self":[{"href":"https:\/\/eterle.cz\/eshop\/wp-json\/wp\/v2\/product\/32271","targetHints":{"allow":["GET"]}}],"collection":[{"href":"https:\/\/eterle.cz\/eshop\/wp-json\/wp\/v2\/product"}],"about":[{"href":"https:\/\/eterle.cz\/eshop\/wp-json\/wp\/v2\/types\/product"}],"version-history":[{"count":1,"href":"https:\/\/eterle.cz\/eshop\/wp-json\/wp\/v2\/product\/32271\/revisions"}],"predecessor-version":[{"id":32272,"href":"https:\/\/eterle.cz\/eshop\/wp-json\/wp\/v2\/product\/32271\/revisions\/32272"}],"wp:featuredmedia":[{"embeddable":true,"href":"https:\/\/eterle.cz\/eshop\/wp-json\/wp\/v2\/media\/32273"}],"wp:attachment":[{"href":"https:\/\/eterle.cz\/eshop\/wp-json\/wp\/v2\/media?parent=32271"}],"wp:term":[{"taxonomy":"product_brand","embeddable":true,"href":"https:\/\/eterle.cz\/eshop\/wp-json\/wp\/v2\/product_brand?post=32271"},{"taxonomy":"product_cat","embeddable":true,"href":"https:\/\/eterle.cz\/eshop\/wp-json\/wp\/v2\/product_cat?post=32271"},{"taxonomy":"product_tag","embeddable":true,"href":"https:\/\/eterle.cz\/eshop\/wp-json\/wp\/v2\/product_tag?post=32271"}],"curies":[{"name":"wp","href":"https:\/\/api.w.org\/{rel}","templated":true}]}}