{"id":32276,"date":"2025-12-05T22:13:49","date_gmt":"2025-12-05T21:13:49","guid":{"rendered":"https:\/\/eterle.cz\/eshop\/produkt\/sada-6-sklenic-na-vino-6\/"},"modified":"2026-04-21T18:59:25","modified_gmt":"2026-04-21T16:59:25","slug":"sada-6-sklenic-na-vino-6","status":"publish","type":"product","link":"https:\/\/eterle.cz\/eshop\/produkt\/sada-6-sklenic-na-vino-6\/","title":{"rendered":"Sada 6 sklenic na v\u00edno"},"content":{"rendered":"<p>Sada \u0161esti sklenic na v\u00edno s elegantn\u00edm ryt\u00fdm dekorem, kter\u00fd tvo\u0159\u00ed jemn\u00e9 rostlinn\u00e9 motivy rozm\u00edst\u011bn\u00e9 do pravideln\u00e9ho rytmu kolem cel\u00e9ho t\u011bla sklenice. Rytina je subtiln\u00ed, ale p\u0159i spr\u00e1vn\u00e9m sv\u011btle kr\u00e1sn\u011b vystoup\u00ed \u2013 p\u016fsob\u00ed slavnostn\u011b, ani\u017e by byla p\u0159ehnan\u011b dekorativn\u00ed.<\/p>\n<p>T\u011blo sklenic m\u00e1 p\u0159\u00edjemn\u011b zaoblen\u00fd tvar, kter\u00fd se sm\u011brem k hrdlu lehce zu\u017euje. \u0160t\u00edhl\u00e1 no\u017eka a klasick\u00e1 patka dopl\u0148uj\u00ed celek v tradi\u010dn\u00edch proporc\u00edch \u010deskoslovensk\u00e9 v\u00fdroby druh\u00e9 poloviny 20. stolet\u00ed. Sklenice jsou lehk\u00e9, dob\u0159e se dr\u017e\u00ed a opticky kr\u00e1sn\u011b p\u016fsob\u00ed na prost\u0159en\u00e9m stole.<\/p>\n<p>Stav: velmi dobr\u00fd<br \/>\nRozm\u011br<br \/>\nObjem: 220 ml<br \/>\nV\u00fd\u0161ka: 18,5 cm<\/p>\n<p>&nbsp;<\/p>\n","protected":false},"excerpt":{"rendered":"<p>Sada \u0161esti sklenic na v\u00edno s elegantn\u00edm ryt\u00fdm dekorem, kter\u00fd tvo\u0159\u00ed jemn\u00e9 rostlinn\u00e9 motivy rozm\u00edst\u011bn\u00e9 do pravideln\u00e9ho rytmu kolem cel\u00e9ho<\/p>\n","protected":false},"featured_media":32278,"template":"","meta":[],"product_brand":[],"product_cat":[75,134],"product_tag":[],"class_list":{"0":"post-32276","1":"product","2":"type-product","3":"status-publish","4":"has-post-thumbnail","6":"product_cat-sklo","7":"product_cat-sklenice","9":"first","10":"outofstock","11":"purchasable","12":"product-type-simple"},"_links":{"self":[{"href":"https:\/\/eterle.cz\/eshop\/wp-json\/wp\/v2\/product\/32276","targetHints":{"allow":["GET"]}}],"collection":[{"href":"https:\/\/eterle.cz\/eshop\/wp-json\/wp\/v2\/product"}],"about":[{"href":"https:\/\/eterle.cz\/eshop\/wp-json\/wp\/v2\/types\/product"}],"version-history":[{"count":1,"href":"https:\/\/eterle.cz\/eshop\/wp-json\/wp\/v2\/product\/32276\/revisions"}],"predecessor-version":[{"id":32277,"href":"https:\/\/eterle.cz\/eshop\/wp-json\/wp\/v2\/product\/32276\/revisions\/32277"}],"wp:featuredmedia":[{"embeddable":true,"href":"https:\/\/eterle.cz\/eshop\/wp-json\/wp\/v2\/media\/32278"}],"wp:attachment":[{"href":"https:\/\/eterle.cz\/eshop\/wp-json\/wp\/v2\/media?parent=32276"}],"wp:term":[{"taxonomy":"product_brand","embeddable":true,"href":"https:\/\/eterle.cz\/eshop\/wp-json\/wp\/v2\/product_brand?post=32276"},{"taxonomy":"product_cat","embeddable":true,"href":"https:\/\/eterle.cz\/eshop\/wp-json\/wp\/v2\/product_cat?post=32276"},{"taxonomy":"product_tag","embeddable":true,"href":"https:\/\/eterle.cz\/eshop\/wp-json\/wp\/v2\/product_tag?post=32276"}],"curies":[{"name":"wp","href":"https:\/\/api.w.org\/{rel}","templated":true}]}}