{"id":32281,"date":"2025-12-05T22:14:00","date_gmt":"2025-12-05T21:14:00","guid":{"rendered":"https:\/\/eterle.cz\/eshop\/produkt\/sada-6-sklenic-na-sekt-3\/"},"modified":"2026-04-01T13:50:52","modified_gmt":"2026-04-01T11:50:52","slug":"sada-6-sklenic-na-sekt-3","status":"publish","type":"product","link":"https:\/\/eterle.cz\/eshop\/produkt\/sada-6-sklenic-na-sekt-3\/","title":{"rendered":"Sada 6 sklenic na sekt"},"content":{"rendered":"<p>Sada \u0161esti \u0161t\u00edhl\u00fdch sklenic zdoben\u00fdch jemn\u00fdm matn\u00fdm rostlinn\u00fdm vzorem, kter\u00fd pokr\u00fdv\u00e1 v\u011bt\u0161inu jejich t\u011bla. Motiv tvo\u0159\u00ed drobn\u00e9 listy a v\u011btvi\u010dky spl\u00fdvaj\u00edc\u00ed vzh\u016fru \u2013 dekor je subtiln\u00ed, ale p\u0159i dopadu sv\u011btla kr\u00e1sn\u011b vystoup\u00ed a dod\u00e1v\u00e1 sklenic\u00edm elegantn\u00ed, t\u00e9m\u011b\u0159 \u00e9terick\u00fd v\u00fdraz.<\/p>\n<p>Sklenice maj\u00ed \u00fazk\u00e9, vysok\u00e9 t\u011blo a stoj\u00ed na \u0161t\u00edhl\u00e9 no\u017ece s klasickou patkou. Jsou ide\u00e1ln\u00ed na prosecco, sekt \u010di slavnostn\u00ed p\u0159\u00edpitek a d\u00edky sv\u00e9mu tvaru p\u016fsob\u00ed v\u00fdjime\u010dn\u011b i jako dekorativn\u00ed set ve vitr\u00edn\u011b.<\/p>\n<p>Stav: velmi dobr\u00fd<br \/>\nRozm\u011br<br \/>\nObjem: 180 ml<br \/>\nV\u00fd\u0161ka: 18 cm<\/p>\n<p>&nbsp;<\/p>\n","protected":false},"excerpt":{"rendered":"<p>Sada \u0161esti \u0161t\u00edhl\u00fdch sklenic zdoben\u00fdch jemn\u00fdm matn\u00fdm rostlinn\u00fdm vzorem, kter\u00fd pokr\u00fdv\u00e1 v\u011bt\u0161inu jejich t\u011bla. Motiv tvo\u0159\u00ed drobn\u00e9 listy a v\u011btvi\u010dky<\/p>\n","protected":false},"featured_media":32283,"template":"","meta":[],"product_brand":[],"product_cat":[75,134],"product_tag":[],"class_list":{"0":"post-32281","1":"product","2":"type-product","3":"status-publish","4":"has-post-thumbnail","6":"product_cat-sklo","7":"product_cat-sklenice","9":"first","10":"instock","11":"purchasable","12":"product-type-simple"},"_links":{"self":[{"href":"https:\/\/eterle.cz\/eshop\/wp-json\/wp\/v2\/product\/32281","targetHints":{"allow":["GET"]}}],"collection":[{"href":"https:\/\/eterle.cz\/eshop\/wp-json\/wp\/v2\/product"}],"about":[{"href":"https:\/\/eterle.cz\/eshop\/wp-json\/wp\/v2\/types\/product"}],"version-history":[{"count":1,"href":"https:\/\/eterle.cz\/eshop\/wp-json\/wp\/v2\/product\/32281\/revisions"}],"predecessor-version":[{"id":32282,"href":"https:\/\/eterle.cz\/eshop\/wp-json\/wp\/v2\/product\/32281\/revisions\/32282"}],"wp:featuredmedia":[{"embeddable":true,"href":"https:\/\/eterle.cz\/eshop\/wp-json\/wp\/v2\/media\/32283"}],"wp:attachment":[{"href":"https:\/\/eterle.cz\/eshop\/wp-json\/wp\/v2\/media?parent=32281"}],"wp:term":[{"taxonomy":"product_brand","embeddable":true,"href":"https:\/\/eterle.cz\/eshop\/wp-json\/wp\/v2\/product_brand?post=32281"},{"taxonomy":"product_cat","embeddable":true,"href":"https:\/\/eterle.cz\/eshop\/wp-json\/wp\/v2\/product_cat?post=32281"},{"taxonomy":"product_tag","embeddable":true,"href":"https:\/\/eterle.cz\/eshop\/wp-json\/wp\/v2\/product_tag?post=32281"}],"curies":[{"name":"wp","href":"https:\/\/api.w.org\/{rel}","templated":true}]}}