{"id":32286,"date":"2025-12-05T22:14:09","date_gmt":"2025-12-05T21:14:09","guid":{"rendered":"https:\/\/eterle.cz\/eshop\/produkt\/sada-6-brousenych-sklenic\/"},"modified":"2026-02-01T00:23:55","modified_gmt":"2026-01-31T23:23:55","slug":"sada-6-brousenych-sklenic","status":"publish","type":"product","link":"https:\/\/eterle.cz\/eshop\/produkt\/sada-6-brousenych-sklenic\/","title":{"rendered":"Sada 6 brou\u0161en\u00fdch sklenic"},"content":{"rendered":"<p>Sada \u0161esti brou\u0161en\u00fdch sklenic, kter\u00e9 nesou v\u0161echny typick\u00e9 znaky \u010deskoslovensk\u00e9 brusi\u010dsk\u00e1 tradice: jisk\u0159iv\u00e9 hv\u011bzdice, v\u011bj\u00ed\u0159ov\u00e9 \u0159ezy a jemn\u00e9 geometrick\u00e9 plochy, v nich\u017e se kr\u00e1sn\u011b l\u00e1me sv\u011btlo. Ka\u017ed\u00e1 sklenice p\u016fsob\u00ed jako mal\u00fd krystal \u2013 dekor je bohat\u00fd, ale vyv\u00e1\u017een\u00fd, nep\u016fsob\u00ed t\u011b\u017ece ani p\u0159ezdoben\u011b.<\/p>\n<p>T\u011blo sklenic se sm\u011brem k hrdlu lehce rozev\u00edr\u00e1, co\u017e jim dod\u00e1v\u00e1 elegantn\u00ed proporci. \u0160t\u00edhl\u00e1 no\u017eka a \u0161irok\u00e1 patka vytv\u00e1\u0159ej\u00ed harmonick\u00fd celek, kter\u00fd je nejen kr\u00e1sn\u00fd na pohled, ale i p\u0159\u00edjemn\u00fd v ruce.<\/p>\n<p>Stav: velmi dobr\u00fd<br \/>\nRozm\u011br<br \/>\nObjem: 100 ml<br \/>\nV\u00fd\u0161ka: 16 cm<\/p>\n<p>&nbsp;<\/p>\n","protected":false},"excerpt":{"rendered":"<p>Sada \u0161esti brou\u0161en\u00fdch sklenic, kter\u00e9 nesou v\u0161echny typick\u00e9 znaky \u010deskoslovensk\u00e9 brusi\u010dsk\u00e1 tradice: jisk\u0159iv\u00e9 hv\u011bzdice, v\u011bj\u00ed\u0159ov\u00e9 \u0159ezy a jemn\u00e9 geometrick\u00e9 plochy,<\/p>\n","protected":false},"featured_media":32288,"template":"","meta":[],"product_brand":[],"product_cat":[91],"product_tag":[],"class_list":{"0":"post-32286","1":"product","2":"type-product","3":"status-publish","4":"has-post-thumbnail","6":"product_cat-prodane","8":"first","9":"outofstock","10":"purchasable","11":"product-type-simple"},"_links":{"self":[{"href":"https:\/\/eterle.cz\/eshop\/wp-json\/wp\/v2\/product\/32286","targetHints":{"allow":["GET"]}}],"collection":[{"href":"https:\/\/eterle.cz\/eshop\/wp-json\/wp\/v2\/product"}],"about":[{"href":"https:\/\/eterle.cz\/eshop\/wp-json\/wp\/v2\/types\/product"}],"version-history":[{"count":2,"href":"https:\/\/eterle.cz\/eshop\/wp-json\/wp\/v2\/product\/32286\/revisions"}],"predecessor-version":[{"id":33752,"href":"https:\/\/eterle.cz\/eshop\/wp-json\/wp\/v2\/product\/32286\/revisions\/33752"}],"wp:featuredmedia":[{"embeddable":true,"href":"https:\/\/eterle.cz\/eshop\/wp-json\/wp\/v2\/media\/32288"}],"wp:attachment":[{"href":"https:\/\/eterle.cz\/eshop\/wp-json\/wp\/v2\/media?parent=32286"}],"wp:term":[{"taxonomy":"product_brand","embeddable":true,"href":"https:\/\/eterle.cz\/eshop\/wp-json\/wp\/v2\/product_brand?post=32286"},{"taxonomy":"product_cat","embeddable":true,"href":"https:\/\/eterle.cz\/eshop\/wp-json\/wp\/v2\/product_cat?post=32286"},{"taxonomy":"product_tag","embeddable":true,"href":"https:\/\/eterle.cz\/eshop\/wp-json\/wp\/v2\/product_tag?post=32286"}],"curies":[{"name":"wp","href":"https:\/\/api.w.org\/{rel}","templated":true}]}}