{"id":32297,"date":"2025-12-05T22:14:30","date_gmt":"2025-12-05T21:14:30","guid":{"rendered":"https:\/\/eterle.cz\/eshop\/produkt\/sada-6-sklenic-na-vino-7\/"},"modified":"2026-04-01T13:50:52","modified_gmt":"2026-04-01T11:50:52","slug":"sada-6-sklenic-na-vino-7","status":"publish","type":"product","link":"https:\/\/eterle.cz\/eshop\/produkt\/sada-6-sklenic-na-vino-7\/","title":{"rendered":"Sada 6 sklenic na v\u00edno"},"content":{"rendered":"<p>Sada \u0161esti \u010dir\u00fdch sklenic s jemnou zlatou linkou na horn\u00edm okraji. Tvar je \u010dist\u00fd a nad\u010dasov\u00fd: \u0161t\u00edhl\u00e9 t\u011blo se sm\u011brem dol\u016f lehce zu\u017euje do masivn\u011bj\u0161\u00ed paty, kter\u00e1 plynule p\u0159ech\u00e1z\u00ed do n\u00edzk\u00e9 no\u017eky. Kombinace subtiln\u00edho horn\u00edho profilu a pevn\u00e9ho spodn\u00edho tvaru dod\u00e1v\u00e1 sklenic\u00edm hezkou vizu\u00e1ln\u00ed rovnov\u00e1hu. Zlat\u00fd okraj p\u016fsob\u00ed decentn\u011b a slavnostn\u011b, ani\u017e by sklenice byly p\u0159\u00edli\u0161 zdobn\u00e9.<\/p>\n<p>Stav: velmi dobr\u00fd<br \/>\nRozm\u011br<br \/>\nObjem: 200 ml<br \/>\nV\u00fd\u0161ka: 16 cm<\/p>\n<p>&nbsp;<\/p>\n","protected":false},"excerpt":{"rendered":"<p>Sada \u0161esti \u010dir\u00fdch sklenic s jemnou zlatou linkou na horn\u00edm okraji. Tvar je \u010dist\u00fd a nad\u010dasov\u00fd: \u0161t\u00edhl\u00e9 t\u011blo se sm\u011brem<\/p>\n","protected":false},"featured_media":32299,"template":"","meta":[],"product_brand":[],"product_cat":[75,134],"product_tag":[],"class_list":{"0":"post-32297","1":"product","2":"type-product","3":"status-publish","4":"has-post-thumbnail","6":"product_cat-sklo","7":"product_cat-sklenice","9":"first","10":"instock","11":"purchasable","12":"product-type-simple"},"_links":{"self":[{"href":"https:\/\/eterle.cz\/eshop\/wp-json\/wp\/v2\/product\/32297","targetHints":{"allow":["GET"]}}],"collection":[{"href":"https:\/\/eterle.cz\/eshop\/wp-json\/wp\/v2\/product"}],"about":[{"href":"https:\/\/eterle.cz\/eshop\/wp-json\/wp\/v2\/types\/product"}],"version-history":[{"count":2,"href":"https:\/\/eterle.cz\/eshop\/wp-json\/wp\/v2\/product\/32297\/revisions"}],"predecessor-version":[{"id":33590,"href":"https:\/\/eterle.cz\/eshop\/wp-json\/wp\/v2\/product\/32297\/revisions\/33590"}],"wp:featuredmedia":[{"embeddable":true,"href":"https:\/\/eterle.cz\/eshop\/wp-json\/wp\/v2\/media\/32299"}],"wp:attachment":[{"href":"https:\/\/eterle.cz\/eshop\/wp-json\/wp\/v2\/media?parent=32297"}],"wp:term":[{"taxonomy":"product_brand","embeddable":true,"href":"https:\/\/eterle.cz\/eshop\/wp-json\/wp\/v2\/product_brand?post=32297"},{"taxonomy":"product_cat","embeddable":true,"href":"https:\/\/eterle.cz\/eshop\/wp-json\/wp\/v2\/product_cat?post=32297"},{"taxonomy":"product_tag","embeddable":true,"href":"https:\/\/eterle.cz\/eshop\/wp-json\/wp\/v2\/product_tag?post=32297"}],"curies":[{"name":"wp","href":"https:\/\/api.w.org\/{rel}","templated":true}]}}