{"id":33917,"date":"2026-02-02T21:22:41","date_gmt":"2026-02-02T20:22:41","guid":{"rendered":"https:\/\/eterle.cz\/eshop\/?post_type=product&#038;p=33917"},"modified":"2026-04-23T20:18:32","modified_gmt":"2026-04-23T18:18:32","slug":"lustr-koule-10","status":"publish","type":"product","link":"https:\/\/eterle.cz\/eshop\/produkt\/lustr-koule-10\/","title":{"rendered":"Lustr koule"},"content":{"rendered":"<p>Z\u00e1v\u011bsn\u00e1 lampa z 60. let je vyrobena z lisovan\u00e9ho skla s n\u00e1padnou strukturou. Lustr je jednoduch\u00fd, ale pr\u00e1v\u011b struktura skla mu dod\u00e1v\u00e1 na zaj\u00edmavosti. V\u00fdborn\u011b bude vypadat t\u0159eba ve vstupn\u00ed hale.<\/p>\n<p>Stav: velmi dobr\u00fd p\u016fvodn\u00ed zachoval\u00fd stav. Funk\u010dn\u00ed, elektroinstalace p\u016fvodn\u00ed.<br \/>\nRozm\u011br:<br \/>\nV\u00fd\u0161ka 65 cm<\/p>\n<p>D\u00e9lka ty\u010de: 40 cm<\/p>\n<p>Pr\u016fm\u011br: 24 cm<\/p>\n","protected":false},"excerpt":{"rendered":"<p>Z\u00e1v\u011bsn\u00e1 lampa z 60. let je vyrobena z lisovan\u00e9ho skla s n\u00e1padnou strukturou. Lustr je jednoduch\u00fd, ale pr\u00e1v\u011b struktura skla<\/p>\n","protected":false},"featured_media":6485,"template":"","meta":[],"product_brand":[],"product_cat":[79,140],"product_tag":[],"class_list":{"0":"post-33917","1":"product","2":"type-product","3":"status-publish","4":"has-post-thumbnail","6":"product_cat-svetla","7":"product_cat-lustry","9":"first","10":"outofstock","11":"purchasable","12":"product-type-simple"},"_links":{"self":[{"href":"https:\/\/eterle.cz\/eshop\/wp-json\/wp\/v2\/product\/33917","targetHints":{"allow":["GET"]}}],"collection":[{"href":"https:\/\/eterle.cz\/eshop\/wp-json\/wp\/v2\/product"}],"about":[{"href":"https:\/\/eterle.cz\/eshop\/wp-json\/wp\/v2\/types\/product"}],"version-history":[{"count":1,"href":"https:\/\/eterle.cz\/eshop\/wp-json\/wp\/v2\/product\/33917\/revisions"}],"predecessor-version":[{"id":33918,"href":"https:\/\/eterle.cz\/eshop\/wp-json\/wp\/v2\/product\/33917\/revisions\/33918"}],"wp:featuredmedia":[{"embeddable":true,"href":"https:\/\/eterle.cz\/eshop\/wp-json\/wp\/v2\/media\/6485"}],"wp:attachment":[{"href":"https:\/\/eterle.cz\/eshop\/wp-json\/wp\/v2\/media?parent=33917"}],"wp:term":[{"taxonomy":"product_brand","embeddable":true,"href":"https:\/\/eterle.cz\/eshop\/wp-json\/wp\/v2\/product_brand?post=33917"},{"taxonomy":"product_cat","embeddable":true,"href":"https:\/\/eterle.cz\/eshop\/wp-json\/wp\/v2\/product_cat?post=33917"},{"taxonomy":"product_tag","embeddable":true,"href":"https:\/\/eterle.cz\/eshop\/wp-json\/wp\/v2\/product_tag?post=33917"}],"curies":[{"name":"wp","href":"https:\/\/api.w.org\/{rel}","templated":true}]}}