{"id":35115,"date":"2026-03-16T22:29:04","date_gmt":"2026-03-16T21:29:04","guid":{"rendered":"https:\/\/eterle.cz\/eshop\/?post_type=product&#038;p=35115"},"modified":"2026-04-08T23:25:54","modified_gmt":"2026-04-08T21:25:54","slug":"art-deco-vitrina","status":"publish","type":"product","link":"https:\/\/eterle.cz\/eshop\/produkt\/art-deco-vitrina\/","title":{"rendered":"Art Deco vitr\u00edna"},"content":{"rendered":"<p><span data-sheets-root=\"1\">Vitr\u00edna z prvn\u00ed poloviny 20. stolet\u00ed p\u0159edstavuje typick\u00fd p\u0159\u00edklad \u010deskoslovensk\u00e9ho n\u00e1bytku inspirovan\u00e9ho stylem art deco. Dominantn\u00edm prvkem je o\u0159echov\u00e1 d\u00fdha s v\u00fdraznou kresbou, kter\u00e1 na spodn\u00edch dv\u00ed\u0159k\u00e1ch vytv\u00e1\u0159\u00ed t\u00e9m\u011b\u0159 symetrickou kompozici a zv\u00fdraz\u0148uje p\u0159irozenou strukturu d\u0159eva.<\/span><\/p>\n<p>Korpus je charakteristick\u00fd m\u011bkce zaoblen\u00fdmi hranami a plastick\u00fdm r\u00e1mov\u00e1n\u00edm. Tento zp\u016fsob tvarov\u00e1n\u00ed byl ve 30. a 40. letech velmi popul\u00e1rn\u00ed a \u010dasto se ozna\u010duje jako tzv. \u201ewaterfall\u201c styl \u2013 n\u00e1bytek s plynule zakulacen\u00fdmi hranami, kter\u00fd m\u011bl p\u016fsobit elegantn\u011b a modern\u011b z\u00e1rove\u0148.<\/p>\n<p>Horn\u00ed \u010d\u00e1st prosklen\u00e1 \u010d\u00e1st s posuvn\u00fdmi sklen\u011bn\u00fdmi dv\u00ed\u0159ky sv\u00e1d\u00ed k vystaven\u00ed \u010dehokoliv, \u010d\u00edm se chcete t\u011b\u0161it. Spodn\u00ed \u010d\u00e1st naopak nab\u00edz\u00ed uzav\u0159en\u00fd prostor na v\u0161e, co nechcete m\u00edt na o\u010d\u00edch.<\/p>\n<p>Tvaroslov\u00ed odpov\u00edd\u00e1 produkci \u010deskoslovensk\u00e9ho n\u00e1bytk\u00e1\u0159stv\u00ed z obdob\u00ed kolem let 1935\u20131945, kdy se v interi\u00e9rech prol\u00ednala elegance pozdn\u00edho art deca s nastupuj\u00edc\u00edm funkcionalismem. V t\u00e9 dob\u011b vznikala \u0159ada podobn\u00fdch vitr\u00edn ve velk\u00fdch tov\u00e1rn\u00e1ch, nap\u0159\u00edklad v UP Z\u00e1vodech Brno, kde p\u016fsobil design\u00e9r Jind\u0159ich Halabala, jeden z nejv\u00fdznamn\u011bj\u0161\u00edch \u010deskoslovensk\u00fdch n\u00e1vrh\u00e1\u0159\u016f n\u00e1bytku 20. stolet\u00ed.<\/p>\n<p>P\u0159esto\u017ee tento kus nelze s jistotou p\u0159i\u0159adit ke konkr\u00e9tn\u00edmu autorovi, velmi dob\u0159e reprezentuje kvalitu a estetiku meziv\u00e1le\u010dn\u00e9ho \u010deskoslovensk\u00e9ho designu.<\/p>\n<p><span data-sheets-root=\"1\">Stav: velmi dobr\u00fd p\u016fvodn\u00ed stav (vnit\u0159n\u00ed police byly po nafocen\u00ed o\u010di\u0161t\u011bny). Jedno sklo m\u00e1 asi 10 cm linky cca v \u00farovni police, na druh\u00e9m sklu nen\u00ed vybrou\u0161en\u00fd \u017el\u00e1bek na otv\u00edr\u00e1n\u00ed<\/span><\/p>\n<p>Rozm\u011br<\/p>\n<p>V\u00fd\u0161ka:168 cm<\/p>\n<p>\u0160\u00ed\u0159ka: 129 cm<\/p>\n<div>Hloubka: 45 cm<\/div>\n","protected":false},"excerpt":{"rendered":"<p>Vitr\u00edna z prvn\u00ed poloviny 20. stolet\u00ed p\u0159edstavuje typick\u00fd p\u0159\u00edklad \u010deskoslovensk\u00e9ho n\u00e1bytku inspirovan\u00e9ho stylem art deco. Dominantn\u00edm prvkem je o\u0159echov\u00e1 d\u00fdha<\/p>\n","protected":false},"featured_media":35088,"template":"","meta":[],"product_brand":[],"product_cat":[95,130,125],"product_tag":[],"class_list":{"0":"post-35115","1":"product","2":"type-product","3":"status-publish","4":"has-post-thumbnail","6":"product_cat-novinky","7":"product_cat-nabytek","8":"product_cat-komody-a-skrine","9":"product_shipping_class-nadrozmerne","11":"first","12":"instock","13":"taxable","14":"shipping-taxable","15":"purchasable","16":"product-type-simple"},"_links":{"self":[{"href":"https:\/\/eterle.cz\/eshop\/wp-json\/wp\/v2\/product\/35115","targetHints":{"allow":["GET"]}}],"collection":[{"href":"https:\/\/eterle.cz\/eshop\/wp-json\/wp\/v2\/product"}],"about":[{"href":"https:\/\/eterle.cz\/eshop\/wp-json\/wp\/v2\/types\/product"}],"version-history":[{"count":6,"href":"https:\/\/eterle.cz\/eshop\/wp-json\/wp\/v2\/product\/35115\/revisions"}],"predecessor-version":[{"id":36171,"href":"https:\/\/eterle.cz\/eshop\/wp-json\/wp\/v2\/product\/35115\/revisions\/36171"}],"wp:featuredmedia":[{"embeddable":true,"href":"https:\/\/eterle.cz\/eshop\/wp-json\/wp\/v2\/media\/35088"}],"wp:attachment":[{"href":"https:\/\/eterle.cz\/eshop\/wp-json\/wp\/v2\/media?parent=35115"}],"wp:term":[{"taxonomy":"product_brand","embeddable":true,"href":"https:\/\/eterle.cz\/eshop\/wp-json\/wp\/v2\/product_brand?post=35115"},{"taxonomy":"product_cat","embeddable":true,"href":"https:\/\/eterle.cz\/eshop\/wp-json\/wp\/v2\/product_cat?post=35115"},{"taxonomy":"product_tag","embeddable":true,"href":"https:\/\/eterle.cz\/eshop\/wp-json\/wp\/v2\/product_tag?post=35115"}],"curies":[{"name":"wp","href":"https:\/\/api.w.org\/{rel}","templated":true}]}}