{"id":35552,"date":"2026-04-01T13:33:40","date_gmt":"2026-04-01T11:33:40","guid":{"rendered":"https:\/\/eterle.cz\/eshop\/produkt\/zamecke-sofa\/"},"modified":"2026-04-13T12:32:31","modified_gmt":"2026-04-13T10:32:31","slug":"zamecke-sofa","status":"publish","type":"product","link":"https:\/\/eterle.cz\/eshop\/produkt\/zamecke-sofa\/","title":{"rendered":"Z\u00e1meck\u00e9 sofa"},"content":{"rendered":"<p>Pohovka z prvn\u00ed poloviny 20. stolet\u00ed nese v\u00fdrazn\u00e9 znaky pozdn\u00edho art deca s jemn\u00fdm p\u0159esahem k tradi\u010dn\u011bj\u0161\u00edmu, t\u00e9m\u011b\u0159 emp\u00edrov\u00e9mu tvaru. Na prvn\u00ed pohled zaujme elegantn\u00ed siluetou \u2013 zvln\u011bn\u00e1 horn\u00ed hrana op\u011bradla, plynule navazuj\u00edc\u00ed podru\u010dky a charakteristicky prohnut\u00e9 bo\u010dnice vytv\u00e1\u0159ej\u00ed celek, kter\u00fd p\u016fsob\u00ed m\u011bkce a z\u00e1rove\u0148 velmi dekorativn\u011b. D\u00edky sv\u00e9 v\u00fdrazn\u00e9 siluet\u011b funguje dnes p\u0159edev\u0161\u00edm jako solit\u00e9r. V interi\u00e9ru vytv\u00e1\u0159\u00ed v\u00fdrazn\u00fd, t\u00e9m\u011b\u0159 sc\u00e9nografick\u00fd prvek.<\/p>\n<p>Stav: p\u016fvodn\u00ed zachoval\u00fd, nohy zn\u00e1mky po ji\u017e neaktivn\u00edm \/mrtv\u00e9m \u010dervoto\u010di<br \/>\nRozm\u011bry<br \/>\nV\u00fd\u0161ka: 102 cm<br \/>\n\u0160\u00ed\u0159ka: 192 cm<br \/>\nHloubka: 73 cm<\/p>\n<p>&nbsp;<\/p>\n","protected":false},"excerpt":{"rendered":"<p>Pohovka z prvn\u00ed poloviny 20. stolet\u00ed nese v\u00fdrazn\u00e9 znaky pozdn\u00edho art deca s jemn\u00fdm p\u0159esahem k tradi\u010dn\u011bj\u0161\u00edmu, t\u00e9m\u011b\u0159 emp\u00edrov\u00e9mu tvaru.<\/p>\n","protected":false},"featured_media":35554,"template":"","meta":[],"product_brand":[],"product_cat":[95,130,123],"product_tag":[],"class_list":{"0":"post-35552","1":"product","2":"type-product","3":"status-publish","4":"has-post-thumbnail","6":"product_cat-novinky","7":"product_cat-nabytek","8":"product_cat-sofa","9":"product_shipping_class-nadrozmerne","11":"first","12":"instock","13":"purchasable","14":"product-type-simple"},"_links":{"self":[{"href":"https:\/\/eterle.cz\/eshop\/wp-json\/wp\/v2\/product\/35552","targetHints":{"allow":["GET"]}}],"collection":[{"href":"https:\/\/eterle.cz\/eshop\/wp-json\/wp\/v2\/product"}],"about":[{"href":"https:\/\/eterle.cz\/eshop\/wp-json\/wp\/v2\/types\/product"}],"version-history":[{"count":1,"href":"https:\/\/eterle.cz\/eshop\/wp-json\/wp\/v2\/product\/35552\/revisions"}],"predecessor-version":[{"id":35553,"href":"https:\/\/eterle.cz\/eshop\/wp-json\/wp\/v2\/product\/35552\/revisions\/35553"}],"wp:featuredmedia":[{"embeddable":true,"href":"https:\/\/eterle.cz\/eshop\/wp-json\/wp\/v2\/media\/35554"}],"wp:attachment":[{"href":"https:\/\/eterle.cz\/eshop\/wp-json\/wp\/v2\/media?parent=35552"}],"wp:term":[{"taxonomy":"product_brand","embeddable":true,"href":"https:\/\/eterle.cz\/eshop\/wp-json\/wp\/v2\/product_brand?post=35552"},{"taxonomy":"product_cat","embeddable":true,"href":"https:\/\/eterle.cz\/eshop\/wp-json\/wp\/v2\/product_cat?post=35552"},{"taxonomy":"product_tag","embeddable":true,"href":"https:\/\/eterle.cz\/eshop\/wp-json\/wp\/v2\/product_tag?post=35552"}],"curies":[{"name":"wp","href":"https:\/\/api.w.org\/{rel}","templated":true}]}}