{"id":35597,"date":"2026-04-01T13:35:19","date_gmt":"2026-04-01T11:35:19","guid":{"rendered":"https:\/\/eterle.cz\/eshop\/produkt\/4-zidle-lizatka-halabala\/"},"modified":"2026-04-01T13:54:16","modified_gmt":"2026-04-01T11:54:16","slug":"4-zidle-lizatka-halabala","status":"publish","type":"product","link":"https:\/\/eterle.cz\/eshop\/produkt\/4-zidle-lizatka-halabala\/","title":{"rendered":"4 \u017eidle l\u00edz\u00e1tka \/ Halabala"},"content":{"rendered":"<p>Staro\u017eitn\u00e9 j\u00eddeln\u00ed \u017eidle podle n\u00e1vrhu Jind\u0159icha Halabaly pro \u00daP z\u00e1vody. Jedn\u00e1 se o model H-214 tak\u00e9 p\u0159ezd\u00edvan\u00fd \u201el\u00edz\u00e1tka\u201c. Halabalovo d\u00edlo je pova\u017eov\u00e1no za spojen\u00ed mezi inovativn\u00edm \u010desk\u00fdm kubismem z roku 1910, art decem z po\u010d\u00e1tku dvac\u00e1t\u00fdch let a evropsk\u00fdm modern\u00edm um\u011bn\u00edm po druh\u00e9 sv\u011btov\u00e9 v\u00e1lce. Jeho komer\u010dn\u011b \u00fasp\u011b\u0161n\u00e9 designy byly siln\u011b zalo\u017eeny na designu Bauhausu.<\/p>\n<p>Stav: p\u016fvodn\u00ed zachoval\u00fd, na jedn\u00e9 noze zn\u00e1mky po ji\u017e mrtv\u00e9m neaktivn\u00edm \u010dervoto\u010di, na jedn\u00e9 \u017eidli lehce natr\u017een\u00e9 \u010daloun\u011bn\u00ed v rohu u nohy<br \/>\nZna\u010dka: Jind\u0159ich Halabala<br \/>\nRozm\u011bry<br \/>\nV\u00fd\u0161ka: 83 cm<br \/>\nV\u00fd\u0161ka sed\u00e1ku: 46 cm<br \/>\n\u0160\u00ed\u0159ka celkov\u00e1: 45 cm<br \/>\nHloubka celkov\u00e1: 55 cm<br \/>\nHloubka sed\u00e1ku: 46 cm<\/p>\n<p>&nbsp;<\/p>\n","protected":false},"excerpt":{"rendered":"<p>Staro\u017eitn\u00e9 j\u00eddeln\u00ed \u017eidle podle n\u00e1vrhu Jind\u0159icha Halabaly pro \u00daP z\u00e1vody. Jedn\u00e1 se o model H-214 tak\u00e9 p\u0159ezd\u00edvan\u00fd \u201el\u00edz\u00e1tka\u201c. Halabalovo d\u00edlo<\/p>\n","protected":false},"featured_media":35599,"template":"","meta":[],"product_brand":[],"product_cat":[95,130,121],"product_tag":[],"class_list":{"0":"post-35597","1":"product","2":"type-product","3":"status-publish","4":"has-post-thumbnail","6":"product_cat-novinky","7":"product_cat-nabytek","8":"product_cat-zidle","9":"product_shipping_class-nadrozmerne","11":"first","12":"instock","13":"purchasable","14":"product-type-simple"},"_links":{"self":[{"href":"https:\/\/eterle.cz\/eshop\/wp-json\/wp\/v2\/product\/35597","targetHints":{"allow":["GET"]}}],"collection":[{"href":"https:\/\/eterle.cz\/eshop\/wp-json\/wp\/v2\/product"}],"about":[{"href":"https:\/\/eterle.cz\/eshop\/wp-json\/wp\/v2\/types\/product"}],"version-history":[{"count":1,"href":"https:\/\/eterle.cz\/eshop\/wp-json\/wp\/v2\/product\/35597\/revisions"}],"predecessor-version":[{"id":35598,"href":"https:\/\/eterle.cz\/eshop\/wp-json\/wp\/v2\/product\/35597\/revisions\/35598"}],"wp:featuredmedia":[{"embeddable":true,"href":"https:\/\/eterle.cz\/eshop\/wp-json\/wp\/v2\/media\/35599"}],"wp:attachment":[{"href":"https:\/\/eterle.cz\/eshop\/wp-json\/wp\/v2\/media?parent=35597"}],"wp:term":[{"taxonomy":"product_brand","embeddable":true,"href":"https:\/\/eterle.cz\/eshop\/wp-json\/wp\/v2\/product_brand?post=35597"},{"taxonomy":"product_cat","embeddable":true,"href":"https:\/\/eterle.cz\/eshop\/wp-json\/wp\/v2\/product_cat?post=35597"},{"taxonomy":"product_tag","embeddable":true,"href":"https:\/\/eterle.cz\/eshop\/wp-json\/wp\/v2\/product_tag?post=35597"}],"curies":[{"name":"wp","href":"https:\/\/api.w.org\/{rel}","templated":true}]}}