{"id":35608,"date":"2026-04-01T13:35:44","date_gmt":"2026-04-01T11:35:44","guid":{"rendered":"https:\/\/eterle.cz\/eshop\/produkt\/jidelni-rozkladaci-stul-4\/"},"modified":"2026-04-01T13:54:16","modified_gmt":"2026-04-01T11:54:16","slug":"jidelni-rozkladaci-stul-4","status":"publish","type":"product","link":"https:\/\/eterle.cz\/eshop\/produkt\/jidelni-rozkladaci-stul-4\/","title":{"rendered":"J\u00eddeln\u00ed rozkl\u00e1dac\u00ed st\u016fl"},"content":{"rendered":"<p>Rozkl\u00e1dac\u00ed j\u00eddeln\u00ed st\u016fl z prvn\u00ed poloviny 20. stolet\u00ed stoj\u00ed na pomez\u00ed jednoduchosti a jemn\u00e9 dekorativnosti. Na prvn\u00ed pohled p\u016fsob\u00ed minimalisticky, ale p\u0159i bli\u017e\u0161\u00edm pohledu vyniknou detaily, kter\u00e9 mu d\u00e1vaj\u00ed osobit\u00fd charakter.<\/p>\n<p>Ov\u00e1ln\u00e1 deska s p\u0159irozenou kresbou d\u0159eva je rozkl\u00e1dac\u00ed, po rozta\u017een\u00ed se do st\u0159edu vkl\u00e1d\u00e1 p\u0159\u00eddavn\u00e1 \u010d\u00e1st, kter\u00e1 je prakticky ulo\u017een\u00e1 p\u0159\u00edmo v konstrukci stolu. Charakter stolu ur\u010duj\u00ed p\u0159edev\u0161\u00edm tvarovan\u00e9, lehce prohnut\u00e9 nohy a jemn\u011b profilovan\u00e1 hrana desky. Tyto detaily p\u016fsob\u00ed nen\u00e1padn\u011b, ale dod\u00e1vaj\u00ed stolu eleganci a vyv\u00e1\u017een\u00fd, p\u0159irozen\u00fd v\u00fdraz. Tvar odpov\u00edd\u00e1 obdob\u00ed 30.\u201340. let, kdy se v n\u00e1bytku st\u00e1le objevuje dekorativnost art deca, ale z\u00e1rove\u0148 se u\u017e prosazuje jednodu\u0161\u0161\u00ed, funk\u010dn\u011bj\u0161\u00ed p\u0159\u00edstup.<\/p>\n<p>Stav: p\u016fvodn\u00ed s patinou (drobn\u00e9 od\u011brky)<br \/>\nRozm\u011bry<br \/>\nV\u00fd\u0161ka: 79 cm<br \/>\nSlo\u017een\u00fd: 110&#215;139 cm<br \/>\nRozlo\u017een\u00fd: 110 x 202 cm<\/p>\n<p>&nbsp;<\/p>\n","protected":false},"excerpt":{"rendered":"<p>Rozkl\u00e1dac\u00ed j\u00eddeln\u00ed st\u016fl z prvn\u00ed poloviny 20. stolet\u00ed stoj\u00ed na pomez\u00ed jednoduchosti a jemn\u00e9 dekorativnosti. Na prvn\u00ed pohled p\u016fsob\u00ed minimalisticky,<\/p>\n","protected":false},"featured_media":35610,"template":"","meta":[],"product_brand":[],"product_cat":[95,130,124],"product_tag":[],"class_list":{"0":"post-35608","1":"product","2":"type-product","3":"status-publish","4":"has-post-thumbnail","6":"product_cat-novinky","7":"product_cat-nabytek","8":"product_cat-stoly","9":"product_shipping_class-nadrozmerne","11":"first","12":"instock","13":"purchasable","14":"product-type-simple"},"_links":{"self":[{"href":"https:\/\/eterle.cz\/eshop\/wp-json\/wp\/v2\/product\/35608","targetHints":{"allow":["GET"]}}],"collection":[{"href":"https:\/\/eterle.cz\/eshop\/wp-json\/wp\/v2\/product"}],"about":[{"href":"https:\/\/eterle.cz\/eshop\/wp-json\/wp\/v2\/types\/product"}],"version-history":[{"count":1,"href":"https:\/\/eterle.cz\/eshop\/wp-json\/wp\/v2\/product\/35608\/revisions"}],"predecessor-version":[{"id":35609,"href":"https:\/\/eterle.cz\/eshop\/wp-json\/wp\/v2\/product\/35608\/revisions\/35609"}],"wp:featuredmedia":[{"embeddable":true,"href":"https:\/\/eterle.cz\/eshop\/wp-json\/wp\/v2\/media\/35610"}],"wp:attachment":[{"href":"https:\/\/eterle.cz\/eshop\/wp-json\/wp\/v2\/media?parent=35608"}],"wp:term":[{"taxonomy":"product_brand","embeddable":true,"href":"https:\/\/eterle.cz\/eshop\/wp-json\/wp\/v2\/product_brand?post=35608"},{"taxonomy":"product_cat","embeddable":true,"href":"https:\/\/eterle.cz\/eshop\/wp-json\/wp\/v2\/product_cat?post=35608"},{"taxonomy":"product_tag","embeddable":true,"href":"https:\/\/eterle.cz\/eshop\/wp-json\/wp\/v2\/product_tag?post=35608"}],"curies":[{"name":"wp","href":"https:\/\/api.w.org\/{rel}","templated":true}]}}