{"id":35619,"date":"2026-04-01T13:36:07","date_gmt":"2026-04-01T11:36:07","guid":{"rendered":"https:\/\/eterle.cz\/eshop\/produkt\/komoda-v-bruselskem-stylu\/"},"modified":"2026-04-01T13:54:16","modified_gmt":"2026-04-01T11:54:16","slug":"komoda-v-bruselskem-stylu","status":"publish","type":"product","link":"https:\/\/eterle.cz\/eshop\/produkt\/komoda-v-bruselskem-stylu\/","title":{"rendered":"Komoda v bruselsk\u00e9m stylu"},"content":{"rendered":"<p>Komoda z 60. let v duchu bruselsk\u00e9ho stylu \u010deskoslovensk\u00e9ho designu zaujme \u010distou lini\u00ed a tepl\u00fdm odst\u00ednem d\u00fdhy, kter\u00fd nech\u00e1v\u00e1 vyniknout p\u0159irozenou kresbu d\u0159eva.<\/p>\n<p>Dominantn\u00edm prvkem je st\u0159edov\u00e1 \u010d\u00e1st se z\u00e1suvkami, jejich\u017e \u00fachyty jsou nejv\u00fdrazn\u011bj\u0161\u00edm prvkem a vytv\u00e1\u0159ej\u00ed dynamiku, kter\u00fd o\u017eivuje jinak klidn\u00fd celek. Komoda stoj\u00ed na lehce vyta\u017een\u00fdch, \u0161ikmo postaven\u00fdch no\u017ek\u00e1ch, kter\u00e9 j\u00ed dod\u00e1vaj\u00ed typickou lehkost a z\u00e1rove\u0148 odkazuj\u00ed na design 60. let minul\u00e9ho stolet\u00ed. <\/p>\n<p>Jde o praktick\u00fd kus n\u00e1bytku, kter\u00fd kombinuje jednoduchost s v\u00fdrazn\u011bj\u0161\u00edm detailem.<\/p>\n<p>Stav: velmi dobr\u00fd, horn\u00ed deska po renovaci<br \/>\nRozm\u011bry<br \/>\nV\u00fd\u0161ka: 73 cm<br \/>\n\u0160\u00ed\u0159ka: 191 cm<br \/>\nHloubka: 48 cm<\/p>\n<p>&nbsp;<\/p>\n","protected":false},"excerpt":{"rendered":"<p>Komoda z 60. let v duchu bruselsk\u00e9ho stylu \u010deskoslovensk\u00e9ho designu zaujme \u010distou lini\u00ed a tepl\u00fdm odst\u00ednem d\u00fdhy, kter\u00fd nech\u00e1v\u00e1 vyniknout<\/p>\n","protected":false},"featured_media":35621,"template":"","meta":[],"product_brand":[],"product_cat":[95,130,125],"product_tag":[],"class_list":{"0":"post-35619","1":"product","2":"type-product","3":"status-publish","4":"has-post-thumbnail","6":"product_cat-novinky","7":"product_cat-nabytek","8":"product_cat-komody-a-skrine","9":"product_shipping_class-nadrozmerne","11":"first","12":"instock","13":"purchasable","14":"product-type-simple"},"_links":{"self":[{"href":"https:\/\/eterle.cz\/eshop\/wp-json\/wp\/v2\/product\/35619","targetHints":{"allow":["GET"]}}],"collection":[{"href":"https:\/\/eterle.cz\/eshop\/wp-json\/wp\/v2\/product"}],"about":[{"href":"https:\/\/eterle.cz\/eshop\/wp-json\/wp\/v2\/types\/product"}],"version-history":[{"count":1,"href":"https:\/\/eterle.cz\/eshop\/wp-json\/wp\/v2\/product\/35619\/revisions"}],"predecessor-version":[{"id":35620,"href":"https:\/\/eterle.cz\/eshop\/wp-json\/wp\/v2\/product\/35619\/revisions\/35620"}],"wp:featuredmedia":[{"embeddable":true,"href":"https:\/\/eterle.cz\/eshop\/wp-json\/wp\/v2\/media\/35621"}],"wp:attachment":[{"href":"https:\/\/eterle.cz\/eshop\/wp-json\/wp\/v2\/media?parent=35619"}],"wp:term":[{"taxonomy":"product_brand","embeddable":true,"href":"https:\/\/eterle.cz\/eshop\/wp-json\/wp\/v2\/product_brand?post=35619"},{"taxonomy":"product_cat","embeddable":true,"href":"https:\/\/eterle.cz\/eshop\/wp-json\/wp\/v2\/product_cat?post=35619"},{"taxonomy":"product_tag","embeddable":true,"href":"https:\/\/eterle.cz\/eshop\/wp-json\/wp\/v2\/product_tag?post=35619"}],"curies":[{"name":"wp","href":"https:\/\/api.w.org\/{rel}","templated":true}]}}