{"id":35643,"date":"2026-04-01T13:36:54","date_gmt":"2026-04-01T11:36:54","guid":{"rendered":"https:\/\/eterle.cz\/eshop\/produkt\/retro-sofa\/"},"modified":"2026-04-01T13:54:16","modified_gmt":"2026-04-01T11:54:16","slug":"retro-sofa","status":"publish","type":"product","link":"https:\/\/eterle.cz\/eshop\/produkt\/retro-sofa\/","title":{"rendered":"Retro sofa"},"content":{"rendered":"<p>Pohovka, kter\u00e1 oslov\u00ed milovn\u00edky retro designu v jeho autentick\u00e9 podob\u011b. P\u016fvodn\u00ed \u010daloun\u011bn\u00ed s charakteristick\u00fdm vzorem nese jasnou stopu sv\u00e9 doby a dod\u00e1v\u00e1 kusu osobitost i atmosf\u00e9ru.<br \/>\nTypick\u00fd kus \u010deskoslovensk\u00e9ho designu 60. a 70. let, kde se prakti\u010dnost p\u0159irozen\u011b propojuje s estetikou. Jednoduch\u00fd, \u010dist\u00fd tvar tvo\u0159\u00ed nad\u010dasov\u00fd z\u00e1klad, kter\u00fd nepodl\u00e9h\u00e1 trend\u016fm.<br \/>\nPr\u00e1v\u011b d\u00edky t\u00e9to st\u0159\u00eddm\u00e9 siluet\u011b se dok\u00e1\u017ee snadno prom\u011bnit \u2013 sta\u010d\u00ed zm\u011bnit \u010daloun\u011bn\u00ed a r\u00e1zem vznikne minimalistick\u00e1, sou\u010dasn\u011b p\u016fsob\u00edc\u00ed seda\u010dka. Praktick\u00fdm bonusem je rozkl\u00e1dac\u00ed mechanismus, d\u00edky kter\u00e9mu se b\u011bhem chv\u00edle prom\u011bn\u00ed v plnohodnotn\u00e9 l\u016f\u017eko. K dispozici m\u00e1me ve stejn\u00e9m designu i dv\u011b k\u0159esla (NAB540).<\/p>\n<p>Stav: p\u016fvodn\u00ed zachoval\u00fd, \u010daloun\u011bn\u00ed bez po\u0161kozen\u00ed<br \/>\nRozm\u011bry<br \/>\nV\u00fd\u0161ka: 75 cm<br \/>\n\u0160\u00ed\u0159ka: 2 m<br \/>\nHloubka: 80 cm, rozta\u017een\u00e9 120 cm<\/p>\n<p>&nbsp;<\/p>\n","protected":false},"excerpt":{"rendered":"<p>Pohovka, kter\u00e1 oslov\u00ed milovn\u00edky retro designu v jeho autentick\u00e9 podob\u011b. P\u016fvodn\u00ed \u010daloun\u011bn\u00ed s charakteristick\u00fdm vzorem nese jasnou stopu sv\u00e9 doby<\/p>\n","protected":false},"featured_media":35645,"template":"","meta":[],"product_brand":[],"product_cat":[95,130,123],"product_tag":[],"class_list":{"0":"post-35643","1":"product","2":"type-product","3":"status-publish","4":"has-post-thumbnail","6":"product_cat-novinky","7":"product_cat-nabytek","8":"product_cat-sofa","9":"product_shipping_class-nadrozmerne","11":"first","12":"instock","13":"purchasable","14":"product-type-simple"},"_links":{"self":[{"href":"https:\/\/eterle.cz\/eshop\/wp-json\/wp\/v2\/product\/35643","targetHints":{"allow":["GET"]}}],"collection":[{"href":"https:\/\/eterle.cz\/eshop\/wp-json\/wp\/v2\/product"}],"about":[{"href":"https:\/\/eterle.cz\/eshop\/wp-json\/wp\/v2\/types\/product"}],"version-history":[{"count":1,"href":"https:\/\/eterle.cz\/eshop\/wp-json\/wp\/v2\/product\/35643\/revisions"}],"predecessor-version":[{"id":35644,"href":"https:\/\/eterle.cz\/eshop\/wp-json\/wp\/v2\/product\/35643\/revisions\/35644"}],"wp:featuredmedia":[{"embeddable":true,"href":"https:\/\/eterle.cz\/eshop\/wp-json\/wp\/v2\/media\/35645"}],"wp:attachment":[{"href":"https:\/\/eterle.cz\/eshop\/wp-json\/wp\/v2\/media?parent=35643"}],"wp:term":[{"taxonomy":"product_brand","embeddable":true,"href":"https:\/\/eterle.cz\/eshop\/wp-json\/wp\/v2\/product_brand?post=35643"},{"taxonomy":"product_cat","embeddable":true,"href":"https:\/\/eterle.cz\/eshop\/wp-json\/wp\/v2\/product_cat?post=35643"},{"taxonomy":"product_tag","embeddable":true,"href":"https:\/\/eterle.cz\/eshop\/wp-json\/wp\/v2\/product_tag?post=35643"}],"curies":[{"name":"wp","href":"https:\/\/api.w.org\/{rel}","templated":true}]}}