{"id":35669,"date":"2026-04-01T13:37:48","date_gmt":"2026-04-01T11:37:48","guid":{"rendered":"https:\/\/eterle.cz\/eshop\/produkt\/rozkladaci-jidelni-stul-art-deco\/"},"modified":"2026-04-01T13:54:16","modified_gmt":"2026-04-01T11:54:16","slug":"rozkladaci-jidelni-stul-art-deco","status":"publish","type":"product","link":"https:\/\/eterle.cz\/eshop\/produkt\/rozkladaci-jidelni-stul-art-deco\/","title":{"rendered":"Rozkl\u00e1dac\u00ed j\u00eddeln\u00ed st\u016fl \/ Art Deco"},"content":{"rendered":"<p>Rozkl\u00e1dac\u00ed j\u00eddeln\u00ed st\u016fl z obdob\u00ed meziv\u00e1le\u010dn\u00e9ho \u010ceskoslovenska, nesouc\u00ed jasn\u00e9 znaky stylu Art Deco, kde se propojuje funk\u010dnost s d\u016frazem na materi\u00e1l, proporci a vizu\u00e1ln\u00ed efekt.<\/p>\n<p>Dominantou je horn\u00ed deska s v\u00fdraznou kresbou o\u0159echov\u00e9 d\u00fdhy, kter\u00e1 vytv\u00e1\u0159\u00ed p\u0159irozen\u00fd st\u0159edov\u00fd akcent a dod\u00e1v\u00e1 celku hloubku i eleganci. Minimalistick\u00fd vzhled nohou je typick\u00fd pro dom\u00e1c\u00ed produkci inspirovanou evropsk\u00fdm Art Decem a dozn\u00edvaj\u00edc\u00edm funkcionalismem.<\/p>\n<p>Podobn\u00e9 stoly vznikaly v meziv\u00e1le\u010dn\u00e9m obdob\u00ed v \u010ceskoslovensku v r\u00e1mci kvalitn\u00ed s\u00e9riov\u00e9 i zak\u00e1zkov\u00e9 v\u00fdroby, \u010dasto v n\u00e1vaznosti na evropsk\u00e9 Art Deco, s d\u016frazem na \u0159emesln\u00e9 zpracov\u00e1n\u00ed a dlouhou \u017eivotnost.<\/p>\n<p>Stav: horn\u00ed deska po renovaci, nohy v po\u0159\u00e1dku, stav p\u016fvodn\u00ed; r\u00e1m desky nese jemnou patinu odpov\u00eddaj\u00edc\u00ed st\u00e1\u0159\u00ed, kter\u00e1 podtrhuje autenticitu a charakter cel\u00e9ho kusu<br \/>\nRozm\u011bry<br \/>\nV\u00fd\u0161ka: 78 cm<br \/>\nPr\u016fm\u011br: 119 cm<br \/>\nRozlo\u017een\u00fd: 175&#215;119 cm<\/p>\n<p>&nbsp;<\/p>\n","protected":false},"excerpt":{"rendered":"<p>Rozkl\u00e1dac\u00ed j\u00eddeln\u00ed st\u016fl z obdob\u00ed meziv\u00e1le\u010dn\u00e9ho \u010ceskoslovenska, nesouc\u00ed jasn\u00e9 znaky stylu Art Deco, kde se propojuje funk\u010dnost s d\u016frazem na<\/p>\n","protected":false},"featured_media":35671,"template":"","meta":[],"product_brand":[],"product_cat":[95,130,124],"product_tag":[],"class_list":{"0":"post-35669","1":"product","2":"type-product","3":"status-publish","4":"has-post-thumbnail","6":"product_cat-novinky","7":"product_cat-nabytek","8":"product_cat-stoly","9":"product_shipping_class-nadrozmerne","11":"first","12":"instock","13":"purchasable","14":"product-type-simple"},"_links":{"self":[{"href":"https:\/\/eterle.cz\/eshop\/wp-json\/wp\/v2\/product\/35669","targetHints":{"allow":["GET"]}}],"collection":[{"href":"https:\/\/eterle.cz\/eshop\/wp-json\/wp\/v2\/product"}],"about":[{"href":"https:\/\/eterle.cz\/eshop\/wp-json\/wp\/v2\/types\/product"}],"version-history":[{"count":1,"href":"https:\/\/eterle.cz\/eshop\/wp-json\/wp\/v2\/product\/35669\/revisions"}],"predecessor-version":[{"id":35670,"href":"https:\/\/eterle.cz\/eshop\/wp-json\/wp\/v2\/product\/35669\/revisions\/35670"}],"wp:featuredmedia":[{"embeddable":true,"href":"https:\/\/eterle.cz\/eshop\/wp-json\/wp\/v2\/media\/35671"}],"wp:attachment":[{"href":"https:\/\/eterle.cz\/eshop\/wp-json\/wp\/v2\/media?parent=35669"}],"wp:term":[{"taxonomy":"product_brand","embeddable":true,"href":"https:\/\/eterle.cz\/eshop\/wp-json\/wp\/v2\/product_brand?post=35669"},{"taxonomy":"product_cat","embeddable":true,"href":"https:\/\/eterle.cz\/eshop\/wp-json\/wp\/v2\/product_cat?post=35669"},{"taxonomy":"product_tag","embeddable":true,"href":"https:\/\/eterle.cz\/eshop\/wp-json\/wp\/v2\/product_tag?post=35669"}],"curies":[{"name":"wp","href":"https:\/\/api.w.org\/{rel}","templated":true}]}}