{"id":35681,"date":"2026-04-01T13:38:14","date_gmt":"2026-04-01T11:38:14","guid":{"rendered":"https:\/\/eterle.cz\/eshop\/produkt\/jidelni-stul-halabala-3\/"},"modified":"2026-04-03T23:41:56","modified_gmt":"2026-04-03T21:41:56","slug":"jidelni-stul-halabala-3","status":"publish","type":"product","link":"https:\/\/eterle.cz\/eshop\/produkt\/jidelni-stul-halabala-3\/","title":{"rendered":"J\u00eddeln\u00ed st\u016fl \/ Halabala"},"content":{"rendered":"<p>Rozkl\u00e1dac\u00ed j\u00eddeln\u00ed st\u016fl p\u0159ipisovan\u00fd Jind\u0159ichu Halabalovi, jedn\u00e9 z kl\u00ed\u010dov\u00fdch osobnost\u00ed \u010deskoslovensk\u00e9ho designu spojen\u00e9ho s UP z\u00e1vody.<br \/>\nTypick\u00fd je pro n\u011bj klidn\u00fd, vyv\u00e1\u017een\u00fd tvar dopln\u011bn\u00fd o jemn\u00e9 detaily \u2013 zu\u017euj\u00edc\u00ed se nohy, zaoblen\u00e9 rohy a v\u00fdrazn\u011bj\u0161\u00ed r\u00e1m pod deskou, kter\u00fd celku dod\u00e1v\u00e1 pevnost i charakter. Celek p\u0159irozen\u011b stoj\u00ed na pomez\u00ed dozn\u00edvaj\u00edc\u00edho Art Deca a nastupuj\u00edc\u00edho funkcionalismu.<br \/>\nHorn\u00ed deska z o\u0159echov\u00e9 d\u00fdhy zaujme kresbou materi\u00e1lu, kter\u00e1 vytv\u00e1\u0159\u00ed p\u0159irozen\u00fd st\u0159edov\u00fd akcent. Rozkl\u00e1dac\u00ed mechanismus umo\u017e\u0148uje snadn\u00e9 zv\u011bt\u0161en\u00ed plochy podle pot\u0159eby \u2013 praktick\u00e1 kvalita, kter\u00e1 byla pro n\u00e1bytek t\u00e9to doby typick\u00e1.<br \/>\nSt\u016fl je v p\u016fvodn\u00edm, dob\u0159e zachovan\u00e9m stavu. Povrch nese jemnou patinu odpov\u00eddaj\u00edc\u00ed st\u00e1\u0159\u00ed, kter\u00e1 podtrhuje jeho autenticitu.<br \/>\nPodobn\u00e9 typy stol\u016f se v \u010deskoslovensk\u00e9 produkci objevuj\u00ed \u010dast\u011bji, pr\u00e1v\u011b proto ale dob\u0159e funguj\u00ed v interi\u00e9ru \u2013 jsou nad\u010dasov\u00e9, funk\u010dn\u00ed a snadno kombinovateln\u00e9 s dal\u0161\u00edm n\u00e1bytkem.<\/p>\n<p>Stav: dobr\u00fd p\u016fvodn\u00ed, na jedn\u00e9 stran\u011b lemu stolu odloupl\u00e1 d\u00fdha<br \/>\nZna\u010dka: Jind\u0159ich Halabala<br \/>\nRozm\u011bry:<br \/>\nV\u00fd\u0161ka: 76 cm<br \/>\nHloubka 85 cm<br \/>\n\u0160\u00ed\u0159ka: 120 cm, rozlo\u017een\u00fd 190 cm<\/p>\n<p>&nbsp;<\/p>\n","protected":false},"excerpt":{"rendered":"<p>Rozkl\u00e1dac\u00ed j\u00eddeln\u00ed st\u016fl p\u0159ipisovan\u00fd Jind\u0159ichu Halabalovi, jedn\u00e9 z kl\u00ed\u010dov\u00fdch osobnost\u00ed \u010deskoslovensk\u00e9ho designu spojen\u00e9ho s UP z\u00e1vody. Typick\u00fd je pro n\u011bj<\/p>\n","protected":false},"featured_media":35683,"template":"","meta":[],"product_brand":[],"product_cat":[95,130,124],"product_tag":[],"class_list":{"0":"post-35681","1":"product","2":"type-product","3":"status-publish","4":"has-post-thumbnail","6":"product_cat-novinky","7":"product_cat-nabytek","8":"product_cat-stoly","9":"product_shipping_class-nadrozmerne","11":"first","12":"instock","13":"purchasable","14":"product-type-simple"},"_links":{"self":[{"href":"https:\/\/eterle.cz\/eshop\/wp-json\/wp\/v2\/product\/35681","targetHints":{"allow":["GET"]}}],"collection":[{"href":"https:\/\/eterle.cz\/eshop\/wp-json\/wp\/v2\/product"}],"about":[{"href":"https:\/\/eterle.cz\/eshop\/wp-json\/wp\/v2\/types\/product"}],"version-history":[{"count":3,"href":"https:\/\/eterle.cz\/eshop\/wp-json\/wp\/v2\/product\/35681\/revisions"}],"predecessor-version":[{"id":36034,"href":"https:\/\/eterle.cz\/eshop\/wp-json\/wp\/v2\/product\/35681\/revisions\/36034"}],"wp:featuredmedia":[{"embeddable":true,"href":"https:\/\/eterle.cz\/eshop\/wp-json\/wp\/v2\/media\/35683"}],"wp:attachment":[{"href":"https:\/\/eterle.cz\/eshop\/wp-json\/wp\/v2\/media?parent=35681"}],"wp:term":[{"taxonomy":"product_brand","embeddable":true,"href":"https:\/\/eterle.cz\/eshop\/wp-json\/wp\/v2\/product_brand?post=35681"},{"taxonomy":"product_cat","embeddable":true,"href":"https:\/\/eterle.cz\/eshop\/wp-json\/wp\/v2\/product_cat?post=35681"},{"taxonomy":"product_tag","embeddable":true,"href":"https:\/\/eterle.cz\/eshop\/wp-json\/wp\/v2\/product_tag?post=35681"}],"curies":[{"name":"wp","href":"https:\/\/api.w.org\/{rel}","templated":true}]}}