{"id":35716,"date":"2026-04-01T13:39:26","date_gmt":"2026-04-01T11:39:26","guid":{"rendered":"https:\/\/eterle.cz\/eshop\/produkt\/odkladaci-stolek-3\/"},"modified":"2026-04-11T17:37:40","modified_gmt":"2026-04-11T15:37:40","slug":"odkladaci-stolek-3","status":"publish","type":"product","link":"https:\/\/eterle.cz\/eshop\/produkt\/odkladaci-stolek-3\/","title":{"rendered":"Odkl\u00e1dac\u00ed stolek"},"content":{"rendered":"<p>Men\u0161\u00ed odkl\u00e1dac\u00ed stolek ve stylu venkovsk\u00e9ho biedermeieru, postaven\u00fd na \u010dtve\u0159ici jemn\u011b soustru\u017een\u00fdch nohou, kter\u00e9 mu d\u00e1vaj\u00ed lehkost i dekorativn\u00ed charakter.<\/p>\n<p>Dominantn\u00edm prvkem je spodn\u00ed odkl\u00e1dac\u00ed police s vy\u0159ez\u00e1van\u00fdm motivem, kter\u00e1 stolku dod\u00e1v\u00e1 v\u00fdraz a z\u00e1rove\u0148 praktickou funkci \u2013 ide\u00e1ln\u00ed na knihy, kv\u011btiny nebo drobnosti ka\u017edodenn\u00edho \u017eivota. Horn\u00ed deska je jednodu\u0161\u0161\u00ed, s p\u0159irozenou kresbou d\u0159eva, a nech\u00e1v\u00e1 tak vyniknout pr\u00e1v\u011b konstrukci a detail\u016fm, kter\u00e9 d\u011blaj\u00ed tento kus zaj\u00edmav\u00fdm.<\/p>\n<p>Skv\u011ble funguje jako stolek na kv\u011btiny nebo jako drobn\u00fd solit\u00e9r do interi\u00e9ru. Typ n\u00e1bytku, kter\u00fd se dnes \u010dasto vrac\u00ed do interi\u00e9r\u016f jako kontrast k \u010dist\u00fdm modern\u00edm lini\u00edm.<\/p>\n<p>Stav: velmi dobr\u00fd, odpov\u00eddaj\u00edc\u00ed st\u00e1\u0159\u00ed a u\u017e\u00edv\u00e1n\u00ed<br \/>\nRozm\u011bry<br \/>\nV\u00fd\u0161ka: 71 cm<br \/>\n\u0160\u00ed\u0159ka: 47 cm<br \/>\nHloubka: 47 cm<\/p>\n<p>&nbsp;<\/p>\n","protected":false},"excerpt":{"rendered":"<p>Men\u0161\u00ed odkl\u00e1dac\u00ed stolek ve stylu venkovsk\u00e9ho biedermeieru, postaven\u00fd na \u010dtve\u0159ici jemn\u011b soustru\u017een\u00fdch nohou, kter\u00e9 mu d\u00e1vaj\u00ed lehkost i dekorativn\u00ed charakter.<\/p>\n","protected":false},"featured_media":35718,"template":"","meta":[],"product_brand":[],"product_cat":[95,130,124],"product_tag":[],"class_list":{"0":"post-35716","1":"product","2":"type-product","3":"status-publish","4":"has-post-thumbnail","6":"product_cat-novinky","7":"product_cat-nabytek","8":"product_cat-stoly","9":"product_shipping_class-nadrozmerne","11":"first","12":"outofstock","13":"purchasable","14":"product-type-simple"},"_links":{"self":[{"href":"https:\/\/eterle.cz\/eshop\/wp-json\/wp\/v2\/product\/35716","targetHints":{"allow":["GET"]}}],"collection":[{"href":"https:\/\/eterle.cz\/eshop\/wp-json\/wp\/v2\/product"}],"about":[{"href":"https:\/\/eterle.cz\/eshop\/wp-json\/wp\/v2\/types\/product"}],"version-history":[{"count":1,"href":"https:\/\/eterle.cz\/eshop\/wp-json\/wp\/v2\/product\/35716\/revisions"}],"predecessor-version":[{"id":35717,"href":"https:\/\/eterle.cz\/eshop\/wp-json\/wp\/v2\/product\/35716\/revisions\/35717"}],"wp:featuredmedia":[{"embeddable":true,"href":"https:\/\/eterle.cz\/eshop\/wp-json\/wp\/v2\/media\/35718"}],"wp:attachment":[{"href":"https:\/\/eterle.cz\/eshop\/wp-json\/wp\/v2\/media?parent=35716"}],"wp:term":[{"taxonomy":"product_brand","embeddable":true,"href":"https:\/\/eterle.cz\/eshop\/wp-json\/wp\/v2\/product_brand?post=35716"},{"taxonomy":"product_cat","embeddable":true,"href":"https:\/\/eterle.cz\/eshop\/wp-json\/wp\/v2\/product_cat?post=35716"},{"taxonomy":"product_tag","embeddable":true,"href":"https:\/\/eterle.cz\/eshop\/wp-json\/wp\/v2\/product_tag?post=35716"}],"curies":[{"name":"wp","href":"https:\/\/api.w.org\/{rel}","templated":true}]}}