{"id":35748,"date":"2026-04-01T13:40:32","date_gmt":"2026-04-01T11:40:32","guid":{"rendered":"https:\/\/eterle.cz\/eshop\/produkt\/konzolovy-stolek-2\/"},"modified":"2026-04-01T13:54:15","modified_gmt":"2026-04-01T11:54:15","slug":"konzolovy-stolek-2","status":"publish","type":"product","link":"https:\/\/eterle.cz\/eshop\/produkt\/konzolovy-stolek-2\/","title":{"rendered":"Konzolov\u00fd stolek"},"content":{"rendered":"<p>Stolek s jemn\u011b romantick\u00fdm v\u00fdrazem, kter\u00fd p\u016fsob\u00ed a\u017e ne\u010dekan\u011b subtiln\u011b \u2013 jako by ho sta\u010dil lehk\u00fd dotek a t\u00e9m\u011b\u0159 se odleh\u010dil od zem\u011b. Stoj\u00ed na elegantn\u011b soustru\u017een\u00fdch noh\u00e1ch, jejich\u017e rytmus a tvarov\u00e1n\u00ed odkazuj\u00ed k biedermeierov\u00e9 tradici v odleh\u010den\u00e9m, uvoln\u011bn\u00e9m pojet\u00ed.<br \/>\nSklen\u011bn\u00e1 deska nech\u00e1v\u00e1 konstrukci vyniknout a podtrhuje jeho vzdu\u0161nost, zat\u00edmco spodn\u00ed propojen\u00ed dr\u017e\u00ed celek v pevn\u00e9m, ale vizu\u00e1ln\u011b nen\u00e1padn\u00e9m r\u00e1mci.<br \/>\nV interi\u00e9ru p\u016fsob\u00ed nen\u00e1padn\u011b a klidn\u011b, prostor sp\u00ed\u0161 zjem\u0148uje, ne\u017e aby ho zaplnil. Dob\u0159e se hod\u00ed do haly nebo jako lehk\u00fd konzolov\u00fd stolek v ob\u00fdvac\u00edm prostoru \u2013 t\u0159eba pro m\u00edsu s ovocem, sv\u00ed\u010dky nebo drobn\u00e9 objekty.<\/p>\n<p>Stav: p\u016fvodn\u00ed, zachoval\u00fd s lehkou patinou<br \/>\nRozm\u011bry<br \/>\nV\u00fd\u0161ka: 76,5 cm<br \/>\n\u0160\u00ed\u0159ka: 70 cm<br \/>\nHloubka: 50 cm<\/p>\n<p>&nbsp;<\/p>\n","protected":false},"excerpt":{"rendered":"<p>Stolek s jemn\u011b romantick\u00fdm v\u00fdrazem, kter\u00fd p\u016fsob\u00ed a\u017e ne\u010dekan\u011b subtiln\u011b \u2013 jako by ho sta\u010dil lehk\u00fd dotek a t\u00e9m\u011b\u0159 se<\/p>\n","protected":false},"featured_media":35750,"template":"","meta":[],"product_brand":[],"product_cat":[95,130,124],"product_tag":[],"class_list":{"0":"post-35748","1":"product","2":"type-product","3":"status-publish","4":"has-post-thumbnail","6":"product_cat-novinky","7":"product_cat-nabytek","8":"product_cat-stoly","9":"product_shipping_class-nadrozmerne","11":"first","12":"instock","13":"purchasable","14":"product-type-simple"},"_links":{"self":[{"href":"https:\/\/eterle.cz\/eshop\/wp-json\/wp\/v2\/product\/35748","targetHints":{"allow":["GET"]}}],"collection":[{"href":"https:\/\/eterle.cz\/eshop\/wp-json\/wp\/v2\/product"}],"about":[{"href":"https:\/\/eterle.cz\/eshop\/wp-json\/wp\/v2\/types\/product"}],"version-history":[{"count":1,"href":"https:\/\/eterle.cz\/eshop\/wp-json\/wp\/v2\/product\/35748\/revisions"}],"predecessor-version":[{"id":35749,"href":"https:\/\/eterle.cz\/eshop\/wp-json\/wp\/v2\/product\/35748\/revisions\/35749"}],"wp:featuredmedia":[{"embeddable":true,"href":"https:\/\/eterle.cz\/eshop\/wp-json\/wp\/v2\/media\/35750"}],"wp:attachment":[{"href":"https:\/\/eterle.cz\/eshop\/wp-json\/wp\/v2\/media?parent=35748"}],"wp:term":[{"taxonomy":"product_brand","embeddable":true,"href":"https:\/\/eterle.cz\/eshop\/wp-json\/wp\/v2\/product_brand?post=35748"},{"taxonomy":"product_cat","embeddable":true,"href":"https:\/\/eterle.cz\/eshop\/wp-json\/wp\/v2\/product_cat?post=35748"},{"taxonomy":"product_tag","embeddable":true,"href":"https:\/\/eterle.cz\/eshop\/wp-json\/wp\/v2\/product_tag?post=35748"}],"curies":[{"name":"wp","href":"https:\/\/api.w.org\/{rel}","templated":true}]}}