{"id":35756,"date":"2026-04-01T13:40:48","date_gmt":"2026-04-01T11:40:48","guid":{"rendered":"https:\/\/eterle.cz\/eshop\/produkt\/hnizdove-stolky-3\/"},"modified":"2026-04-01T13:54:15","modified_gmt":"2026-04-01T11:54:15","slug":"hnizdove-stolky-3","status":"publish","type":"product","link":"https:\/\/eterle.cz\/eshop\/produkt\/hnizdove-stolky-3\/","title":{"rendered":"Hn\u00edzdov\u00e9 stolky"},"content":{"rendered":"<p>Dvojice subtiln\u00edch stolk\u016f s jemn\u011b romantick\u00fdm v\u00fdrazem, kter\u00e9 stoj\u00ed na soustru\u017een\u00fdch noh\u00e1ch s lehce odli\u0161n\u00fdm tvarov\u00e1n\u00edm. Pr\u00e1v\u011b tahle drobn\u00e1 nejednotnost jim d\u00e1v\u00e1 p\u0159irozen\u00fd charakter \u2013 nep\u016fsob\u00ed jako striktn\u00ed set, ale sp\u00ed\u0161 jako dva bl\u00edzk\u00e9 kusy, kter\u00e9 se \u010dasem potkaly.<br \/>\nTvaroslov\u00ed odkazuje k biedermeierov\u00e9 tradici, tentokr\u00e1t v odleh\u010den\u00e9m, t\u00e9m\u011b\u0159 vzdu\u0161n\u00e9m pojet\u00ed. Sklen\u011bn\u00e9 desky nech\u00e1vaj\u00ed vyniknout konstrukci a podtrhuj\u00ed jejich lehkost \u2013 celek p\u016fsob\u00ed klidn\u011b a nen\u00e1padn\u011b, sp\u00ed\u0161 dopl\u0148uje prostor, ne\u017e aby ho ur\u010doval.<br \/>\nFunguj\u00ed jako hn\u00edzdov\u00e9 stolky, kter\u00e9 lze variabiln\u011b seskl\u00e1dat vedle sebe nebo \u010d\u00e1ste\u010dn\u011b zasunout. V interi\u00e9ru se uplatn\u00ed jako odkl\u00e1dac\u00ed stolky v ob\u00fdvac\u00edm prostoru, ale stejn\u011b dob\u0159e obstoj\u00ed i v hale \u2013 t\u0159eba pro sv\u00ed\u010dky, kv\u011btiny nebo drobn\u00e9 objekty.<\/p>\n<p>Stav: p\u016fvodn\u00ed, velmi dobr\u00fd<br \/>\nRozm\u011bry<br \/>\nV\u00fd\u0161ka: 76; 73 cm<br \/>\n\u0160\u00ed\u0159ka: 60; 50,5 cm<br \/>\nHloubka: 40; 35,5 cm<\/p>\n<p>&nbsp;<\/p>\n","protected":false},"excerpt":{"rendered":"<p>Dvojice subtiln\u00edch stolk\u016f s jemn\u011b romantick\u00fdm v\u00fdrazem, kter\u00e9 stoj\u00ed na soustru\u017een\u00fdch noh\u00e1ch s lehce odli\u0161n\u00fdm tvarov\u00e1n\u00edm. Pr\u00e1v\u011b tahle drobn\u00e1 nejednotnost<\/p>\n","protected":false},"featured_media":35758,"template":"","meta":[],"product_brand":[],"product_cat":[95,130,124],"product_tag":[],"class_list":{"0":"post-35756","1":"product","2":"type-product","3":"status-publish","4":"has-post-thumbnail","6":"product_cat-novinky","7":"product_cat-nabytek","8":"product_cat-stoly","9":"product_shipping_class-nadrozmerne","11":"first","12":"instock","13":"purchasable","14":"product-type-simple"},"_links":{"self":[{"href":"https:\/\/eterle.cz\/eshop\/wp-json\/wp\/v2\/product\/35756","targetHints":{"allow":["GET"]}}],"collection":[{"href":"https:\/\/eterle.cz\/eshop\/wp-json\/wp\/v2\/product"}],"about":[{"href":"https:\/\/eterle.cz\/eshop\/wp-json\/wp\/v2\/types\/product"}],"version-history":[{"count":1,"href":"https:\/\/eterle.cz\/eshop\/wp-json\/wp\/v2\/product\/35756\/revisions"}],"predecessor-version":[{"id":35757,"href":"https:\/\/eterle.cz\/eshop\/wp-json\/wp\/v2\/product\/35756\/revisions\/35757"}],"wp:featuredmedia":[{"embeddable":true,"href":"https:\/\/eterle.cz\/eshop\/wp-json\/wp\/v2\/media\/35758"}],"wp:attachment":[{"href":"https:\/\/eterle.cz\/eshop\/wp-json\/wp\/v2\/media?parent=35756"}],"wp:term":[{"taxonomy":"product_brand","embeddable":true,"href":"https:\/\/eterle.cz\/eshop\/wp-json\/wp\/v2\/product_brand?post=35756"},{"taxonomy":"product_cat","embeddable":true,"href":"https:\/\/eterle.cz\/eshop\/wp-json\/wp\/v2\/product_cat?post=35756"},{"taxonomy":"product_tag","embeddable":true,"href":"https:\/\/eterle.cz\/eshop\/wp-json\/wp\/v2\/product_tag?post=35756"}],"curies":[{"name":"wp","href":"https:\/\/api.w.org\/{rel}","templated":true}]}}