{"id":35785,"date":"2026-04-01T13:41:52","date_gmt":"2026-04-01T11:41:52","guid":{"rendered":"https:\/\/eterle.cz\/eshop\/produkt\/taburet-12\/"},"modified":"2026-04-01T13:53:29","modified_gmt":"2026-04-01T11:53:29","slug":"taburet-12","status":"publish","type":"product","link":"https:\/\/eterle.cz\/eshop\/produkt\/taburet-12\/","title":{"rendered":"Taburet"},"content":{"rendered":"<p>Jednoduch\u00fd taburet s typick\u00fdmi \u0161t\u00edhl\u00fdmi, lehce rozb\u00edhaj\u00edc\u00edmi se nohami, kter\u00e9 mu dod\u00e1vaj\u00ed lehkost a nen\u00e1padnou eleganci.<br \/>\nKonstrukce je d\u0159ev\u011bn\u00e1, v p\u016fvodn\u00edm stavu s p\u0159irozenou patinou. Sed\u00e1k je nov\u011b pota\u017een sv\u011btlou, jemn\u011b strukturovanou l\u00e1tkou, kter\u00e1 se snadno kombinuje s dal\u0161\u00edmi kusy v interi\u00e9ru.<br \/>\nPraktick\u00fd dopln\u011bk, kter\u00fd m\u016f\u017ee slou\u017eit jako podno\u017eka, p\u0159\u00eddavn\u00e9 sezen\u00ed nebo odkl\u00e1dac\u00ed stoli\u010dka na kabelku.<\/p>\n<p>Stav: nov\u00e9 \u010daloun\u011bn\u00ed, d\u0159evo p\u016fvodn\u00ed<br \/>\nRozm\u011bry<br \/>\nV\u00fd\u0161ka: 44 cm<br \/>\n\u0160\u00ed\u0159ka: 40 cm<br \/>\nHloubka: 32 cm<\/p>\n<p>&nbsp;<\/p>\n","protected":false},"excerpt":{"rendered":"<p>Jednoduch\u00fd taburet s typick\u00fdmi \u0161t\u00edhl\u00fdmi, lehce rozb\u00edhaj\u00edc\u00edmi se nohami, kter\u00e9 mu dod\u00e1vaj\u00ed lehkost a nen\u00e1padnou eleganci. Konstrukce je d\u0159ev\u011bn\u00e1, v<\/p>\n","protected":false},"featured_media":35787,"template":"","meta":[],"product_brand":[],"product_cat":[95,130,122],"product_tag":[],"class_list":{"0":"post-35785","1":"product","2":"type-product","3":"status-publish","4":"has-post-thumbnail","6":"product_cat-novinky","7":"product_cat-nabytek","8":"product_cat-kresla-a-taburety","9":"product_shipping_class-nadrozmerne","11":"first","12":"instock","13":"purchasable","14":"product-type-simple"},"_links":{"self":[{"href":"https:\/\/eterle.cz\/eshop\/wp-json\/wp\/v2\/product\/35785","targetHints":{"allow":["GET"]}}],"collection":[{"href":"https:\/\/eterle.cz\/eshop\/wp-json\/wp\/v2\/product"}],"about":[{"href":"https:\/\/eterle.cz\/eshop\/wp-json\/wp\/v2\/types\/product"}],"version-history":[{"count":1,"href":"https:\/\/eterle.cz\/eshop\/wp-json\/wp\/v2\/product\/35785\/revisions"}],"predecessor-version":[{"id":35786,"href":"https:\/\/eterle.cz\/eshop\/wp-json\/wp\/v2\/product\/35785\/revisions\/35786"}],"wp:featuredmedia":[{"embeddable":true,"href":"https:\/\/eterle.cz\/eshop\/wp-json\/wp\/v2\/media\/35787"}],"wp:attachment":[{"href":"https:\/\/eterle.cz\/eshop\/wp-json\/wp\/v2\/media?parent=35785"}],"wp:term":[{"taxonomy":"product_brand","embeddable":true,"href":"https:\/\/eterle.cz\/eshop\/wp-json\/wp\/v2\/product_brand?post=35785"},{"taxonomy":"product_cat","embeddable":true,"href":"https:\/\/eterle.cz\/eshop\/wp-json\/wp\/v2\/product_cat?post=35785"},{"taxonomy":"product_tag","embeddable":true,"href":"https:\/\/eterle.cz\/eshop\/wp-json\/wp\/v2\/product_tag?post=35785"}],"curies":[{"name":"wp","href":"https:\/\/api.w.org\/{rel}","templated":true}]}}