{"id":35803,"date":"2026-04-01T13:42:31","date_gmt":"2026-04-01T11:42:31","guid":{"rendered":"https:\/\/eterle.cz\/eshop\/produkt\/kreslo-typ-c-halabala-4\/"},"modified":"2026-04-26T21:15:49","modified_gmt":"2026-04-26T19:15:49","slug":"kreslo-typ-c-halabala-4","status":"publish","type":"product","link":"https:\/\/eterle.cz\/eshop\/produkt\/kreslo-typ-c-halabala-4\/","title":{"rendered":"K\u0159eslo typ C \/ Halabala"},"content":{"rendered":"<p>Ikonick\u00fd model, kter\u00fd pat\u0159\u00ed k nejv\u00fdrazn\u011bj\u0161\u00edm symbol\u016fm \u010desk\u00e9ho modernistick\u00e9ho n\u00e1bytku. K\u0159eslo \u201eC\u201c od Jind\u0159icha Halabaly zaujme na prvn\u00ed pohled sv\u00fdmi elegantn\u011b oh\u00fdban\u00fdmi podru\u010dkami, kter\u00e9 vytv\u00e1\u0159ej\u00ed plynulou a p\u0159irozenou linii.<br \/>\nTento kus pro\u0161el kompletn\u00ed a pe\u010dlivou renovac\u00ed, kter\u00e1 respektuje p\u016fvodn\u00ed tvar i proporce. Nov\u00e9 \u010daloun\u011bn\u00ed v jemn\u00e9m neutr\u00e1ln\u00edm odst\u00ednu p\u016fsob\u00ed klidn\u011b a nad\u010dasov\u011b, nech\u00e1v\u00e1 vyniknout samotnou siluetu k\u0159esla a dob\u0159e lad\u00ed s tepl\u00fdm t\u00f3nem d\u0159eva.<br \/>\nPr\u00e1v\u011b kvalita proveden\u00ed spolu s nad\u010dasov\u00fdm designem d\u00e1v\u00e1 tomuto k\u0159eslu klidnou eleganci a p\u0159irozenou jistotu, kter\u00e1 nep\u016fsob\u00ed ok\u00e1zale, ale obstoj\u00ed i v n\u00e1ro\u010dn\u011bj\u0161\u00edm interi\u00e9ru.<\/p>\n<p>Stav: po celkov\u00e9 renovaci<br \/>\nZna\u010dka: Jind\u0159ich Halabala<br \/>\nRozm\u011bry<br \/>\nV\u00fd\u0161ka: 82 cm<br \/>\n\u0160\u00ed\u0159ka: 69 cm<br \/>\nHloubka: 90 cm<br \/>\nV\u00fd\u0161ka sed\u00e1ku: 43 cm<br \/>\nHloubka sed\u00e1ku: 54 cm<\/p>\n<p>&nbsp;<\/p>\n","protected":false},"excerpt":{"rendered":"<p>Ikonick\u00fd model, kter\u00fd pat\u0159\u00ed k nejv\u00fdrazn\u011bj\u0161\u00edm symbol\u016fm \u010desk\u00e9ho modernistick\u00e9ho n\u00e1bytku. K\u0159eslo \u201eC\u201c od Jind\u0159icha Halabaly zaujme na prvn\u00ed pohled sv\u00fdmi<\/p>\n","protected":false},"featured_media":35805,"template":"","meta":[],"product_brand":[],"product_cat":[95,130,122],"product_tag":[],"class_list":{"0":"post-35803","1":"product","2":"type-product","3":"status-publish","4":"has-post-thumbnail","6":"product_cat-novinky","7":"product_cat-nabytek","8":"product_cat-kresla-a-taburety","9":"product_shipping_class-nadrozmerne","11":"first","12":"outofstock","13":"purchasable","14":"product-type-simple"},"_links":{"self":[{"href":"https:\/\/eterle.cz\/eshop\/wp-json\/wp\/v2\/product\/35803","targetHints":{"allow":["GET"]}}],"collection":[{"href":"https:\/\/eterle.cz\/eshop\/wp-json\/wp\/v2\/product"}],"about":[{"href":"https:\/\/eterle.cz\/eshop\/wp-json\/wp\/v2\/types\/product"}],"version-history":[{"count":1,"href":"https:\/\/eterle.cz\/eshop\/wp-json\/wp\/v2\/product\/35803\/revisions"}],"predecessor-version":[{"id":35804,"href":"https:\/\/eterle.cz\/eshop\/wp-json\/wp\/v2\/product\/35803\/revisions\/35804"}],"wp:featuredmedia":[{"embeddable":true,"href":"https:\/\/eterle.cz\/eshop\/wp-json\/wp\/v2\/media\/35805"}],"wp:attachment":[{"href":"https:\/\/eterle.cz\/eshop\/wp-json\/wp\/v2\/media?parent=35803"}],"wp:term":[{"taxonomy":"product_brand","embeddable":true,"href":"https:\/\/eterle.cz\/eshop\/wp-json\/wp\/v2\/product_brand?post=35803"},{"taxonomy":"product_cat","embeddable":true,"href":"https:\/\/eterle.cz\/eshop\/wp-json\/wp\/v2\/product_cat?post=35803"},{"taxonomy":"product_tag","embeddable":true,"href":"https:\/\/eterle.cz\/eshop\/wp-json\/wp\/v2\/product_tag?post=35803"}],"curies":[{"name":"wp","href":"https:\/\/api.w.org\/{rel}","templated":true}]}}