{"id":35813,"date":"2026-04-01T13:42:53","date_gmt":"2026-04-01T11:42:53","guid":{"rendered":"https:\/\/eterle.cz\/eshop\/produkt\/houpaci-kreslo-ton\/"},"modified":"2026-04-01T13:53:29","modified_gmt":"2026-04-01T11:53:29","slug":"houpaci-kreslo-ton","status":"publish","type":"product","link":"https:\/\/eterle.cz\/eshop\/produkt\/houpaci-kreslo-ton\/","title":{"rendered":"Houpac\u00ed k\u0159eslo \/ Ton"},"content":{"rendered":"<p>K\u0159eslo, do kter\u00e9ho si \u010dlov\u011bk sedne a na chv\u00edli zpomal\u00ed. S knihou, \u0161\u00e1lkem k\u00e1vy nebo jen tak \u2013 v tichu, kdy se prostor kolem p\u0159irozen\u011b zklidn\u00ed a z\u016fstane jen jemn\u00fd, houpav\u00fd rytmus.<br \/>\nHoupac\u00ed k\u0159eslo z produkce TON, typick\u00e9 svou oh\u00fdbanou konstrukc\u00ed, kter\u00e1 propojuje podno\u017e s podru\u010dkami a vytv\u00e1\u0159\u00ed jeden elegantn\u00ed, souvisl\u00fd celek. Pr\u00e1v\u011b tato pr\u00e1ce s oh\u00fdban\u00fdm d\u0159evem navazuje na dlouhou tradici \u010deskoslovensk\u00e9ho n\u00e1bytkov\u00e9ho designu Thonet a d\u00e1v\u00e1 k\u0159eslu jeho nezam\u011bniteln\u00fd charakter.<br \/>\nKonstrukce je pevn\u00e1, vizu\u00e1ln\u011b lehk\u00e1 a z\u00e1rove\u0148 velmi pohodln\u00e1. Jemn\u00e9 prohnut\u00ed zad i sed\u00e1ku p\u0159irozen\u011b kop\u00edruje t\u011blo a podporuje klidn\u00fd, houpav\u00fd pohyb, kter\u00fd z k\u0159esla d\u011bl\u00e1 ide\u00e1ln\u00ed m\u00edsto pro odpo\u010dinek.<\/p>\n<p>Stav: dobr\u00fd p\u016fvodn\u00ed stav, jen houpac\u00ed li\u0161ty nesou zn\u00e1mky u\u017e\u00edv\u00e1n\u00ed<br \/>\nZna\u010dka: Ton<br \/>\nRozm\u011bry<br \/>\nV\u00fd\u0161ka: 82 cm<br \/>\n\u0160\u00ed\u0159ka: 58 cm<br \/>\nHloubka:  1 m<br \/>\nV\u00fd\u0161ka sed\u00e1ku: 46 cm<br \/>\nHloubka sed\u00e1ku: 48 cm<\/p>\n<p>&nbsp;<\/p>\n","protected":false},"excerpt":{"rendered":"<p>K\u0159eslo, do kter\u00e9ho si \u010dlov\u011bk sedne a na chv\u00edli zpomal\u00ed. S knihou, \u0161\u00e1lkem k\u00e1vy nebo jen tak \u2013 v tichu,<\/p>\n","protected":false},"featured_media":35815,"template":"","meta":[],"product_brand":[],"product_cat":[95,130,122],"product_tag":[],"class_list":{"0":"post-35813","1":"product","2":"type-product","3":"status-publish","4":"has-post-thumbnail","6":"product_cat-novinky","7":"product_cat-nabytek","8":"product_cat-kresla-a-taburety","9":"product_shipping_class-nadrozmerne","11":"first","12":"instock","13":"purchasable","14":"product-type-simple"},"_links":{"self":[{"href":"https:\/\/eterle.cz\/eshop\/wp-json\/wp\/v2\/product\/35813","targetHints":{"allow":["GET"]}}],"collection":[{"href":"https:\/\/eterle.cz\/eshop\/wp-json\/wp\/v2\/product"}],"about":[{"href":"https:\/\/eterle.cz\/eshop\/wp-json\/wp\/v2\/types\/product"}],"version-history":[{"count":1,"href":"https:\/\/eterle.cz\/eshop\/wp-json\/wp\/v2\/product\/35813\/revisions"}],"predecessor-version":[{"id":35814,"href":"https:\/\/eterle.cz\/eshop\/wp-json\/wp\/v2\/product\/35813\/revisions\/35814"}],"wp:featuredmedia":[{"embeddable":true,"href":"https:\/\/eterle.cz\/eshop\/wp-json\/wp\/v2\/media\/35815"}],"wp:attachment":[{"href":"https:\/\/eterle.cz\/eshop\/wp-json\/wp\/v2\/media?parent=35813"}],"wp:term":[{"taxonomy":"product_brand","embeddable":true,"href":"https:\/\/eterle.cz\/eshop\/wp-json\/wp\/v2\/product_brand?post=35813"},{"taxonomy":"product_cat","embeddable":true,"href":"https:\/\/eterle.cz\/eshop\/wp-json\/wp\/v2\/product_cat?post=35813"},{"taxonomy":"product_tag","embeddable":true,"href":"https:\/\/eterle.cz\/eshop\/wp-json\/wp\/v2\/product_tag?post=35813"}],"curies":[{"name":"wp","href":"https:\/\/api.w.org\/{rel}","templated":true}]}}