{"id":35826,"date":"2026-04-01T13:43:21","date_gmt":"2026-04-01T11:43:21","guid":{"rendered":"https:\/\/eterle.cz\/eshop\/produkt\/kreslo-drevotvar\/"},"modified":"2026-04-01T13:53:29","modified_gmt":"2026-04-01T11:53:29","slug":"kreslo-drevotvar","status":"publish","type":"product","link":"https:\/\/eterle.cz\/eshop\/produkt\/kreslo-drevotvar\/","title":{"rendered":"K\u0159eslo \/ D\u0159evotvar"},"content":{"rendered":"<p>K\u0159eslo, kter\u00e9 zaujme sv\u00fdm minimalistick\u00fdm v\u00fdrazem. Subtiln\u00ed linie, vyv\u00e1\u017een\u00e9 proporce a nen\u00e1padn\u00e1 elegance oslov\u00ed ka\u017ed\u00e9ho, kdo nehled\u00e1 ok\u00e1zalost, ale d\u00e1v\u00e1 p\u0159ednost kultivovan\u00e9mu, sofistikovan\u00e9mu minimalismu.Model z produkce D\u0159evotvaru, nesouc\u00ed charakteristick\u00e9 rysy \u010deskoslovensk\u00e9ho designu 60. a 70. let. Jemn\u011b tvarovan\u00e9 podru\u010dky, lehk\u00e1 konstrukce a \u010dist\u00e1 silueta vytv\u00e1\u0159ej\u00ed harmonick\u00fd celek, kter\u00fd p\u016fsob\u00ed p\u0159irozen\u011b a nad\u010dasov\u011b. P\u016fvodn\u00ed \u010daloun\u011bn\u00ed v pastelov\u011b \u017elut\u00e9m odst\u00ednu (ko\u017eenka) dod\u00e1v\u00e1 k\u0159eslu jemnost a lehkost. Barva nep\u016fsob\u00ed dominantn\u011b, naopak citliv\u011b podtrhuje jeho tvar a p\u0159in\u00e1\u0161\u00ed do interi\u00e9ru nen\u00e1padn\u00fd, t\u00e9m\u011b\u0159 optimistick\u00fd akcent.<\/p>\n<p>Stav: Velmi dobr\u00fd, d\u0159evo na podru\u010dk\u00e1ch lehk\u00e1 patina<br \/>\nZna\u010dka: D\u0159evotvar<br \/>\nRozm\u011bry<br \/>\nV\u00fd\u0161ka: 85 cm<br \/>\n\u0160\u00ed\u0159ka: 64 cm<br \/>\nHloubka:  70 m<br \/>\nV\u00fd\u0161ka sed\u00e1ku: 42 cm<br \/>\nHloubka sed\u00e1ku: 50 cm<\/p>\n<p>&nbsp;<\/p>\n","protected":false},"excerpt":{"rendered":"<p>K\u0159eslo, kter\u00e9 zaujme sv\u00fdm minimalistick\u00fdm v\u00fdrazem. Subtiln\u00ed linie, vyv\u00e1\u017een\u00e9 proporce a nen\u00e1padn\u00e1 elegance oslov\u00ed ka\u017ed\u00e9ho, kdo nehled\u00e1 ok\u00e1zalost, ale d\u00e1v\u00e1<\/p>\n","protected":false},"featured_media":35828,"template":"","meta":[],"product_brand":[],"product_cat":[95,130,122],"product_tag":[],"class_list":{"0":"post-35826","1":"product","2":"type-product","3":"status-publish","4":"has-post-thumbnail","6":"product_cat-novinky","7":"product_cat-nabytek","8":"product_cat-kresla-a-taburety","9":"product_shipping_class-nadrozmerne","11":"first","12":"instock","13":"purchasable","14":"product-type-simple"},"_links":{"self":[{"href":"https:\/\/eterle.cz\/eshop\/wp-json\/wp\/v2\/product\/35826","targetHints":{"allow":["GET"]}}],"collection":[{"href":"https:\/\/eterle.cz\/eshop\/wp-json\/wp\/v2\/product"}],"about":[{"href":"https:\/\/eterle.cz\/eshop\/wp-json\/wp\/v2\/types\/product"}],"version-history":[{"count":1,"href":"https:\/\/eterle.cz\/eshop\/wp-json\/wp\/v2\/product\/35826\/revisions"}],"predecessor-version":[{"id":35827,"href":"https:\/\/eterle.cz\/eshop\/wp-json\/wp\/v2\/product\/35826\/revisions\/35827"}],"wp:featuredmedia":[{"embeddable":true,"href":"https:\/\/eterle.cz\/eshop\/wp-json\/wp\/v2\/media\/35828"}],"wp:attachment":[{"href":"https:\/\/eterle.cz\/eshop\/wp-json\/wp\/v2\/media?parent=35826"}],"wp:term":[{"taxonomy":"product_brand","embeddable":true,"href":"https:\/\/eterle.cz\/eshop\/wp-json\/wp\/v2\/product_brand?post=35826"},{"taxonomy":"product_cat","embeddable":true,"href":"https:\/\/eterle.cz\/eshop\/wp-json\/wp\/v2\/product_cat?post=35826"},{"taxonomy":"product_tag","embeddable":true,"href":"https:\/\/eterle.cz\/eshop\/wp-json\/wp\/v2\/product_tag?post=35826"}],"curies":[{"name":"wp","href":"https:\/\/api.w.org\/{rel}","templated":true}]}}