{"id":35845,"date":"2026-04-01T13:44:00","date_gmt":"2026-04-01T11:44:00","guid":{"rendered":"https:\/\/eterle.cz\/eshop\/produkt\/ledvinovy-konzolovy-stolek\/"},"modified":"2026-04-01T13:53:29","modified_gmt":"2026-04-01T11:53:29","slug":"ledvinovy-konzolovy-stolek","status":"publish","type":"product","link":"https:\/\/eterle.cz\/eshop\/produkt\/ledvinovy-konzolovy-stolek\/","title":{"rendered":"Ledvinov\u00fd konzolov\u00fd stolek"},"content":{"rendered":"<p>Elegantn\u00ed konzolov\u00fd stolek s typickou \u201eledvinovou\u201c deskou, kter\u00e1 mu dod\u00e1v\u00e1 jemn\u011b organick\u00fd, p\u0159irozen\u011b plynul\u00fd tvar. Celek vych\u00e1z\u00ed z klasicizuj\u00edc\u00edch princip\u016f a nese odkaz stylu Ludv\u00edka XVI., patrn\u00fd zejm\u00e9na v proporc\u00edch a tvarov\u00e1n\u00ed nohou.<br \/>\nSubtiln\u00ed konstrukce dopl\u0148uje spodn\u00ed deska s jemn\u011b vykrajovan\u00fdm profilem, kter\u00e1 p\u0159in\u00e1\u0161\u00ed dekorativn\u00ed detail, ani\u017e by p\u016fsobila t\u011b\u017ece. Sklen\u011bn\u00e1 deska pak celek odleh\u010duje a nech\u00e1v\u00e1 vyniknout samotnou formu.<br \/>\nStolek p\u016fsob\u00ed subtiln\u011b a kultivovan\u011b, s nen\u00e1padn\u00fdm n\u00e1dechem luxusu. Nejl\u00e9pe vynikne ve vstupn\u00ed hale, v ob\u00fdvac\u00edm prostoru nap\u0159\u00edklad pod obrazem s v\u00e1zou nebo sv\u00edcny, ale sv\u00e9 m\u00edsto si p\u0159irozen\u011b najde i v lo\u017enici.<\/p>\n<p>Stav: dobr\u00fd p\u016fvodn\u00ed stav<br \/>\nRozm\u011bry<br \/>\nV\u00fd\u0161ka: 81 cm<br \/>\n\u0160\u00ed\u0159ka: 95 cm<br \/>\nHloubka: 45 cm<\/p>\n<p>&nbsp;<\/p>\n","protected":false},"excerpt":{"rendered":"<p>Elegantn\u00ed konzolov\u00fd stolek s typickou \u201eledvinovou\u201c deskou, kter\u00e1 mu dod\u00e1v\u00e1 jemn\u011b organick\u00fd, p\u0159irozen\u011b plynul\u00fd tvar. Celek vych\u00e1z\u00ed z klasicizuj\u00edc\u00edch princip\u016f<\/p>\n","protected":false},"featured_media":35847,"template":"","meta":[],"product_brand":[],"product_cat":[95,130,124],"product_tag":[],"class_list":{"0":"post-35845","1":"product","2":"type-product","3":"status-publish","4":"has-post-thumbnail","6":"product_cat-novinky","7":"product_cat-nabytek","8":"product_cat-stoly","9":"product_shipping_class-nadrozmerne","11":"first","12":"instock","13":"purchasable","14":"product-type-simple"},"_links":{"self":[{"href":"https:\/\/eterle.cz\/eshop\/wp-json\/wp\/v2\/product\/35845","targetHints":{"allow":["GET"]}}],"collection":[{"href":"https:\/\/eterle.cz\/eshop\/wp-json\/wp\/v2\/product"}],"about":[{"href":"https:\/\/eterle.cz\/eshop\/wp-json\/wp\/v2\/types\/product"}],"version-history":[{"count":1,"href":"https:\/\/eterle.cz\/eshop\/wp-json\/wp\/v2\/product\/35845\/revisions"}],"predecessor-version":[{"id":35846,"href":"https:\/\/eterle.cz\/eshop\/wp-json\/wp\/v2\/product\/35845\/revisions\/35846"}],"wp:featuredmedia":[{"embeddable":true,"href":"https:\/\/eterle.cz\/eshop\/wp-json\/wp\/v2\/media\/35847"}],"wp:attachment":[{"href":"https:\/\/eterle.cz\/eshop\/wp-json\/wp\/v2\/media?parent=35845"}],"wp:term":[{"taxonomy":"product_brand","embeddable":true,"href":"https:\/\/eterle.cz\/eshop\/wp-json\/wp\/v2\/product_brand?post=35845"},{"taxonomy":"product_cat","embeddable":true,"href":"https:\/\/eterle.cz\/eshop\/wp-json\/wp\/v2\/product_cat?post=35845"},{"taxonomy":"product_tag","embeddable":true,"href":"https:\/\/eterle.cz\/eshop\/wp-json\/wp\/v2\/product_tag?post=35845"}],"curies":[{"name":"wp","href":"https:\/\/api.w.org\/{rel}","templated":true}]}}