{"id":35864,"date":"2026-04-01T13:44:36","date_gmt":"2026-04-01T11:44:36","guid":{"rendered":"https:\/\/eterle.cz\/eshop\/produkt\/srinka-up-zavody-bucovice\/"},"modified":"2026-04-01T13:53:29","modified_gmt":"2026-04-01T11:53:29","slug":"srinka-up-zavody-bucovice","status":"publish","type":"product","link":"https:\/\/eterle.cz\/eshop\/produkt\/srinka-up-zavody-bucovice\/","title":{"rendered":"S\u0159\u00ed\u0148ka \/ UP z\u00e1vody Bu\u010dovice"},"content":{"rendered":"<p>Model z produkce UP z\u00e1vod\u016f Bu\u010dovice, jednoho z kl\u00ed\u010dov\u00fdch v\u00fdrobc\u016f \u010deskoslovensk\u00e9ho n\u00e1bytku 60. let. Typick\u00e9 jsou subtiln\u00ed nohy, jednoduch\u00e9 objemy a d\u016fraz na funk\u010dnost bez zbyte\u010dn\u00fdch dekorac\u00ed \u2013 estetika, kter\u00e1 obstoj\u00ed i v sou\u010dasn\u00e9m interi\u00e9ru.<\/p>\n<p>Dvouk\u0159\u00eddl\u00e9 proveden\u00ed nab\u00edz\u00ed praktick\u00fd \u00falo\u017en\u00fd prostor, zat\u00edmco kompaktn\u00ed rozm\u011br umo\u017e\u0148uje vyu\u017eit\u00ed i v men\u0161\u00edch m\u00edstnostech. Kovov\u00e9 \u00fachytky dod\u00e1vaj\u00ed celku jemn\u00fd technicistn\u00ed akcent. Povrch v tepl\u00e9m odst\u00ednu d\u0159eva p\u016fsob\u00ed velmi p\u0159\u00edjemn\u011b a snadno se kombinuje s dal\u0161\u00edmi materi\u00e1ly \u2013 od modern\u00edch po klasick\u00e9.<\/p>\n<p>Vynikne v ob\u00fdvac\u00edm pokoji jako n\u00edzk\u00e1 solit\u00e9rn\u00ed komoda nebo ji lze vyu\u017e\u00edt v chodb\u011b jako \u00falo\u017en\u00fd prostor.<\/p>\n<p>Stav: p\u016fvodn\u00ed, zachoval\u00fd<br \/>\nZna\u010dka: UP z\u00e1vody Bu\u010dovice<br \/>\nRozm\u011bry<br \/>\nV\u00fd\u0161ka: 70 cm<br \/>\n\u0160\u00ed\u0159ka: 88 cm<br \/>\nHloubka: 40 cm<\/p>\n<p>&nbsp;<\/p>\n","protected":false},"excerpt":{"rendered":"<p>Model z produkce UP z\u00e1vod\u016f Bu\u010dovice, jednoho z kl\u00ed\u010dov\u00fdch v\u00fdrobc\u016f \u010deskoslovensk\u00e9ho n\u00e1bytku 60. let. Typick\u00e9 jsou subtiln\u00ed nohy, jednoduch\u00e9 objemy<\/p>\n","protected":false},"featured_media":35866,"template":"","meta":[],"product_brand":[],"product_cat":[95,130,125],"product_tag":[],"class_list":{"0":"post-35864","1":"product","2":"type-product","3":"status-publish","4":"has-post-thumbnail","6":"product_cat-novinky","7":"product_cat-nabytek","8":"product_cat-komody-a-skrine","9":"product_shipping_class-nadrozmerne","11":"first","12":"instock","13":"purchasable","14":"product-type-simple"},"_links":{"self":[{"href":"https:\/\/eterle.cz\/eshop\/wp-json\/wp\/v2\/product\/35864","targetHints":{"allow":["GET"]}}],"collection":[{"href":"https:\/\/eterle.cz\/eshop\/wp-json\/wp\/v2\/product"}],"about":[{"href":"https:\/\/eterle.cz\/eshop\/wp-json\/wp\/v2\/types\/product"}],"version-history":[{"count":1,"href":"https:\/\/eterle.cz\/eshop\/wp-json\/wp\/v2\/product\/35864\/revisions"}],"predecessor-version":[{"id":35865,"href":"https:\/\/eterle.cz\/eshop\/wp-json\/wp\/v2\/product\/35864\/revisions\/35865"}],"wp:featuredmedia":[{"embeddable":true,"href":"https:\/\/eterle.cz\/eshop\/wp-json\/wp\/v2\/media\/35866"}],"wp:attachment":[{"href":"https:\/\/eterle.cz\/eshop\/wp-json\/wp\/v2\/media?parent=35864"}],"wp:term":[{"taxonomy":"product_brand","embeddable":true,"href":"https:\/\/eterle.cz\/eshop\/wp-json\/wp\/v2\/product_brand?post=35864"},{"taxonomy":"product_cat","embeddable":true,"href":"https:\/\/eterle.cz\/eshop\/wp-json\/wp\/v2\/product_cat?post=35864"},{"taxonomy":"product_tag","embeddable":true,"href":"https:\/\/eterle.cz\/eshop\/wp-json\/wp\/v2\/product_tag?post=35864"}],"curies":[{"name":"wp","href":"https:\/\/api.w.org\/{rel}","templated":true}]}}