{"id":35875,"date":"2026-04-01T13:45:00","date_gmt":"2026-04-01T11:45:00","guid":{"rendered":"https:\/\/eterle.cz\/eshop\/produkt\/toaletni-skrinka-up-zavody-bucovice\/"},"modified":"2026-04-13T14:53:20","modified_gmt":"2026-04-13T12:53:20","slug":"toaletni-skrinka-up-zavody-bucovice","status":"publish","type":"product","link":"https:\/\/eterle.cz\/eshop\/produkt\/toaletni-skrinka-up-zavody-bucovice\/","title":{"rendered":"Toaletn\u00ed sk\u0159\u00ed\u0148ka \/ UP z\u00e1vody Bu\u010dovice"},"content":{"rendered":"<p>Na prvn\u00ed pohled st\u0159\u00eddm\u00fd stolek s \u010distou lini\u00ed, kter\u00fd v sob\u011b skr\u00fdv\u00e1 v\u00edc, ne\u017e se zd\u00e1. Sta\u010d\u00ed odklopit horn\u00ed desku a jednoduch\u00fd solit\u00e9r se prom\u011bn\u00ed v osobn\u00ed prostor se zrcadlem a praktick\u00fdm \u00falo\u017en\u00fdm z\u00e1zem\u00edm.<br \/>\nModel z produkce UP z\u00e1vod\u016f Bu\u010dovice, typick\u00fd pro \u010deskoslovensk\u00fd design 60. let, kde se kladl d\u016fraz na funk\u010dnost, variabilitu a \u00faspornou eleganci. Subtiln\u00ed konstrukce na \u0161t\u00edhl\u00fdch noh\u00e1ch p\u016fsob\u00ed lehce, zat\u00edmco kontrast dvou t\u00f3n\u016f d\u0159eva dod\u00e1v\u00e1 celku hloubku.<br \/>\nPrav\u00e1 \u010d\u00e1st se z\u00e1suvkami nab\u00edz\u00ed dostatek \u00falo\u017en\u00e9ho prostoru, horn\u00ed v\u00fdklopn\u00e1 deska pak ukr\u00fdv\u00e1 zrcadlo a plochu vhodnou pro ka\u017edodenn\u00ed ritu\u00e1ly i pr\u00e1ci.<br \/>\nVynikne v lo\u017enici jako toaletn\u00ed stolek, ale stejn\u011b dob\u0159e obstoj\u00ed i v interi\u00e9ru jako kompaktn\u00ed psac\u00ed st\u016fl.<\/p>\n<p>Stav: p\u016fvodn\u00ed, zachoval\u00fd<br \/>\nZna\u010dka: UP z\u00e1vody Bu\u010dovice<br \/>\nRozm\u011bry<br \/>\nV\u00fd\u0161ka: 70,5 cm, otev\u0159en\u00e9 104 cm<br \/>\n\u0160\u00ed\u0159ka: 109 cm<br \/>\nHloubka: 40 cm<\/p>\n<p>&nbsp;<\/p>\n","protected":false},"excerpt":{"rendered":"<p>Na prvn\u00ed pohled st\u0159\u00eddm\u00fd stolek s \u010distou lini\u00ed, kter\u00fd v sob\u011b skr\u00fdv\u00e1 v\u00edc, ne\u017e se zd\u00e1. Sta\u010d\u00ed odklopit horn\u00ed desku<\/p>\n","protected":false},"featured_media":35877,"template":"","meta":[],"product_brand":[],"product_cat":[91],"product_tag":[],"class_list":{"0":"post-35875","1":"product","2":"type-product","3":"status-publish","4":"has-post-thumbnail","6":"product_cat-prodane","7":"product_shipping_class-nadrozmerne","9":"first","10":"outofstock","11":"purchasable","12":"product-type-simple"},"_links":{"self":[{"href":"https:\/\/eterle.cz\/eshop\/wp-json\/wp\/v2\/product\/35875","targetHints":{"allow":["GET"]}}],"collection":[{"href":"https:\/\/eterle.cz\/eshop\/wp-json\/wp\/v2\/product"}],"about":[{"href":"https:\/\/eterle.cz\/eshop\/wp-json\/wp\/v2\/types\/product"}],"version-history":[{"count":3,"href":"https:\/\/eterle.cz\/eshop\/wp-json\/wp\/v2\/product\/35875\/revisions"}],"predecessor-version":[{"id":36383,"href":"https:\/\/eterle.cz\/eshop\/wp-json\/wp\/v2\/product\/35875\/revisions\/36383"}],"wp:featuredmedia":[{"embeddable":true,"href":"https:\/\/eterle.cz\/eshop\/wp-json\/wp\/v2\/media\/35877"}],"wp:attachment":[{"href":"https:\/\/eterle.cz\/eshop\/wp-json\/wp\/v2\/media?parent=35875"}],"wp:term":[{"taxonomy":"product_brand","embeddable":true,"href":"https:\/\/eterle.cz\/eshop\/wp-json\/wp\/v2\/product_brand?post=35875"},{"taxonomy":"product_cat","embeddable":true,"href":"https:\/\/eterle.cz\/eshop\/wp-json\/wp\/v2\/product_cat?post=35875"},{"taxonomy":"product_tag","embeddable":true,"href":"https:\/\/eterle.cz\/eshop\/wp-json\/wp\/v2\/product_tag?post=35875"}],"curies":[{"name":"wp","href":"https:\/\/api.w.org\/{rel}","templated":true}]}}