{"id":35887,"date":"2026-04-01T13:45:24","date_gmt":"2026-04-01T11:45:24","guid":{"rendered":"https:\/\/eterle.cz\/eshop\/produkt\/nocni-stolek-up-zavody-bucovice\/"},"modified":"2026-04-01T13:53:28","modified_gmt":"2026-04-01T11:53:28","slug":"nocni-stolek-up-zavody-bucovice","status":"publish","type":"product","link":"https:\/\/eterle.cz\/eshop\/produkt\/nocni-stolek-up-zavody-bucovice\/","title":{"rendered":"No\u010dn\u00ed stolek \/ UP z\u00e1vody Bu\u010dovice"},"content":{"rendered":"<p>No\u010dn\u00ed stolek z produkce UP z\u00e1vod\u016f Bu\u010dovice, v proveden\u00ed typick\u00e9m pro \u010deskoslovensk\u00fd design 60. let, kde se funk\u010dnost propojuje s klidnou, neok\u00e1zalou estetikou. Dv\u00ed\u0159ka ukr\u00fdvaj\u00ed praktick\u00fd \u00falo\u017en\u00fd prostor, zat\u00edmco jednoduch\u00e1 kovov\u00e1 \u00fachytka dod\u00e1v\u00e1 jemn\u00fd dobov\u00fd akcent.<\/p>\n<p>Stav: p\u016fvodn\u00ed, zachoval\u00fd<br \/>\nZna\u010dka: UP z\u00e1vody Bu\u010dovice<br \/>\nRozm\u011bry<br \/>\nV\u00fd\u0161ka: 70 cm<br \/>\n\u0160\u00ed\u0159ka: 43 cm<br \/>\nHloubka: 44 cm<\/p>\n<p>&nbsp;<\/p>\n","protected":false},"excerpt":{"rendered":"<p>No\u010dn\u00ed stolek z produkce UP z\u00e1vod\u016f Bu\u010dovice, v proveden\u00ed typick\u00e9m pro \u010deskoslovensk\u00fd design 60. let, kde se funk\u010dnost propojuje s<\/p>\n","protected":false},"featured_media":35889,"template":"","meta":[],"product_brand":[],"product_cat":[95,130,139],"product_tag":[],"class_list":{"0":"post-35887","1":"product","2":"type-product","3":"status-publish","4":"has-post-thumbnail","6":"product_cat-novinky","7":"product_cat-nabytek","8":"product_cat-postele-a-loznice","9":"product_shipping_class-nadrozmerne","11":"first","12":"instock","13":"purchasable","14":"product-type-simple"},"_links":{"self":[{"href":"https:\/\/eterle.cz\/eshop\/wp-json\/wp\/v2\/product\/35887","targetHints":{"allow":["GET"]}}],"collection":[{"href":"https:\/\/eterle.cz\/eshop\/wp-json\/wp\/v2\/product"}],"about":[{"href":"https:\/\/eterle.cz\/eshop\/wp-json\/wp\/v2\/types\/product"}],"version-history":[{"count":1,"href":"https:\/\/eterle.cz\/eshop\/wp-json\/wp\/v2\/product\/35887\/revisions"}],"predecessor-version":[{"id":35888,"href":"https:\/\/eterle.cz\/eshop\/wp-json\/wp\/v2\/product\/35887\/revisions\/35888"}],"wp:featuredmedia":[{"embeddable":true,"href":"https:\/\/eterle.cz\/eshop\/wp-json\/wp\/v2\/media\/35889"}],"wp:attachment":[{"href":"https:\/\/eterle.cz\/eshop\/wp-json\/wp\/v2\/media?parent=35887"}],"wp:term":[{"taxonomy":"product_brand","embeddable":true,"href":"https:\/\/eterle.cz\/eshop\/wp-json\/wp\/v2\/product_brand?post=35887"},{"taxonomy":"product_cat","embeddable":true,"href":"https:\/\/eterle.cz\/eshop\/wp-json\/wp\/v2\/product_cat?post=35887"},{"taxonomy":"product_tag","embeddable":true,"href":"https:\/\/eterle.cz\/eshop\/wp-json\/wp\/v2\/product_tag?post=35887"}],"curies":[{"name":"wp","href":"https:\/\/api.w.org\/{rel}","templated":true}]}}