{"id":35896,"date":"2026-04-01T13:45:43","date_gmt":"2026-04-01T11:45:43","guid":{"rendered":"https:\/\/eterle.cz\/eshop\/produkt\/retro-kreslo\/"},"modified":"2026-04-01T13:53:28","modified_gmt":"2026-04-01T11:53:28","slug":"retro-kreslo","status":"publish","type":"product","link":"https:\/\/eterle.cz\/eshop\/produkt\/retro-kreslo\/","title":{"rendered":"Retro k\u0159eslo"},"content":{"rendered":"<p>K\u0159eslo ze stejn\u00e9 s\u00e9rie jako rozkl\u00e1dac\u00ed pohovka NAB516 \u2013 typick\u00fd p\u0159edstavitel \u010deskoslovensk\u00e9ho designu 60. a 70. let, kde se prakti\u010dnost p\u0159irozen\u011b propojuje s estetikou.<br \/>\nP\u016fvodn\u00ed \u010daloun\u011bn\u00ed dod\u00e1v\u00e1 k\u0159eslu v\u00fdrazn\u00fd retro charakter, zat\u00edmco samotn\u00e1 silueta je p\u0159ekvapiv\u011b modern\u00ed a \u010dist\u00e1. Pr\u00e1v\u011b v tom spo\u010d\u00edv\u00e1 jeho kouzlo \u2013 v aktu\u00e1ln\u00edm stavu pot\u011b\u0161\u00ed milovn\u00edky autenticity, po p\u0159e\u010daloun\u011bn\u00ed se snadno prom\u011bn\u00ed v minimalistick\u00e9, sou\u010dasn\u00e9 k\u0159eslo, kter\u00e9 obstoj\u00ed i v modern\u00edm interi\u00e9ru.<br \/>\nJde o kus navr\u017een\u00fd s d\u016frazem na pohodl\u00ed i ka\u017edodenn\u00ed funk\u010dnost, co\u017e bylo pro tehdej\u0161\u00ed produkci typick\u00e9. K\u0159eslo nab\u00edz\u00edme samostatn\u011b, ide\u00e1ln\u011b ale dopln\u00ed p\u016fvodn\u00ed rozkl\u00e1dac\u00ed pohovku ze stejn\u00e9 s\u00e9rie.<\/p>\n<p>Stav: p\u016fvodn\u00ed, zachoval\u00fd, \u010daloun\u011bn\u00ed v po\u0159\u00e1dku<br \/>\nRozm\u011bry<br \/>\nV\u00fd\u0161ka: 75 cm<br \/>\n\u0160\u00ed\u0159ka: 70 cm<br \/>\nHloubka:  80 m<br \/>\nV\u00fd\u0161ka sed\u00e1ku: 39 cm<\/p>\n<p>&nbsp;<\/p>\n","protected":false},"excerpt":{"rendered":"<p>K\u0159eslo ze stejn\u00e9 s\u00e9rie jako rozkl\u00e1dac\u00ed pohovka NAB516 \u2013 typick\u00fd p\u0159edstavitel \u010deskoslovensk\u00e9ho designu 60. a 70. let, kde se prakti\u010dnost<\/p>\n","protected":false},"featured_media":35898,"template":"","meta":[],"product_brand":[],"product_cat":[95,130,122],"product_tag":[],"class_list":{"0":"post-35896","1":"product","2":"type-product","3":"status-publish","4":"has-post-thumbnail","6":"product_cat-novinky","7":"product_cat-nabytek","8":"product_cat-kresla-a-taburety","9":"product_shipping_class-nadrozmerne","11":"first","12":"instock","13":"purchasable","14":"product-type-simple"},"_links":{"self":[{"href":"https:\/\/eterle.cz\/eshop\/wp-json\/wp\/v2\/product\/35896","targetHints":{"allow":["GET"]}}],"collection":[{"href":"https:\/\/eterle.cz\/eshop\/wp-json\/wp\/v2\/product"}],"about":[{"href":"https:\/\/eterle.cz\/eshop\/wp-json\/wp\/v2\/types\/product"}],"version-history":[{"count":1,"href":"https:\/\/eterle.cz\/eshop\/wp-json\/wp\/v2\/product\/35896\/revisions"}],"predecessor-version":[{"id":35897,"href":"https:\/\/eterle.cz\/eshop\/wp-json\/wp\/v2\/product\/35896\/revisions\/35897"}],"wp:featuredmedia":[{"embeddable":true,"href":"https:\/\/eterle.cz\/eshop\/wp-json\/wp\/v2\/media\/35898"}],"wp:attachment":[{"href":"https:\/\/eterle.cz\/eshop\/wp-json\/wp\/v2\/media?parent=35896"}],"wp:term":[{"taxonomy":"product_brand","embeddable":true,"href":"https:\/\/eterle.cz\/eshop\/wp-json\/wp\/v2\/product_brand?post=35896"},{"taxonomy":"product_cat","embeddable":true,"href":"https:\/\/eterle.cz\/eshop\/wp-json\/wp\/v2\/product_cat?post=35896"},{"taxonomy":"product_tag","embeddable":true,"href":"https:\/\/eterle.cz\/eshop\/wp-json\/wp\/v2\/product_tag?post=35896"}],"curies":[{"name":"wp","href":"https:\/\/api.w.org\/{rel}","templated":true}]}}