{"id":35906,"date":"2026-04-01T13:46:04","date_gmt":"2026-04-01T11:46:04","guid":{"rendered":"https:\/\/eterle.cz\/eshop\/produkt\/stolek-s-intarzii\/"},"modified":"2026-04-01T13:53:28","modified_gmt":"2026-04-01T11:53:28","slug":"stolek-s-intarzii","status":"publish","type":"product","link":"https:\/\/eterle.cz\/eshop\/produkt\/stolek-s-intarzii\/","title":{"rendered":"Stolek s intarzi\u00ed"},"content":{"rendered":"<p>Men\u0161\u00ed stolek z masivn\u00edho d\u0159eva, kter\u00fd zaujme p\u0159edev\u0161\u00edm svou v\u00fdraznou deskou s intarzovan\u00fdm motivem hv\u011bzdy. Jemn\u00e1 pr\u00e1ce s kontrastn\u00edmi d\u00fdhami vytv\u00e1\u0159\u00ed ornament, jen\u017e p\u016fsob\u00ed t\u00e9m\u011b\u0159 jako drobn\u00fd \u0161perk zasazen\u00fd do jinak klidn\u00e9 plochy.<br \/>\nTvar stolku nese klasick\u00e9 prvky \u2013 soustru\u017een\u00e9 nohy, pevn\u00e1 konstrukce a propor\u010dn\u011b vyv\u00e1\u017een\u00e1 silueta odkazuj\u00ed na tradi\u010dn\u00ed \u0159emesln\u00e9 zpracov\u00e1n\u00ed, kter\u00e9 stoj\u00ed na preciznosti a detailu. Stylov\u011b lze kus za\u0159adit p\u0159ibli\u017en\u011b do prvn\u00ed poloviny 20. stolet\u00ed, s vlivy historizuj\u00edc\u00edch forem, kter\u00e9 byly v tomto obdob\u00ed st\u00e1le \u017eiv\u00e9.<br \/>\nStolek m\u016f\u017ee fungovat jako solit\u00e9r vedle k\u0159esla, no\u010dn\u00ed stolek nebo odkl\u00e1dac\u00ed stolek v hale \u2013 v\u017edy v\u0161ak p\u0159it\u00e1hne pozornost pr\u00e1v\u011b d\u00edky sv\u00e9 horn\u00ed desce.<\/p>\n<p>Stav: p\u016fvodn\u00ed, zachoval\u00fd<br \/>\nRozm\u011bry<br \/>\nV\u00fd\u0161ka: 53 cm<br \/>\n\u0160\u00ed\u0159ka: 38 cm<br \/>\nHloubka: 38 cm<\/p>\n<p>&nbsp;<\/p>\n","protected":false},"excerpt":{"rendered":"<p>Men\u0161\u00ed stolek z masivn\u00edho d\u0159eva, kter\u00fd zaujme p\u0159edev\u0161\u00edm svou v\u00fdraznou deskou s intarzovan\u00fdm motivem hv\u011bzdy. Jemn\u00e1 pr\u00e1ce s kontrastn\u00edmi d\u00fdhami<\/p>\n","protected":false},"featured_media":35908,"template":"","meta":[],"product_brand":[],"product_cat":[95,130,124],"product_tag":[],"class_list":{"0":"post-35906","1":"product","2":"type-product","3":"status-publish","4":"has-post-thumbnail","6":"product_cat-novinky","7":"product_cat-nabytek","8":"product_cat-stoly","9":"product_shipping_class-nadrozmerne","11":"first","12":"instock","13":"purchasable","14":"product-type-simple"},"_links":{"self":[{"href":"https:\/\/eterle.cz\/eshop\/wp-json\/wp\/v2\/product\/35906","targetHints":{"allow":["GET"]}}],"collection":[{"href":"https:\/\/eterle.cz\/eshop\/wp-json\/wp\/v2\/product"}],"about":[{"href":"https:\/\/eterle.cz\/eshop\/wp-json\/wp\/v2\/types\/product"}],"version-history":[{"count":1,"href":"https:\/\/eterle.cz\/eshop\/wp-json\/wp\/v2\/product\/35906\/revisions"}],"predecessor-version":[{"id":35907,"href":"https:\/\/eterle.cz\/eshop\/wp-json\/wp\/v2\/product\/35906\/revisions\/35907"}],"wp:featuredmedia":[{"embeddable":true,"href":"https:\/\/eterle.cz\/eshop\/wp-json\/wp\/v2\/media\/35908"}],"wp:attachment":[{"href":"https:\/\/eterle.cz\/eshop\/wp-json\/wp\/v2\/media?parent=35906"}],"wp:term":[{"taxonomy":"product_brand","embeddable":true,"href":"https:\/\/eterle.cz\/eshop\/wp-json\/wp\/v2\/product_brand?post=35906"},{"taxonomy":"product_cat","embeddable":true,"href":"https:\/\/eterle.cz\/eshop\/wp-json\/wp\/v2\/product_cat?post=35906"},{"taxonomy":"product_tag","embeddable":true,"href":"https:\/\/eterle.cz\/eshop\/wp-json\/wp\/v2\/product_tag?post=35906"}],"curies":[{"name":"wp","href":"https:\/\/api.w.org\/{rel}","templated":true}]}}